{"id":706272,"date":"2025-08-27T15:54:32","date_gmt":"2025-08-27T12:54:32","guid":{"rendered":"https:\/\/roveyayinevi.com.tr\/index.php\/urun\/suc-ve-ceza-6\/"},"modified":"2026-04-16T02:14:56","modified_gmt":"2026-04-15T23:14:56","slug":"suc-ve-ceza-6","status":"publish","type":"product","link":"https:\/\/roveyayinevi.com.tr\/index.php\/urun\/suc-ve-ceza-6\/","title":{"rendered":"Su\u00e7 ve Ceza"},"content":{"rendered":"<p>\u201cDostoyevski\u2019nin yaratt\u0131\u011f\u0131 su\u00e7lulara, \u00e7\u0131lg\u0131nlara\u2026 bamba\u015fka bir g\u00f6zle bakar\u0131z. Bu k\u00f6t\u00fc insanlar\u0131 sevdi\u011fimizi, i\u00e7imizde onlara yak\u0131n bir \u015feyler bulundu\u011funu anlamak, tekinsiz ve tuhaf bir etki b\u0131rak\u0131r.\u201d  Herman Hesse\u201cBenim bir \u015feyi \u00f6\u011frenmem, hem de ivedilikle \u00f6\u011frenmem gerekiyordu. Herkes gibi ben de bir bit miyim, yoksa bir insan m\u0131y\u0131m?\u201d Dostoyevski\u2019nin karanl\u0131k kahraman\u0131 Raskolnikov\u2019un sordu\u011fu bu sorudan do\u011fan Su\u00e7 ve Ceza,  insan ruhunun, hem k\u00f6\u015fe buca\u011f\u0131nda \u00f6r\u00fcmcekler gezinen dar bir odaya, hem de g\u00f6z alabildi\u011fine uzanan bir Sibirya ovas\u0131na d\u00f6n\u00fc\u015febilece\u011fini g\u00f6steriyor.Dostoyevski\u2019nin d\u00fcnyas\u0131na girmek i\u00e7in ideal bir ba\u015flang\u0131\u00e7 noktas\u0131 olan, Rus\u00e7a asl\u0131ndan \u00e7evirisiyle sundu\u011fumuz Su\u00e7 ve Ceza\u2019n\u0131n ortaya att\u0131\u011f\u0131 bilmece bug\u00fcn de bize e\u015flik etmekte:Kimdir her sabah b\u0131kk\u0131nl\u0131kla yata\u011f\u0131ndan kalkan, g\u00fcn boyu ate\u015fler ve sanr\u0131lar i\u00e7inde sokaklar\u0131 ad\u0131mlayan ve ak\u015famlar\u0131 tekrar b\u0131kk\u0131nl\u0131kla yata\u011f\u0131na d\u00f6nen? <\/p>\n","protected":false},"excerpt":{"rendered":"<p>\u201cDostoyevski\u2019nin yaratt\u0131\u011f\u0131 su\u00e7lulara, \u00e7\u0131lg\u0131nlara\u2026 bamba\u015fka bir g\u00f6zle bakar\u0131z. Bu k\u00f6t\u00fc insanlar\u0131 sevdi\u011fimizi, i\u00e7imizde onlara yak\u0131n bir \u015feyler bulundu\u011funu anlamak, tekinsiz ve tuhaf bir etki b\u0131rak\u0131r.\u201d Herman<span class=\"excerpt-hellip\"> [\u2026]<\/span><\/p>\n","protected":false},"featured_media":0,"template":"","meta":{"_monsterinsights_skip_tracking":false,"_monsterinsights_sitenote_active":false,"_monsterinsights_sitenote_note":"","_monsterinsights_sitenote_category":0},"product_brand":[],"product_cat":[12291,13570],"product_tag":[],"class_list":{"0":"post-706272","1":"product","2":"type-product","3":"status-publish","5":"product_cat-edebiyat","6":"product_cat-rus-edebiyati","7":"pa_cilt-ciltsiz","8":"pa_tur-kitap","9":"pa_yayinevi-ithaki-yayinlari","10":"pa_yazar-fyodor-mihaylovic-dostoyevski","12":"first","13":"instock","14":"sale","15":"shipping-taxable","16":"purchasable","17":"product-type-simple"},"_links":{"self":[{"href":"https:\/\/roveyayinevi.com.tr\/index.php\/wp-json\/wp\/v2\/product\/706272","targetHints":{"allow":["GET"]}}],"collection":[{"href":"https:\/\/roveyayinevi.com.tr\/index.php\/wp-json\/wp\/v2\/product"}],"about":[{"href":"https:\/\/roveyayinevi.com.tr\/index.php\/wp-json\/wp\/v2\/types\/product"}],"wp:attachment":[{"href":"https:\/\/roveyayinevi.com.tr\/index.php\/wp-json\/wp\/v2\/media?parent=706272"}],"wp:term":[{"taxonomy":"product_brand","embeddable":true,"href":"https:\/\/roveyayinevi.com.tr\/index.php\/wp-json\/wp\/v2\/product_brand?post=706272"},{"taxonomy":"product_cat","embeddable":true,"href":"https:\/\/roveyayinevi.com.tr\/index.php\/wp-json\/wp\/v2\/product_cat?post=706272"},{"taxonomy":"product_tag","embeddable":true,"href":"https:\/\/roveyayinevi.com.tr\/index.php\/wp-json\/wp\/v2\/product_tag?post=706272"}],"curies":[{"name":"wp","href":"https:\/\/api.w.org\/{rel}","templated":true}]}}