{"id":706271,"date":"2025-08-27T15:54:32","date_gmt":"2025-08-27T12:54:32","guid":{"rendered":"https:\/\/roveyayinevi.com.tr\/index.php\/urun\/muhtesem-gatsby-5\/"},"modified":"2026-04-16T02:14:56","modified_gmt":"2026-04-15T23:14:56","slug":"muhtesem-gatsby-5","status":"publish","type":"product","link":"https:\/\/roveyayinevi.com.tr\/index.php\/urun\/muhtesem-gatsby-5\/","title":{"rendered":"Muhte\u015fem Gatsby"},"content":{"rendered":"<p>\u201cBeni en \u00e7ok etkileyen kitab\u0131 se\u00e7mem gerekirse, hi\u00e7 d\u00fc\u015f\u00fcnmeden Muhte\u015fem Gatsby derim.\u201d Haruki MurakamiF. Scott Fitzgerald&#8217;\u0131n ba\u015fyap\u0131t\u0131 Muhte\u015fem Gatsby 20. y\u00fczy\u0131l\u0131n \u00f6nde gelen Amerikan romanlar\u0131ndan belki de en \u00f6nemlisi. \u201cB\u00fcy\u00fck Amerikan Roman\u0131\u201d tabirine Moby Dick ve Huckleberry Finn\u2019in Maceralar\u0131 ile birlikte en \u00e7ok yak\u0131\u015ft\u0131r\u0131lan eserlerden de biri.Fitzgerald\u2019\u0131n \u201cCaz \u00c7a\u011f\u0131\u201d olarak adland\u0131rd\u0131\u011f\u0131 d\u00f6nemi \u015fairane bir dille anlatan roman, Amerikan r\u00fcyas\u0131 kavram\u0131n\u0131 da derinlikli bir bi\u00e7imde ele al\u0131yor ve Amerikan edebiyat\u0131n\u0131n en \u00f6nemli karakterlerinden birini okurlara kazand\u0131r\u0131yor.Jay Gatsby, d\u0131\u015far\u0131dan g\u00f6r\u00fcnd\u00fc\u011f\u00fc kadar\u0131yla her \u015feye sahip adamd\u0131r. Ancak en \u00e7ok istedi\u011fi \u015fey uzanamayaca\u011f\u0131 bir yerde durmaktad\u0131r. Malik\u00e2nesinde verdi\u011fi \u015fatafatl\u0131 partilerin sonu gelmez ve \u015f\u00f6hretini a\u015fan bu e\u011flencelere herkes davetlidir. Yine de Gatsby, onca kalabal\u0131k aras\u0131nda yaln\u0131z kalmaya, bir bilinmez olmaya, izlemeye ve beklemeye devam eder.Bu gizemli ve sessiz g\u00f6r\u00fcnt\u00fcs\u00fcn\u00fcn alt\u0131ndaki tutku dolu s\u0131rlar ise yava\u015f yava\u015f ortaya \u00e7\u0131kar: be\u015f sene \u00f6nce ya\u015fanan tek bir \u00e2na olan saplant\u0131s\u0131, Daisy Buchanan\u2019a olan a\u015fk\u0131 ve elde etmek istedi\u011fine ula\u015fmak i\u00e7in kendini ba\u015ftan yaratmas\u0131\u2026Umut etmekten vazge\u00e7meyen Gatsby, okurlar\u0131 da kar\u015f\u0131 k\u0131y\u0131da yan\u0131p s\u00f6nen ye\u015fil \u0131\u015f\u0131\u011fa inanmaya davet ediyor\u2026Harold Bloom\u2019un sons\u00f6z\u00fcyle.<\/p>\n","protected":false},"excerpt":{"rendered":"<p>\u201cBeni en \u00e7ok etkileyen kitab\u0131 se\u00e7mem gerekirse, hi\u00e7 d\u00fc\u015f\u00fcnmeden Muhte\u015fem Gatsby derim.\u201d Haruki MurakamiF. Scott Fitzgerald&#8217;\u0131n ba\u015fyap\u0131t\u0131 Muhte\u015fem Gatsby 20. y\u00fczy\u0131l\u0131n \u00f6nde gelen Amerikan romanlar\u0131ndan belki<span class=\"excerpt-hellip\"> [\u2026]<\/span><\/p>\n","protected":false},"featured_media":0,"template":"","meta":{"_monsterinsights_skip_tracking":false,"_monsterinsights_sitenote_active":false,"_monsterinsights_sitenote_note":"","_monsterinsights_sitenote_category":0},"product_brand":[],"product_cat":[12891,12291],"product_tag":[],"class_list":{"0":"post-706271","1":"product","2":"type-product","3":"status-publish","5":"product_cat-amerikan-edebiyati","6":"product_cat-edebiyat","7":"pa_cilt-ciltsiz","8":"pa_tur-kitap","9":"pa_yayinevi-ithaki-yayinlari","10":"pa_yazar-f-scott-fitzgerald","12":"first","13":"instock","14":"sale","15":"shipping-taxable","16":"purchasable","17":"product-type-simple"},"_links":{"self":[{"href":"https:\/\/roveyayinevi.com.tr\/index.php\/wp-json\/wp\/v2\/product\/706271","targetHints":{"allow":["GET"]}}],"collection":[{"href":"https:\/\/roveyayinevi.com.tr\/index.php\/wp-json\/wp\/v2\/product"}],"about":[{"href":"https:\/\/roveyayinevi.com.tr\/index.php\/wp-json\/wp\/v2\/types\/product"}],"wp:attachment":[{"href":"https:\/\/roveyayinevi.com.tr\/index.php\/wp-json\/wp\/v2\/media?parent=706271"}],"wp:term":[{"taxonomy":"product_brand","embeddable":true,"href":"https:\/\/roveyayinevi.com.tr\/index.php\/wp-json\/wp\/v2\/product_brand?post=706271"},{"taxonomy":"product_cat","embeddable":true,"href":"https:\/\/roveyayinevi.com.tr\/index.php\/wp-json\/wp\/v2\/product_cat?post=706271"},{"taxonomy":"product_tag","embeddable":true,"href":"https:\/\/roveyayinevi.com.tr\/index.php\/wp-json\/wp\/v2\/product_tag?post=706271"}],"curies":[{"name":"wp","href":"https:\/\/api.w.org\/{rel}","templated":true}]}}