{"id":706270,"date":"2025-08-27T15:54:31","date_gmt":"2025-08-27T12:54:31","guid":{"rendered":"https:\/\/roveyayinevi.com.tr\/index.php\/urun\/ugultulu-tepeler-4\/"},"modified":"2026-04-16T02:14:56","modified_gmt":"2026-04-15T23:14:56","slug":"ugultulu-tepeler-4","status":"publish","type":"product","link":"https:\/\/roveyayinevi.com.tr\/index.php\/urun\/ugultulu-tepeler-4\/","title":{"rendered":"U\u011fultulu Tepeler"},"content":{"rendered":"<p>\u201cU\u011fultulu Tepeler t\u00fcm bir t\u00fcr\u00fc k\u00f6kten etkiledi.\u201dUrsula K. Le GuinTarihin en \u00f6nemli kad\u0131n yazarlar\u0131ndan Emily Bronte\u2019nin ard\u0131nda b\u0131rakt\u0131\u011f\u0131 \u2013ne yaz\u0131k ki\u2013 tek roman olan U\u011fultulu Tepeler, edebiyat\u0131n ve roman gelene\u011finin zirve noktalar\u0131ndan.Kasvetli York k\u0131rlar\u0131ndaki Thrushcross Grange\u2019in yeni kirac\u0131s\u0131 Lockwood\u2019un, bir gece ev sahibinin U\u011fultulu Tepeler\u2019deki evine s\u0131\u011f\u0131nmak zorunda kalmas\u0131yla ba\u015fl\u0131yor hik\u00e2ye. Gecenin sakinle\u015fmesi beklenirken, ge\u00e7mi\u015fin r\u00fczg\u00e2rlar\u0131 ve f\u0131rt\u0131nalar\u0131 da k\u00f6\u015fk\u00fcn i\u00e7inden y\u00fckseliyor.\u0130ngiliz edebiyat\u0131n\u0131n en ger\u00e7ek\u00e7i erkek karakterlerinden Heathcliff ve en sevilen kad\u0131n kahramanlar\u0131ndan Catherine Earnshaw aras\u0131ndaki gerilimli tutku ve nihayetinde ger\u00e7ekle\u015fen ihanetin y\u0131llar \u00f6ncesinden gelen an\u0131lar\u0131 kendilerini hat\u0131rlatt\u0131k\u00e7a, Bronte\u2019nin f\u0131s\u0131lt\u0131lar\u0131 da kula\u011f\u0131m\u0131zda u\u011fulduyor.Heathcliff\u2019in aksili\u011fi ve intikam tutkusu bir <\/p>\n","protected":false},"excerpt":{"rendered":"<p>\u201cU\u011fultulu Tepeler t\u00fcm bir t\u00fcr\u00fc k\u00f6kten etkiledi.\u201dUrsula K. Le GuinTarihin en \u00f6nemli kad\u0131n yazarlar\u0131ndan Emily Bronte\u2019nin ard\u0131nda b\u0131rakt\u0131\u011f\u0131 \u2013ne yaz\u0131k ki\u2013 tek roman olan U\u011fultulu Tepeler,<span class=\"excerpt-hellip\"> [\u2026]<\/span><\/p>\n","protected":false},"featured_media":0,"template":"","meta":{"_monsterinsights_skip_tracking":false,"_monsterinsights_sitenote_active":false,"_monsterinsights_sitenote_note":"","_monsterinsights_sitenote_category":0},"product_brand":[],"product_cat":[12291,12866],"product_tag":[],"class_list":{"0":"post-706270","1":"product","2":"type-product","3":"status-publish","5":"product_cat-edebiyat","6":"product_cat-ingiliz-edebiyati","7":"pa_cilt-ciltsiz","8":"pa_tur-kitap","9":"pa_yayinevi-ithaki-yayinlari","10":"pa_yazar-emily-bronte","12":"first","13":"instock","14":"sale","15":"shipping-taxable","16":"purchasable","17":"product-type-simple"},"_links":{"self":[{"href":"https:\/\/roveyayinevi.com.tr\/index.php\/wp-json\/wp\/v2\/product\/706270","targetHints":{"allow":["GET"]}}],"collection":[{"href":"https:\/\/roveyayinevi.com.tr\/index.php\/wp-json\/wp\/v2\/product"}],"about":[{"href":"https:\/\/roveyayinevi.com.tr\/index.php\/wp-json\/wp\/v2\/types\/product"}],"wp:attachment":[{"href":"https:\/\/roveyayinevi.com.tr\/index.php\/wp-json\/wp\/v2\/media?parent=706270"}],"wp:term":[{"taxonomy":"product_brand","embeddable":true,"href":"https:\/\/roveyayinevi.com.tr\/index.php\/wp-json\/wp\/v2\/product_brand?post=706270"},{"taxonomy":"product_cat","embeddable":true,"href":"https:\/\/roveyayinevi.com.tr\/index.php\/wp-json\/wp\/v2\/product_cat?post=706270"},{"taxonomy":"product_tag","embeddable":true,"href":"https:\/\/roveyayinevi.com.tr\/index.php\/wp-json\/wp\/v2\/product_tag?post=706270"}],"curies":[{"name":"wp","href":"https:\/\/api.w.org\/{rel}","templated":true}]}}