{"id":706269,"date":"2025-08-27T15:54:31","date_gmt":"2025-08-27T12:54:31","guid":{"rendered":"https:\/\/roveyayinevi.com.tr\/index.php\/urun\/iki-sehrin-hikayesi-5\/"},"modified":"2026-04-16T02:14:56","modified_gmt":"2026-04-15T23:14:56","slug":"iki-sehrin-hikayesi-5","status":"publish","type":"product","link":"https:\/\/roveyayinevi.com.tr\/index.php\/urun\/iki-sehrin-hikayesi-5\/","title":{"rendered":"\u0130ki \u015eehrin Hikayesi"},"content":{"rendered":"<p>\u0130ki \u015eehrin Hikayesi, edebiyat d\u00fcnyas\u0131n\u0131n en kuvvetli yap\u0131tlar\u0131ndan biridir ve d\u00fcnya tarihinin en \u00f6nemli olaylar\u0131ndan birinin Frans\u0131z Devrimi&#8217;nin g\u00f6lgesinde meydana gelen trajik bir portredir. Doymak bilmez bir canavar olan giyotinin k\u0131z\u0131la \u00e7ald\u0131\u011f\u0131 topraklardaki var olma m\u00fccadelesinin hik\u00e2yesi, yaln\u0131zca ge\u00e7mi\u015fin de\u011fil \u015fu an\u0131n ve gelece\u011fin de izlerini ta\u015f\u0131r.Charles Dickens&#8217;\u0131n en \u00f6nemli yap\u0131t\u0131 say\u0131lan eser, devrimi ve zalimli\u011fi, yoksullu\u011fu ve a\u015fk\u0131 m\u00fckemmel bir bi\u00e7imde ele al\u0131yor.&#8221;\u0130ki \u015eehrin Hikayesi, d\u00fc\u015fk\u00fcn\u00fc oldu\u011fum, tarihin en g\u00fc\u00e7l\u00fc hik\u00e2yelerinden biri.&#8221;Terry Gilliam\u201cCharles Dickens\u2019\u0131n kalemi \u015fimdiye kadar g\u00f6rd\u00fc\u011f\u00fcm en canl\u0131 \u00fcsluba sahiptir.\u201dEdgar Allen Poe <\/p>\n","protected":false},"excerpt":{"rendered":"<p>\u0130ki \u015eehrin Hikayesi, edebiyat d\u00fcnyas\u0131n\u0131n en kuvvetli yap\u0131tlar\u0131ndan biridir ve d\u00fcnya tarihinin en \u00f6nemli olaylar\u0131ndan birinin Frans\u0131z Devrimi&#8217;nin g\u00f6lgesinde meydana gelen trajik bir portredir. Doymak bilmez<span class=\"excerpt-hellip\"> [\u2026]<\/span><\/p>\n","protected":false},"featured_media":0,"template":"","meta":{"_monsterinsights_skip_tracking":false,"_monsterinsights_sitenote_active":false,"_monsterinsights_sitenote_note":"","_monsterinsights_sitenote_category":0},"product_brand":[],"product_cat":[12291,12711],"product_tag":[],"class_list":{"0":"post-706269","1":"product","2":"type-product","3":"status-publish","5":"product_cat-edebiyat","6":"product_cat-roman-oyku","7":"pa_cilt-ciltsiz","8":"pa_tur-kitap","9":"pa_yayinevi-ithaki-yayinlari","10":"pa_yazar-charles-dickens","12":"first","13":"instock","14":"sale","15":"shipping-taxable","16":"purchasable","17":"product-type-simple"},"_links":{"self":[{"href":"https:\/\/roveyayinevi.com.tr\/index.php\/wp-json\/wp\/v2\/product\/706269","targetHints":{"allow":["GET"]}}],"collection":[{"href":"https:\/\/roveyayinevi.com.tr\/index.php\/wp-json\/wp\/v2\/product"}],"about":[{"href":"https:\/\/roveyayinevi.com.tr\/index.php\/wp-json\/wp\/v2\/types\/product"}],"wp:attachment":[{"href":"https:\/\/roveyayinevi.com.tr\/index.php\/wp-json\/wp\/v2\/media?parent=706269"}],"wp:term":[{"taxonomy":"product_brand","embeddable":true,"href":"https:\/\/roveyayinevi.com.tr\/index.php\/wp-json\/wp\/v2\/product_brand?post=706269"},{"taxonomy":"product_cat","embeddable":true,"href":"https:\/\/roveyayinevi.com.tr\/index.php\/wp-json\/wp\/v2\/product_cat?post=706269"},{"taxonomy":"product_tag","embeddable":true,"href":"https:\/\/roveyayinevi.com.tr\/index.php\/wp-json\/wp\/v2\/product_tag?post=706269"}],"curies":[{"name":"wp","href":"https:\/\/api.w.org\/{rel}","templated":true}]}}