{"id":706265,"date":"2025-08-27T15:54:29","date_gmt":"2025-08-27T12:54:29","guid":{"rendered":"https:\/\/roveyayinevi.com.tr\/index.php\/urun\/ben-robot\/"},"modified":"2026-04-16T02:14:56","modified_gmt":"2026-04-15T23:14:56","slug":"ben-robot","status":"publish","type":"product","link":"https:\/\/roveyayinevi.com.tr\/index.php\/urun\/ben-robot\/","title":{"rendered":"Ben Robot"},"content":{"rendered":"<p>\u00dcnl\u00fc bilimkurgu yazar\u0131 Isaac Asimov\u2019un bilimkurguya en b\u00fcy\u00fck katk\u0131s\u0131 \u00dc\u00e7 Robot Kanunu\u2019dur. \u00dc\u00e7 Robot Kanunu\u2019na g\u00f6re;1. Robotlar, insanlara zarar veremez ya da eylemsiz kalarak onlara zarar gelmesine g\u00f6z yumamaz.2. Robotlar, Birinci Kanun\u2019la \u00e7ak\u0131\u015fmad\u0131\u011f\u0131 s\u00fcrece insanlar taraf\u0131ndan verilen emirlere itaat etmek zorundad\u0131r.3. Robotlar, Birinci ya da \u0130kinci Kanun\u2019la \u00e7ak\u0131\u015fmad\u0131\u011f\u0131 s\u00fcrece kendi varl\u0131klar\u0131n\u0131 korumak zorundad\u0131r.Ben, Robot\u2019ta, Isaac Asimov en \u00fcnl\u00fc 9 robot \u00f6yk\u00fcs\u00fcn\u00fc toplam\u0131\u015ft\u0131r. Bu \u00f6yk\u00fcler, gelecek nesillerin robot \u00f6yk\u00fcleri i\u00e7in bir yol g\u00f6sterici olmu\u015f, bilimkurguda robotun ciddiye al\u0131nmas\u0131n\u0131 sa\u011flam\u0131\u015ft\u0131r. Asimov, bu \u00f6yk\u00fclerle konu\u015fma yetisi olmayan robotlardan insanl\u0131\u011f\u0131n iyili\u011fini g\u00f6zeten makinelere kadar, robot tarihinin izini s\u00fcr\u00fcyor.Ben, Robot 25 sene sonra yeni edisyonuyla, \u0130thaki Bilimkurgu Klasikleri dizisinin bir par\u00e7as\u0131 olarak geri d\u00f6n\u00fcyor. <\/p>\n","protected":false},"excerpt":{"rendered":"<p>\u00dcnl\u00fc bilimkurgu yazar\u0131 Isaac Asimov\u2019un bilimkurguya en b\u00fcy\u00fck katk\u0131s\u0131 \u00dc\u00e7 Robot Kanunu\u2019dur. \u00dc\u00e7 Robot Kanunu\u2019na g\u00f6re;1. Robotlar, insanlara zarar veremez ya da eylemsiz kalarak onlara zarar<span class=\"excerpt-hellip\"> [\u2026]<\/span><\/p>\n","protected":false},"featured_media":0,"template":"","meta":{"_monsterinsights_skip_tracking":false,"_monsterinsights_sitenote_active":false,"_monsterinsights_sitenote_note":"","_monsterinsights_sitenote_category":0},"product_brand":[],"product_cat":[12291,14777],"product_tag":[],"class_list":{"0":"post-706265","1":"product","2":"type-product","3":"status-publish","5":"product_cat-edebiyat","6":"product_cat-fantastik","7":"pa_cilt-ciltsiz","8":"pa_tur-kitap","9":"pa_yayinevi-ithaki-yayinlari","10":"pa_yazar-isaac-asimov","12":"first","13":"instock","14":"sale","15":"shipping-taxable","16":"purchasable","17":"product-type-simple"},"_links":{"self":[{"href":"https:\/\/roveyayinevi.com.tr\/index.php\/wp-json\/wp\/v2\/product\/706265","targetHints":{"allow":["GET"]}}],"collection":[{"href":"https:\/\/roveyayinevi.com.tr\/index.php\/wp-json\/wp\/v2\/product"}],"about":[{"href":"https:\/\/roveyayinevi.com.tr\/index.php\/wp-json\/wp\/v2\/types\/product"}],"wp:attachment":[{"href":"https:\/\/roveyayinevi.com.tr\/index.php\/wp-json\/wp\/v2\/media?parent=706265"}],"wp:term":[{"taxonomy":"product_brand","embeddable":true,"href":"https:\/\/roveyayinevi.com.tr\/index.php\/wp-json\/wp\/v2\/product_brand?post=706265"},{"taxonomy":"product_cat","embeddable":true,"href":"https:\/\/roveyayinevi.com.tr\/index.php\/wp-json\/wp\/v2\/product_cat?post=706265"},{"taxonomy":"product_tag","embeddable":true,"href":"https:\/\/roveyayinevi.com.tr\/index.php\/wp-json\/wp\/v2\/product_tag?post=706265"}],"curies":[{"name":"wp","href":"https:\/\/api.w.org\/{rel}","templated":true}]}}