{"id":706264,"date":"2025-08-27T15:54:29","date_gmt":"2025-08-27T12:54:29","guid":{"rendered":"https:\/\/roveyayinevi.com.tr\/index.php\/urun\/dune-cocuklari\/"},"modified":"2026-04-12T02:17:55","modified_gmt":"2026-04-11T23:17:55","slug":"dune-cocuklari","status":"publish","type":"product","link":"https:\/\/roveyayinevi.com.tr\/index.php\/urun\/dune-cocuklari\/","title":{"rendered":"Dune \u00c7ocuklar\u0131"},"content":{"rendered":"<p>\u201cT\u0131pk\u0131 Hayat\u0131 Gibi, Her Gezegenin de Bir Ba\u015flang\u0131c\u0131 ve Biti\u015fi Vard\u0131r.\u201dFrank Herbert, deneylerden \u00e7ok deneysel yakla\u015f\u0131mlar\u0131n had safhaya ula\u015ft\u0131\u011f\u0131, t\u00fcr i\u00e7erisindeki \u201ciyi edebiyat iyi edebiyatt\u0131r\u201dc\u0131lar\u0131 bir araya getiren yeni dalga bilimkurgu ak\u0131m\u0131n\u0131n en \u00f6nemli temsilcilerinden. T\u00fcr\u00fcn t\u00fcm olanaklar\u0131n\u0131, suyunu \u00e7\u0131karana kadar kulland\u0131\u011f\u0131 Dune serisinin \u00fc\u00e7\u00fcnc\u00fc kitab\u0131 Dune \u00c7ocuklar\u0131, din ve g\u00fc\u00e7 aras\u0131ndaki ince \u00e7izginin alt\u0131n\u0131 \u00e7izen say\u0131l\u0131 romanlardan.Paul\u2019\u00fcn \u00e7\u00f6le gidi\u015finin \u00fczerinden dokuz sene ge\u00e7mi\u015f, \u00e7\u00f6l gezegeni art\u0131k ye\u015fillenmeye ba\u015flam\u0131\u015ft\u0131. Baharat \u00fcretimi de giderek art\u0131yordu. Bu de\u011fi\u015fimlerle beraber \u00e7\u00f6l terk ediliyor, k\u00f6k salm\u0131\u015f \u00e2detlerden sap\u0131l\u0131yordu.Baharat\u0131n sa\u011flad\u0131\u011f\u0131 gelece\u011fi g\u00f6rme g\u00fcc\u00fcnden yoksun kalan Alia, \u0130mparatorluk\u2019u kaybetmemek ad\u0131na elinden geleni yaparken, kar\u015f\u0131s\u0131nda ge\u00e7mi\u015finden hesaba katmad\u0131\u011f\u0131 rakipler bulacakt\u0131. \u00c7\u00f6l\u00fcn derinliklerinden \u00e7\u0131kagelen Vaiz, Paul\u2019\u00fcn dinine kar\u015f\u0131 vaazlar veriyordu. Unutulmayan kan davalar\u0131 tekrar g\u00fcn y\u00fcz\u00fcne \u00e7\u0131kacakt\u0131.Paul\u2019\u00fcn ikizleri, II. Leto ve Ganimet ise \u0130mparatorluk\u2019un yeni mehdileri olarak yeti\u015ftirilmekteydi. Fakat onlar\u0131n da kendi planlar\u0131 vard\u0131.Dune \u00c7ocuklar\u0131, efsanesiyle uzla\u015famayan bir gezegenin y\u00f6r\u00fcngede kalma m\u00fccadelesi. <\/p>\n","protected":false},"excerpt":{"rendered":"<p>\u201cT\u0131pk\u0131 Hayat\u0131 Gibi, Her Gezegenin de Bir Ba\u015flang\u0131c\u0131 ve Biti\u015fi Vard\u0131r.\u201dFrank Herbert, deneylerden \u00e7ok deneysel yakla\u015f\u0131mlar\u0131n had safhaya ula\u015ft\u0131\u011f\u0131, t\u00fcr i\u00e7erisindeki \u201ciyi edebiyat iyi edebiyatt\u0131r\u201dc\u0131lar\u0131 bir<span class=\"excerpt-hellip\"> [\u2026]<\/span><\/p>\n","protected":false},"featured_media":0,"template":"","meta":{"_monsterinsights_skip_tracking":false,"_monsterinsights_sitenote_active":false,"_monsterinsights_sitenote_note":"","_monsterinsights_sitenote_category":0},"product_brand":[],"product_cat":[12291,12711],"product_tag":[],"class_list":{"0":"post-706264","1":"product","2":"type-product","3":"status-publish","5":"product_cat-edebiyat","6":"product_cat-roman-oyku","7":"pa_cilt-ciltsiz","8":"pa_tur-kitap","9":"pa_yayinevi-ithaki-yayinlari","10":"pa_yazar-frank-herbert","12":"first","13":"instock","14":"sale","15":"shipping-taxable","16":"purchasable","17":"product-type-simple"},"_links":{"self":[{"href":"https:\/\/roveyayinevi.com.tr\/index.php\/wp-json\/wp\/v2\/product\/706264","targetHints":{"allow":["GET"]}}],"collection":[{"href":"https:\/\/roveyayinevi.com.tr\/index.php\/wp-json\/wp\/v2\/product"}],"about":[{"href":"https:\/\/roveyayinevi.com.tr\/index.php\/wp-json\/wp\/v2\/types\/product"}],"wp:attachment":[{"href":"https:\/\/roveyayinevi.com.tr\/index.php\/wp-json\/wp\/v2\/media?parent=706264"}],"wp:term":[{"taxonomy":"product_brand","embeddable":true,"href":"https:\/\/roveyayinevi.com.tr\/index.php\/wp-json\/wp\/v2\/product_brand?post=706264"},{"taxonomy":"product_cat","embeddable":true,"href":"https:\/\/roveyayinevi.com.tr\/index.php\/wp-json\/wp\/v2\/product_cat?post=706264"},{"taxonomy":"product_tag","embeddable":true,"href":"https:\/\/roveyayinevi.com.tr\/index.php\/wp-json\/wp\/v2\/product_tag?post=706264"}],"curies":[{"name":"wp","href":"https:\/\/api.w.org\/{rel}","templated":true}]}}