{"id":706262,"date":"2025-08-27T15:54:28","date_gmt":"2025-08-27T12:54:28","guid":{"rendered":"https:\/\/roveyayinevi.com.tr\/index.php\/urun\/2001-bir-uzay-destani\/"},"modified":"2026-04-13T02:19:04","modified_gmt":"2026-04-12T23:19:04","slug":"2001-bir-uzay-destani","status":"publish","type":"product","link":"https:\/\/roveyayinevi.com.tr\/index.php\/urun\/2001-bir-uzay-destani\/","title":{"rendered":"2001: Bir Uzay Destan\u0131"},"content":{"rendered":"<p>\u201cAman Tanr\u0131m, y\u0131ld\u0131zlarla dolu!\u201d 2001: Bir Uzay Destan\u0131, Bilimkurgu Klasikleri dizisinin bir par\u00e7as\u0131 olarak yeniden \u0130thaki Yay\u0131nlar\u0131\u2019nda! Gizemli bir monolit, Ay\u2019\u0131n y\u00fczeyinde g\u00f6m\u00fcl\u00fc halde bulundu\u011funda, bilim insanlar\u0131 b\u00fcy\u00fck bir \u015fa\u015fk\u0131nl\u0131kla bu monolitin en az\u0131ndan 3 milyon y\u0131ll\u0131k oldu\u011funu ke\u015ffederler. Daha da hayret verici olan, ortaya \u00e7\u0131kar\u0131ld\u0131ktan sonra monolitin Sat\u00fcrn\u2019e do\u011fru g\u00fc\u00e7l\u00fc bir sinyal g\u00f6ndermesidir. Bu sinyalin kayna\u011f\u0131n\u0131 \u00f6\u011frenmek i\u00e7in Discovery yola \u00e7\u0131kar. Discovery\u2019nin tayfas\u0131 en iyinin iyisidir ve yanlar\u0131nda, onlara destek olmas\u0131 i\u00e7in bilin\u00e7 sahibi s\u00fcper bilgisayar HAL 9000 de vard\u0131r. Fakat HAL\u2019\u0131n programlamas\u0131 insan zihnine biraz fazla benzemekte ve Discovery\u2019nin her bir par\u00e7as\u0131n\u0131n kontrol\u00fcn\u00fc elinde bulundurmaktad\u0131r. Monolitin pe\u015finden gitmek istiyorlarsa, bu psikotik bilgisayarla ba\u015fa \u00e7\u0131kmak zorundad\u0131rlar. Arthur C. Clarke\u2019\u0131n Stanley Kubrick ile beraber geli\u015ftirdi\u011fi, filmle ayn\u0131 zamanda yaz\u0131lan bu klasik roman, uzay ke\u015ffiyle insan evrimini, yapay zekayla insan\u0131n evrendeki yerinin sorgulamas\u0131n\u0131 bir araya getirdi\u011fi kurgusuyla, bilimkurgu yaz\u0131n\u0131nda bir d\u00f6n\u00fcm noktas\u0131 niteli\u011fi ta\u015f\u0131yor. Kitab\u0131n yaz\u0131l\u0131\u015f s\u00fcreci \u00fczerine notlar ile\u2026 Kitaba ilham olan G\u00f6zc\u00fc ve \u015eafakta Kar\u015f\u0131la\u015fma \u00f6yk\u00fcleri ile\u2026 Arthur C. Clarke ve Stanley Kubrick\u2019in \u00f6ns\u00f6z\u00fcyle\u2026 \ufffc<\/p>\n","protected":false},"excerpt":{"rendered":"<p>\u201cAman Tanr\u0131m, y\u0131ld\u0131zlarla dolu!\u201d 2001: Bir Uzay Destan\u0131, Bilimkurgu Klasikleri dizisinin bir par\u00e7as\u0131 olarak yeniden \u0130thaki Yay\u0131nlar\u0131\u2019nda! Gizemli bir monolit, Ay\u2019\u0131n y\u00fczeyinde g\u00f6m\u00fcl\u00fc halde bulundu\u011funda, bilim<span class=\"excerpt-hellip\"> [\u2026]<\/span><\/p>\n","protected":false},"featured_media":0,"template":"","meta":{"_monsterinsights_skip_tracking":false,"_monsterinsights_sitenote_active":false,"_monsterinsights_sitenote_note":"","_monsterinsights_sitenote_category":0},"product_brand":[],"product_cat":[12540,12291],"product_tag":[],"class_list":{"0":"post-706262","1":"product","2":"type-product","3":"status-publish","5":"product_cat-bilim-kurgu","6":"product_cat-edebiyat","7":"pa_cilt-ciltsiz","8":"pa_tur-kitap","9":"pa_yayinevi-ithaki-yayinlari","10":"pa_yazar-arthur-c-clarke","12":"first","13":"instock","14":"sale","15":"shipping-taxable","16":"purchasable","17":"product-type-simple"},"_links":{"self":[{"href":"https:\/\/roveyayinevi.com.tr\/index.php\/wp-json\/wp\/v2\/product\/706262","targetHints":{"allow":["GET"]}}],"collection":[{"href":"https:\/\/roveyayinevi.com.tr\/index.php\/wp-json\/wp\/v2\/product"}],"about":[{"href":"https:\/\/roveyayinevi.com.tr\/index.php\/wp-json\/wp\/v2\/types\/product"}],"wp:attachment":[{"href":"https:\/\/roveyayinevi.com.tr\/index.php\/wp-json\/wp\/v2\/media?parent=706262"}],"wp:term":[{"taxonomy":"product_brand","embeddable":true,"href":"https:\/\/roveyayinevi.com.tr\/index.php\/wp-json\/wp\/v2\/product_brand?post=706262"},{"taxonomy":"product_cat","embeddable":true,"href":"https:\/\/roveyayinevi.com.tr\/index.php\/wp-json\/wp\/v2\/product_cat?post=706262"},{"taxonomy":"product_tag","embeddable":true,"href":"https:\/\/roveyayinevi.com.tr\/index.php\/wp-json\/wp\/v2\/product_tag?post=706262"}],"curies":[{"name":"wp","href":"https:\/\/api.w.org\/{rel}","templated":true}]}}