{"id":706261,"date":"2025-08-27T15:54:27","date_gmt":"2025-08-27T12:54:27","guid":{"rendered":"https:\/\/roveyayinevi.com.tr\/index.php\/urun\/pazartesi-cumartesiden-baslar\/"},"modified":"2026-04-16T02:14:56","modified_gmt":"2026-04-15T23:14:56","slug":"pazartesi-cumartesiden-baslar","status":"publish","type":"product","link":"https:\/\/roveyayinevi.com.tr\/index.php\/urun\/pazartesi-cumartesiden-baslar\/","title":{"rendered":"Pazartesi Cumartesiden Ba\u015flar"},"content":{"rendered":"<p>\u201cStrugatski Karde\u015fler, varsay\u0131lan \u00f6nermelerden mant\u0131kl\u0131 \u00e7\u0131kar\u0131mlar yaparak fantastik gelene\u011fin realistleri olduklar\u0131n\u0131 g\u00f6steriyorlar.\u201d\u2013 Stanis\u0142aw Lem\u201cStrugatski Karde\u015fler beni en az Orwell, Huxley ve Dick kadar etkiledi.\u201d\u2013 Jonathan Lethem\u201c\u0130nsan, istedi\u011fini elde edebiliyor ve elde edebildi\u011fini istiyorsa, o zaman mutludur.\u201dArkadi ve Boris Strugatski, entelekt\u00fcel a\u00e7\u0131dan k\u0131\u015fk\u0131rt\u0131c\u0131, inan\u0131lmaz e\u011flenceli, cesur ve ele\u015ftirel kitaplar\u0131yla &#8220;Sovyetler d\u00f6neminin en b\u00fcy\u00fck bilimkurgu yazarlar\u0131&#8221; s\u0131fat\u0131n\u0131 hak eden yeg\u00e2ne ikili. Pazartesi Cumartesiden Ba\u015flar ise b\u00fcy\u00fcn\u00fcn ve bilimin muazzam kar\u0131\u015f\u0131m\u0131yla, Strugatski Karde\u015fler\u2019in k\u00fclliyat\u0131 i\u00e7erisinde bile benzeri bulunmayan bir eser.Her \u015fey bilgisayar m\u00fchendisi Sa\u015fa Privalov\u2019un iki otostop\u00e7uyu arabas\u0131na almas\u0131yla ba\u015flar. Bu iki otostop\u00e7u imk\u00e2ns\u0131z\u0131n s\u0131radanla\u015ft\u0131\u011f\u0131, sonsuzlu\u011fun sadece bir pazartesi g\u00fcn\u00fcnden ibaret oldu\u011fu, mitolojik karakterlerin koridorlar\u0131nda cirit att\u0131\u011f\u0131 YOKH\u0130\u00c7 Enstit\u00fcs\u00fc\u2019nde \u00e7al\u0131\u015fmaktad\u0131r. Privalov da b\u00fcy\u00fc ara\u015ft\u0131rmalar\u0131n\u0131n ciddi bir i\u015f oldu\u011fu bu tuhaf d\u00fcnyan\u0131n ister istemez i\u00e7ine \u00e7ekilir.Strugatskiler\u2019in bilim \u00fczerine kurgulad\u0131klar\u0131 b\u00fcy\u00fc akademisi, J. K. Rowling\u2019in Hogwarts\u2019\u0131na, Patrick Rothfuss\u2019un \u00dcniversitesi\u2019ne y\u0131llara \u00f6ncesinden gelen bir esin. Strugatskiler\u2019in isterlerse Kafka olabileceklerini ama b\u00fcy\u00fck bir mutlulukla kendi yollar\u0131n\u0131 \u00e7izdi\u011fini g\u00f6steren bu kitap, yaz\u0131lm\u0131\u015f en benzersiz satirlerden de biri.Bilim, b\u00fcy\u00fc ve sosyalizmin bir araya geldi\u011fi bir d\u00fcnyada, kaos ne kadar uzakta olabilir ki?Pazartesi Cumartesiden Ba\u015flar, b\u00fcy\u00fcn\u00fcn \u00e7arp\u0131m tablosu. <\/p>\n","protected":false},"excerpt":{"rendered":"<p>\u201cStrugatski Karde\u015fler, varsay\u0131lan \u00f6nermelerden mant\u0131kl\u0131 \u00e7\u0131kar\u0131mlar yaparak fantastik gelene\u011fin realistleri olduklar\u0131n\u0131 g\u00f6steriyorlar.\u201d\u2013 Stanis\u0142aw Lem\u201cStrugatski Karde\u015fler beni en az Orwell, Huxley ve Dick kadar etkiledi.\u201d\u2013 Jonathan Lethem\u201c\u0130nsan,<span class=\"excerpt-hellip\"> [\u2026]<\/span><\/p>\n","protected":false},"featured_media":0,"template":"","meta":{"_monsterinsights_skip_tracking":false,"_monsterinsights_sitenote_active":false,"_monsterinsights_sitenote_note":"","_monsterinsights_sitenote_category":0},"product_brand":[],"product_cat":[12540,12291],"product_tag":[],"class_list":{"0":"post-706261","1":"product","2":"type-product","3":"status-publish","5":"product_cat-bilim-kurgu","6":"product_cat-edebiyat","7":"pa_cilt-ciltsiz","8":"pa_tur-kitap","9":"pa_yayinevi-ithaki-yayinlari","10":"pa_yazar-arkadi-strugatski","11":"pa_yazar-boris-strugatski","13":"first","14":"instock","15":"sale","16":"shipping-taxable","17":"purchasable","18":"product-type-simple"},"_links":{"self":[{"href":"https:\/\/roveyayinevi.com.tr\/index.php\/wp-json\/wp\/v2\/product\/706261","targetHints":{"allow":["GET"]}}],"collection":[{"href":"https:\/\/roveyayinevi.com.tr\/index.php\/wp-json\/wp\/v2\/product"}],"about":[{"href":"https:\/\/roveyayinevi.com.tr\/index.php\/wp-json\/wp\/v2\/types\/product"}],"wp:attachment":[{"href":"https:\/\/roveyayinevi.com.tr\/index.php\/wp-json\/wp\/v2\/media?parent=706261"}],"wp:term":[{"taxonomy":"product_brand","embeddable":true,"href":"https:\/\/roveyayinevi.com.tr\/index.php\/wp-json\/wp\/v2\/product_brand?post=706261"},{"taxonomy":"product_cat","embeddable":true,"href":"https:\/\/roveyayinevi.com.tr\/index.php\/wp-json\/wp\/v2\/product_cat?post=706261"},{"taxonomy":"product_tag","embeddable":true,"href":"https:\/\/roveyayinevi.com.tr\/index.php\/wp-json\/wp\/v2\/product_tag?post=706261"}],"curies":[{"name":"wp","href":"https:\/\/api.w.org\/{rel}","templated":true}]}}