{"id":706260,"date":"2025-08-27T15:54:27","date_gmt":"2025-08-27T12:54:27","guid":{"rendered":"https:\/\/roveyayinevi.com.tr\/index.php\/urun\/kudret\/"},"modified":"2026-04-16T02:14:56","modified_gmt":"2026-04-15T23:14:56","slug":"kudret","status":"publish","type":"product","link":"https:\/\/roveyayinevi.com.tr\/index.php\/urun\/kudret\/","title":{"rendered":"Kudret"},"content":{"rendered":"<p>\u0130mparatorlu\u011fun Kudretinden Sak\u0131n\u0131n!Bir zamanlar Toren\u2019in Adaleti binlerce ba\u011f\u0131l\u0131yla galaksiye korku salan bir uzay gemisiydi. \u015eimdi ise Kalr\u2019\u0131n Merhameti\u2019nin kumandan\u0131 olarak, Radch\u2019\u0131n Efendisi\u2019nin emrinde.\u201cHer ne kadar imk\u00e2ns\u0131z olsa da, bu kitap Adalet\u2019ten \u00e7ok daha iyi.\u201d \u2013Felicia Day, The Guild \u00e7izgi roman serisinin yazar\u0131, oyuncu\u201cLeckie, Iain M. Banks ve CJ Cherryh\u2019nin varisi olmaya aday.\u201d\u2013Elizabeth Bear, Hugo ve John W. Campbell \u00f6d\u00fcll\u00fc yazar\u201cLeckie, \u00e7ok \u00f6d\u00fcll\u00fc ilk kitab\u0131 Adalet\u2019in devam kitab\u0131yla ba\u015far\u0131s\u0131n\u0131n tek seferlik olmad\u0131\u011f\u0131n\u0131 kan\u0131tl\u0131yor.\u201d\u2013Kirkus\u201cBu devam kitab\u0131, ilk kitapta tan\u0131\u015ft\u0131\u011f\u0131m\u0131z karakterler ile d\u00fcnyay\u0131 derinle\u015ftiriyor ve hik\u00e2yeyi \u015fa\u015f\u0131rt\u0131c\u0131 bir y\u00f6ne ta\u015f\u0131yor.\u201d\u2013Library Journal\u201cOkurlar\u0131n merakla bekledi\u011fi uzay operas\u0131.\u201d\u2013NPR Books <\/p>\n","protected":false},"excerpt":{"rendered":"<p>\u0130mparatorlu\u011fun Kudretinden Sak\u0131n\u0131n!Bir zamanlar Toren\u2019in Adaleti binlerce ba\u011f\u0131l\u0131yla galaksiye korku salan bir uzay gemisiydi. \u015eimdi ise Kalr\u2019\u0131n Merhameti\u2019nin kumandan\u0131 olarak, Radch\u2019\u0131n Efendisi\u2019nin emrinde.\u201cHer ne kadar imk\u00e2ns\u0131z<span class=\"excerpt-hellip\"> [\u2026]<\/span><\/p>\n","protected":false},"featured_media":0,"template":"","meta":{"_monsterinsights_skip_tracking":false,"_monsterinsights_sitenote_active":false,"_monsterinsights_sitenote_note":"","_monsterinsights_sitenote_category":0},"product_brand":[],"product_cat":[12291,12711],"product_tag":[],"class_list":{"0":"post-706260","1":"product","2":"type-product","3":"status-publish","5":"product_cat-edebiyat","6":"product_cat-roman-oyku","7":"pa_cilt-ciltsiz","8":"pa_tur-kitap","9":"pa_yayinevi-ithaki-yayinlari","10":"pa_yazar-ann-leckie","12":"first","13":"instock","14":"sale","15":"shipping-taxable","16":"purchasable","17":"product-type-simple"},"_links":{"self":[{"href":"https:\/\/roveyayinevi.com.tr\/index.php\/wp-json\/wp\/v2\/product\/706260","targetHints":{"allow":["GET"]}}],"collection":[{"href":"https:\/\/roveyayinevi.com.tr\/index.php\/wp-json\/wp\/v2\/product"}],"about":[{"href":"https:\/\/roveyayinevi.com.tr\/index.php\/wp-json\/wp\/v2\/types\/product"}],"wp:attachment":[{"href":"https:\/\/roveyayinevi.com.tr\/index.php\/wp-json\/wp\/v2\/media?parent=706260"}],"wp:term":[{"taxonomy":"product_brand","embeddable":true,"href":"https:\/\/roveyayinevi.com.tr\/index.php\/wp-json\/wp\/v2\/product_brand?post=706260"},{"taxonomy":"product_cat","embeddable":true,"href":"https:\/\/roveyayinevi.com.tr\/index.php\/wp-json\/wp\/v2\/product_cat?post=706260"},{"taxonomy":"product_tag","embeddable":true,"href":"https:\/\/roveyayinevi.com.tr\/index.php\/wp-json\/wp\/v2\/product_tag?post=706260"}],"curies":[{"name":"wp","href":"https:\/\/api.w.org\/{rel}","templated":true}]}}