{"id":706259,"date":"2025-08-27T15:54:26","date_gmt":"2025-08-27T12:54:26","guid":{"rendered":"https:\/\/roveyayinevi.com.tr\/index.php\/urun\/hirsizlar-cumhuriyeti\/"},"modified":"2026-04-16T02:14:56","modified_gmt":"2026-04-15T23:14:56","slug":"hirsizlar-cumhuriyeti","status":"publish","type":"product","link":"https:\/\/roveyayinevi.com.tr\/index.php\/urun\/hirsizlar-cumhuriyeti\/","title":{"rendered":"H\u0131rs\u0131zlar Cumhuriyeti"},"content":{"rendered":"<p>\u201cCanl\u0131, orijinal ve \u00e7ekici. Muhte\u015fem bir \u015fekilde yaz\u0131lm\u0131\u015f.\u201d -George R.R. Martin- \u201cFazla s\u00f6ze gerek yok, bu kitaba bay\u0131ld\u0131m.\u201d -Patrick Rothfuss- \u201cSon derece zarif.\u201d -The Times- \u201cZaten devlet dedi\u011fin, izinle yap\u0131lan soygundan ba\u015fka nedir ki?\u201d H\u0131rs\u0131zlar\u0131n en yeteneklisi, d*land\u0131r\u0131c\u0131lar\u0131n en eli \u00e7abu\u011fu Locke ve yol arkada\u015f\u0131 Jean, hayatlar\u0131n\u0131n en b\u00fcy\u00fck soygununu yapacaklar\u0131 liman \u015fehri Tal Verrar\u2019dan canlar\u0131n\u0131 zor kurtarm\u0131\u015ft\u0131r. Art\u0131k ak\u0131llar\u0131nda tek bir \u015feyle yola \u00e7\u0131karlar: Locke\u2019un v\u00fccudunda gezinen \u00f6l\u00fcmc\u00fcl zehre \u00e7are bulmak. Umutlar\u0131n\u0131n t\u00fckenmeye ba\u015flad\u0131\u011f\u0131 s\u0131rada pek de haz etmedikleri Ba\u011fl\u0131b\u00fcy\u00fcc\u00fclerden bir teklif gelir. B\u00fcy\u00fcc\u00fcler \u015fehri Karthain\u2019de yap\u0131lacak se\u00e7imlere hile kar\u0131\u015ft\u0131rmalar\u0131 istenen Centilmen Pi\u00e7ler\u2019in kar\u015f\u0131s\u0131nda ise ayn\u0131 amac\u0131 g\u00fcden, Lamora\u2019yla d\u00fczenbazl\u0131k ve \u00fc\u00e7k\u00e2\u011f\u0131t\u00e7\u0131l\u0131kta ba\u015f edebilecek yeg\u00e2ne ki\u015fi vard\u0131r; Locke\u2019un y\u0131llar \u00f6nce ilk g\u00f6r\u00fc\u015fte kalbini kapt\u0131rd\u0131\u011f\u0131, akl\u0131ndan bir an olsun \u00e7\u0131karamad\u0131\u011f\u0131 Sabetha\u2026 \u0130ki sahte*k\u00e2r sayesinde hi\u00e7 olmad\u0131\u011f\u0131 kadar d\u00fcr <\/p>\n","protected":false},"excerpt":{"rendered":"<p>\u201cCanl\u0131, orijinal ve \u00e7ekici. Muhte\u015fem bir \u015fekilde yaz\u0131lm\u0131\u015f.\u201d -George R.R. Martin- \u201cFazla s\u00f6ze gerek yok, bu kitaba bay\u0131ld\u0131m.\u201d -Patrick Rothfuss- \u201cSon derece zarif.\u201d -The Times- \u201cZaten<span class=\"excerpt-hellip\"> [\u2026]<\/span><\/p>\n","protected":false},"featured_media":0,"template":"","meta":{"_monsterinsights_skip_tracking":false,"_monsterinsights_sitenote_active":false,"_monsterinsights_sitenote_note":"","_monsterinsights_sitenote_category":0},"product_brand":[],"product_cat":[12291,12711],"product_tag":[],"class_list":{"0":"post-706259","1":"product","2":"type-product","3":"status-publish","5":"product_cat-edebiyat","6":"product_cat-roman-oyku","7":"pa_cilt-ciltsiz","8":"pa_tur-kitap","9":"pa_yayinevi-ithaki-yayinlari","10":"pa_yazar-scott-lynch","12":"first","13":"instock","14":"sale","15":"shipping-taxable","16":"purchasable","17":"product-type-simple"},"_links":{"self":[{"href":"https:\/\/roveyayinevi.com.tr\/index.php\/wp-json\/wp\/v2\/product\/706259","targetHints":{"allow":["GET"]}}],"collection":[{"href":"https:\/\/roveyayinevi.com.tr\/index.php\/wp-json\/wp\/v2\/product"}],"about":[{"href":"https:\/\/roveyayinevi.com.tr\/index.php\/wp-json\/wp\/v2\/types\/product"}],"wp:attachment":[{"href":"https:\/\/roveyayinevi.com.tr\/index.php\/wp-json\/wp\/v2\/media?parent=706259"}],"wp:term":[{"taxonomy":"product_brand","embeddable":true,"href":"https:\/\/roveyayinevi.com.tr\/index.php\/wp-json\/wp\/v2\/product_brand?post=706259"},{"taxonomy":"product_cat","embeddable":true,"href":"https:\/\/roveyayinevi.com.tr\/index.php\/wp-json\/wp\/v2\/product_cat?post=706259"},{"taxonomy":"product_tag","embeddable":true,"href":"https:\/\/roveyayinevi.com.tr\/index.php\/wp-json\/wp\/v2\/product_tag?post=706259"}],"curies":[{"name":"wp","href":"https:\/\/api.w.org\/{rel}","templated":true}]}}