{"id":706258,"date":"2025-08-27T15:54:26","date_gmt":"2025-08-27T12:54:26","guid":{"rendered":"https:\/\/roveyayinevi.com.tr\/index.php\/urun\/bayan-peregrinein-tuhaf-cocuklari-3-ruhlar-kutuphanesi\/"},"modified":"2026-04-16T02:14:56","modified_gmt":"2026-04-15T23:14:56","slug":"bayan-peregrinein-tuhaf-cocuklari-3-ruhlar-kutuphanesi","status":"publish","type":"product","link":"https:\/\/roveyayinevi.com.tr\/index.php\/urun\/bayan-peregrinein-tuhaf-cocuklari-3-ruhlar-kutuphanesi\/","title":{"rendered":"Bayan Peregrine&#8217;in Tuhaf \u00c7ocuklar\u0131 3 &#8211; Ruhlar K\u00fct\u00fcphanesi"},"content":{"rendered":"<p>Tuhaf \u00e7ocuklar\u0131n hikayesi, serinin \u00fc\u00e7\u00fcnc\u00fc kitab\u0131 Ruhlar K\u00fct\u00fcphanesi\u2019yle son buluyor.Ola\u011fan\u00fcst\u00fc g\u00fc\u00e7lere sahip bir \u00e7ocuk. \u00d6l\u00fcmc\u00fcl canavarlardan olu\u015fan bir ordu. Tuhaflar\u0131n gelece\u011fi i\u00e7in verilen destans\u0131 bir sava\u015f.Bayan Peregrine\u2019in Tuhaf \u00c7ocuklar\u0131 ile ba\u015flayan ve G\u00f6lge \u015eehir ile devam eden macera, Ruhlar K\u00fct\u00fcphanesi\u2019nde nefes kesici bir son buluyor. \u00d6yk\u00fcm\u00fcz on alt\u0131 ya\u015f\u0131ndaki Jacob\u2019\u0131n yeni bir \u00f6zel g\u00fc\u00e7 ke\u015ffedip, tuhaf yolda\u015flar\u0131n\u0131 s\u0131k\u0131 korunan bir kaleden kurtarmak i\u00e7in tarihin i\u00e7ine dalmas\u0131yla ba\u015fl\u0131yor. Bu yolda Jacob\u2019a, ate\u015fi kontrol edebilen Emma Bloom ve kay\u0131p \u00e7ocuklar\u0131 bulmakta \u00fcst\u00fcne olmayan Addison MacHenry adl\u0131 bir k\u00f6pek e\u015flik ediyor. <\/p>\n","protected":false},"excerpt":{"rendered":"<p>Tuhaf \u00e7ocuklar\u0131n hikayesi, serinin \u00fc\u00e7\u00fcnc\u00fc kitab\u0131 Ruhlar K\u00fct\u00fcphanesi\u2019yle son buluyor.Ola\u011fan\u00fcst\u00fc g\u00fc\u00e7lere sahip bir \u00e7ocuk. \u00d6l\u00fcmc\u00fcl canavarlardan olu\u015fan bir ordu. Tuhaflar\u0131n gelece\u011fi i\u00e7in verilen destans\u0131 bir sava\u015f.Bayan<span class=\"excerpt-hellip\"> [\u2026]<\/span><\/p>\n","protected":false},"featured_media":0,"template":"","meta":{"_monsterinsights_skip_tracking":false,"_monsterinsights_sitenote_active":false,"_monsterinsights_sitenote_note":"","_monsterinsights_sitenote_category":0},"product_brand":[],"product_cat":[12891,12291],"product_tag":[],"class_list":{"0":"post-706258","1":"product","2":"type-product","3":"status-publish","5":"product_cat-amerikan-edebiyati","6":"product_cat-edebiyat","7":"pa_cilt-ciltli","8":"pa_tur-kitap","9":"pa_yayinevi-ithaki-yayinlari","10":"pa_yazar-ransom-riggs","12":"first","13":"instock","14":"sale","15":"shipping-taxable","16":"purchasable","17":"product-type-simple"},"_links":{"self":[{"href":"https:\/\/roveyayinevi.com.tr\/index.php\/wp-json\/wp\/v2\/product\/706258","targetHints":{"allow":["GET"]}}],"collection":[{"href":"https:\/\/roveyayinevi.com.tr\/index.php\/wp-json\/wp\/v2\/product"}],"about":[{"href":"https:\/\/roveyayinevi.com.tr\/index.php\/wp-json\/wp\/v2\/types\/product"}],"wp:attachment":[{"href":"https:\/\/roveyayinevi.com.tr\/index.php\/wp-json\/wp\/v2\/media?parent=706258"}],"wp:term":[{"taxonomy":"product_brand","embeddable":true,"href":"https:\/\/roveyayinevi.com.tr\/index.php\/wp-json\/wp\/v2\/product_brand?post=706258"},{"taxonomy":"product_cat","embeddable":true,"href":"https:\/\/roveyayinevi.com.tr\/index.php\/wp-json\/wp\/v2\/product_cat?post=706258"},{"taxonomy":"product_tag","embeddable":true,"href":"https:\/\/roveyayinevi.com.tr\/index.php\/wp-json\/wp\/v2\/product_tag?post=706258"}],"curies":[{"name":"wp","href":"https:\/\/api.w.org\/{rel}","templated":true}]}}