{"id":706256,"date":"2025-08-27T15:54:25","date_gmt":"2025-08-27T12:54:25","guid":{"rendered":"https:\/\/roveyayinevi.com.tr\/index.php\/urun\/gumus-damarlari-drizzt-efsanesi-5\/"},"modified":"2026-04-16T02:14:56","modified_gmt":"2026-04-15T23:14:56","slug":"gumus-damarlari-drizzt-efsanesi-5","status":"publish","type":"product","link":"https:\/\/roveyayinevi.com.tr\/index.php\/urun\/gumus-damarlari-drizzt-efsanesi-5\/","title":{"rendered":"G\u00fcm\u00fc\u015f Damarlar\u0131: Drizzt Efsanesi 5"},"content":{"rendered":"<p>Drizzt\u2019in m\u00fccadelesi, onu Karanl\u0131kalt\u0131\u2019n\u0131n ac\u0131mas\u0131z derinliklerine d\u00f6nmeye zorlayan seslere kar\u015f\u0131 devam ediyor. Fakat yeni dostlar\u0131n\u0131n ve Bruenor Battlehammer\u2019\u0131n Mithral Salonu\u2019nda yer alma hayali daha kuvvetli. Baz\u0131 hayallerin asla ger\u00e7ekle\u015fmeyece\u011fi s\u00f6ylenir fakat onlar birlikteyken hi\u00e7bir \u015fey imk\u00e2ns\u0131z de\u011fil!\u201cOna memnuniyetle \u00f6\u011fretirdim.Onun ba\u015far\u0131s\u0131na da en az kendi ba\u015far\u0131m kadar sevinirdim fakat ondan her zaman tevazu g\u00f6stermesini, azmetmesini, \u00f6\u011fretti\u011fim bu g\u00fcc\u00fc anlamas\u0131n\u0131 ve y\u0131k\u0131m potansiyelini takdir etmesini talep ederdim. Gerekli d\u00fczeyde \u015fefkate sahip ve topluma faydal\u0131 olmayan kimseye d\u00f6v\u00fc\u015fmeyi \u00f6\u011fretmezdim. Ki\u015fi, k\u0131l\u0131\u00e7 kullanmay\u0131 \u00f6\u011frenmek i\u00e7in \u00f6nce k\u0131l\u0131c\u0131 ne zaman kullanaca\u011f\u0131n\u0131 \u00f6\u011frenmelidir.\u201d <\/p>\n","protected":false},"excerpt":{"rendered":"<p>Drizzt\u2019in m\u00fccadelesi, onu Karanl\u0131kalt\u0131\u2019n\u0131n ac\u0131mas\u0131z derinliklerine d\u00f6nmeye zorlayan seslere kar\u015f\u0131 devam ediyor. Fakat yeni dostlar\u0131n\u0131n ve Bruenor Battlehammer\u2019\u0131n Mithral Salonu\u2019nda yer alma hayali daha kuvvetli. Baz\u0131<span class=\"excerpt-hellip\"> [\u2026]<\/span><\/p>\n","protected":false},"featured_media":0,"template":"","meta":{"_monsterinsights_skip_tracking":false,"_monsterinsights_sitenote_active":false,"_monsterinsights_sitenote_note":"","_monsterinsights_sitenote_category":0},"product_brand":[],"product_cat":[12291,14777],"product_tag":[],"class_list":{"0":"post-706256","1":"product","2":"type-product","3":"status-publish","5":"product_cat-edebiyat","6":"product_cat-fantastik","7":"pa_cilt-ciltsiz","8":"pa_tur-kitap","9":"pa_yayinevi-ithaki-yayinlari","10":"pa_yazar-r-a-salvatore","12":"first","13":"instock","14":"sale","15":"shipping-taxable","16":"purchasable","17":"product-type-simple"},"_links":{"self":[{"href":"https:\/\/roveyayinevi.com.tr\/index.php\/wp-json\/wp\/v2\/product\/706256","targetHints":{"allow":["GET"]}}],"collection":[{"href":"https:\/\/roveyayinevi.com.tr\/index.php\/wp-json\/wp\/v2\/product"}],"about":[{"href":"https:\/\/roveyayinevi.com.tr\/index.php\/wp-json\/wp\/v2\/types\/product"}],"wp:attachment":[{"href":"https:\/\/roveyayinevi.com.tr\/index.php\/wp-json\/wp\/v2\/media?parent=706256"}],"wp:term":[{"taxonomy":"product_brand","embeddable":true,"href":"https:\/\/roveyayinevi.com.tr\/index.php\/wp-json\/wp\/v2\/product_brand?post=706256"},{"taxonomy":"product_cat","embeddable":true,"href":"https:\/\/roveyayinevi.com.tr\/index.php\/wp-json\/wp\/v2\/product_cat?post=706256"},{"taxonomy":"product_tag","embeddable":true,"href":"https:\/\/roveyayinevi.com.tr\/index.php\/wp-json\/wp\/v2\/product_tag?post=706256"}],"curies":[{"name":"wp","href":"https:\/\/api.w.org\/{rel}","templated":true}]}}