{"id":706255,"date":"2025-08-27T15:54:25","date_gmt":"2025-08-27T12:54:25","guid":{"rendered":"https:\/\/roveyayinevi.com.tr\/index.php\/urun\/goc-drizzt-efsanesi-3\/"},"modified":"2026-04-16T02:14:56","modified_gmt":"2026-04-15T23:14:56","slug":"goc-drizzt-efsanesi-3","status":"publish","type":"product","link":"https:\/\/roveyayinevi.com.tr\/index.php\/urun\/goc-drizzt-efsanesi-3\/","title":{"rendered":"G\u00f6\u00e7: Drizzt Efsanesi 3"},"content":{"rendered":"<p>Karanl\u0131kalt\u0131\u2019n\u0131 terk eden Drizzt, kendisine \u00e7ok yabanc\u0131 olan yepyeni topraklarla ve bamba\u015fka bir d\u00fcnyayla tan\u0131\u015f\u0131yor. \u00d6l\u00fcm sa\u00e7an bir drow olarak yery\u00fcz\u00fcnde kendisini kabul ettirmeye \u00e7al\u0131\u015f\u0131rken pek \u00e7ok zorlukla y\u00fczle\u015fse de kendisine s\u0131rt\u0131n\u0131 d\u00f6nmeyen ki\u015filerle de kar\u015f\u0131la\u015f\u0131yor.\u201cG\u00f6zlerimi yak\u0131yor ve v\u00fccudumun her b\u00f6lgesine ac\u0131 veriyordu. Piwafwimi ve \u00e7izmelerimi par\u00e7alam\u0131\u015f, z\u0131rh\u0131mdaki b\u00fcy\u00fcy\u00fc yok etmi\u015f ve de hep g\u00fcvendi\u011fim k\u0131l\u0131\u00e7lar\u0131m\u0131 zay\u0131flatm\u0131\u015ft\u0131. Yine de her g\u00fcn, hi\u00e7 \u015fa\u015fmaks\u0131z\u0131n, g\u00fcn do\u011fumunu beklemek i\u00e7in ayn\u0131 y\u00fckseltiye, yarg\u0131lanma yerime oturuyordum.\u201dDrizzt Do\u2019urden, sad\u0131k yol arkada\u015f\u0131 Guenhwyvar\u2019la yery\u00fcz\u00fcne \u00e7\u0131k\u0131yor. <\/p>\n","protected":false},"excerpt":{"rendered":"<p>Karanl\u0131kalt\u0131\u2019n\u0131 terk eden Drizzt, kendisine \u00e7ok yabanc\u0131 olan yepyeni topraklarla ve bamba\u015fka bir d\u00fcnyayla tan\u0131\u015f\u0131yor. \u00d6l\u00fcm sa\u00e7an bir drow olarak yery\u00fcz\u00fcnde kendisini kabul ettirmeye \u00e7al\u0131\u015f\u0131rken pek<span class=\"excerpt-hellip\"> [\u2026]<\/span><\/p>\n","protected":false},"featured_media":0,"template":"","meta":{"_monsterinsights_skip_tracking":false,"_monsterinsights_sitenote_active":false,"_monsterinsights_sitenote_note":"","_monsterinsights_sitenote_category":0},"product_brand":[],"product_cat":[12291,12711],"product_tag":[],"class_list":{"0":"post-706255","1":"product","2":"type-product","3":"status-publish","5":"product_cat-edebiyat","6":"product_cat-roman-oyku","7":"pa_cilt-ciltsiz","8":"pa_tur-kitap","9":"pa_yayinevi-ithaki-yayinlari","10":"pa_yazar-r-a-salvatore","12":"first","13":"instock","14":"sale","15":"shipping-taxable","16":"purchasable","17":"product-type-simple"},"_links":{"self":[{"href":"https:\/\/roveyayinevi.com.tr\/index.php\/wp-json\/wp\/v2\/product\/706255","targetHints":{"allow":["GET"]}}],"collection":[{"href":"https:\/\/roveyayinevi.com.tr\/index.php\/wp-json\/wp\/v2\/product"}],"about":[{"href":"https:\/\/roveyayinevi.com.tr\/index.php\/wp-json\/wp\/v2\/types\/product"}],"wp:attachment":[{"href":"https:\/\/roveyayinevi.com.tr\/index.php\/wp-json\/wp\/v2\/media?parent=706255"}],"wp:term":[{"taxonomy":"product_brand","embeddable":true,"href":"https:\/\/roveyayinevi.com.tr\/index.php\/wp-json\/wp\/v2\/product_brand?post=706255"},{"taxonomy":"product_cat","embeddable":true,"href":"https:\/\/roveyayinevi.com.tr\/index.php\/wp-json\/wp\/v2\/product_cat?post=706255"},{"taxonomy":"product_tag","embeddable":true,"href":"https:\/\/roveyayinevi.com.tr\/index.php\/wp-json\/wp\/v2\/product_tag?post=706255"}],"curies":[{"name":"wp","href":"https:\/\/api.w.org\/{rel}","templated":true}]}}