{"id":706252,"date":"2025-08-27T15:54:23","date_gmt":"2025-08-27T12:54:23","guid":{"rendered":"https:\/\/roveyayinevi.com.tr\/index.php\/urun\/ikizlerin-sinavi-efsaneler-serisi-3-kitap\/"},"modified":"2026-04-16T02:14:56","modified_gmt":"2026-04-15T23:14:56","slug":"ikizlerin-sinavi-efsaneler-serisi-3-kitap","status":"publish","type":"product","link":"https:\/\/roveyayinevi.com.tr\/index.php\/urun\/ikizlerin-sinavi-efsaneler-serisi-3-kitap\/","title":{"rendered":"\u0130kizlerin S\u0131nav\u0131: Efsaneler Serisi 3.Kitap"},"content":{"rendered":"<p>Selefinin yazg\u0131s\u0131ndan kurtulmay\u0131 ba\u015faran Raistlin, cehenneme bir kap\u0131 a\u00e7arak kap\u0131dan ge\u00e7ecektir. Crysania ile birlikte, Karanl\u0131klar Krali\u00e7esi\u2019ne kar\u015f\u0131 nihai bir \u00f6d\u00fcl i\u00e7in sava\u015f vereceklerdir: tanr\u0131lar aras\u0131na kat\u0131lmak. Ayn\u0131 zamanda, Caramon ve Tasslehoff gelece\u011fe g\u00f6nderilmi\u015ftir. Orada Raistlin\u2019in m\u00fccadelesinin nelere yol a\u00e7t\u0131\u011f\u0131n\u0131 \u00f6\u011freneceklerdir. Caramon, karde\u015fini engellemek i\u00e7in neleri feda etmesi gerekti\u011fini anlayacakt\u0131r. Eski dostlar ve tuhaf m\u00fcttefikler ona yard\u0131m etmek i\u00e7in bir araya gelseler de son ad\u0131m\u0131 kendi ba\u015f\u0131na atmal\u0131d\u0131r. Cehennemin i\u00e7ine ataca\u011f\u0131 ad\u0131m\u0131. <\/p>\n","protected":false},"excerpt":{"rendered":"<p>Selefinin yazg\u0131s\u0131ndan kurtulmay\u0131 ba\u015faran Raistlin, cehenneme bir kap\u0131 a\u00e7arak kap\u0131dan ge\u00e7ecektir. Crysania ile birlikte, Karanl\u0131klar Krali\u00e7esi\u2019ne kar\u015f\u0131 nihai bir \u00f6d\u00fcl i\u00e7in sava\u015f vereceklerdir: tanr\u0131lar aras\u0131na kat\u0131lmak.<span class=\"excerpt-hellip\"> [\u2026]<\/span><\/p>\n","protected":false},"featured_media":0,"template":"","meta":{"_monsterinsights_skip_tracking":false,"_monsterinsights_sitenote_active":false,"_monsterinsights_sitenote_note":"","_monsterinsights_sitenote_category":0},"product_brand":[],"product_cat":[12291,12711],"product_tag":[],"class_list":{"0":"post-706252","1":"product","2":"type-product","3":"status-publish","5":"product_cat-edebiyat","6":"product_cat-roman-oyku","7":"pa_cilt-ciltsiz","8":"pa_tur-kitap","9":"pa_yayinevi-ithaki-yayinlari","10":"pa_yazar-margaret-weiss","11":"pa_yazar-tracy-hickman","13":"first","14":"instock","15":"sale","16":"shipping-taxable","17":"purchasable","18":"product-type-simple"},"_links":{"self":[{"href":"https:\/\/roveyayinevi.com.tr\/index.php\/wp-json\/wp\/v2\/product\/706252","targetHints":{"allow":["GET"]}}],"collection":[{"href":"https:\/\/roveyayinevi.com.tr\/index.php\/wp-json\/wp\/v2\/product"}],"about":[{"href":"https:\/\/roveyayinevi.com.tr\/index.php\/wp-json\/wp\/v2\/types\/product"}],"wp:attachment":[{"href":"https:\/\/roveyayinevi.com.tr\/index.php\/wp-json\/wp\/v2\/media?parent=706252"}],"wp:term":[{"taxonomy":"product_brand","embeddable":true,"href":"https:\/\/roveyayinevi.com.tr\/index.php\/wp-json\/wp\/v2\/product_brand?post=706252"},{"taxonomy":"product_cat","embeddable":true,"href":"https:\/\/roveyayinevi.com.tr\/index.php\/wp-json\/wp\/v2\/product_cat?post=706252"},{"taxonomy":"product_tag","embeddable":true,"href":"https:\/\/roveyayinevi.com.tr\/index.php\/wp-json\/wp\/v2\/product_tag?post=706252"}],"curies":[{"name":"wp","href":"https:\/\/api.w.org\/{rel}","templated":true}]}}