{"id":706251,"date":"2025-08-27T15:54:23","date_gmt":"2025-08-27T12:54:23","guid":{"rendered":"https:\/\/roveyayinevi.com.tr\/index.php\/urun\/ikizlerin-savasi-efsaneler-serisi-2-kitap\/"},"modified":"2026-04-16T02:14:56","modified_gmt":"2026-04-15T23:14:56","slug":"ikizlerin-savasi-efsaneler-serisi-2-kitap","status":"publish","type":"product","link":"https:\/\/roveyayinevi.com.tr\/index.php\/urun\/ikizlerin-savasi-efsaneler-serisi-2-kitap\/","title":{"rendered":"\u0130kizlerin Sava\u015f\u0131: Efsaneler Serisi 2.Kitap"},"content":{"rendered":"<p>Krynn\u2019in \u00e7ehresini de\u011fi\u015ftiren felaketin \u00fczerinden y\u00fcz y\u0131l ge\u00e7ti. Y\u00fcz y\u0131ld\u0131r Krynn halk\u0131 hayatta kalma m\u00fccadelesi veriyordu. Ama kimileri i\u00e7in bu y\u00fcz y\u0131l, g\u00f6z a\u00e7\u0131p kapay\u0131ncaya kadar k\u0131sa s\u00fcrd\u00fc. Raistlin\u2019in g\u00fc\u00e7l\u00fc b\u00fcy\u00fcs\u00fc y\u00fcz\u00fcnden zamanda bir atlama ya\u015fayan Caramon ve Crysania, kendilerini Karanl\u0131klar Krali\u00e7esi\u2019ne meydan okuyan Raistlin\u2019e yard\u0131m ederken buldular. Raistlin ise zamana o kadar kolay s\u00f6z ge\u00e7iremeyece\u011fini \u00f6\u011frenecekti. Kalbine de \u00f6yle. <\/p>\n","protected":false},"excerpt":{"rendered":"<p>Krynn\u2019in \u00e7ehresini de\u011fi\u015ftiren felaketin \u00fczerinden y\u00fcz y\u0131l ge\u00e7ti. Y\u00fcz y\u0131ld\u0131r Krynn halk\u0131 hayatta kalma m\u00fccadelesi veriyordu. Ama kimileri i\u00e7in bu y\u00fcz y\u0131l, g\u00f6z a\u00e7\u0131p kapay\u0131ncaya kadar<span class=\"excerpt-hellip\"> [\u2026]<\/span><\/p>\n","protected":false},"featured_media":0,"template":"","meta":{"_monsterinsights_skip_tracking":false,"_monsterinsights_sitenote_active":false,"_monsterinsights_sitenote_note":"","_monsterinsights_sitenote_category":0},"product_brand":[],"product_cat":[12291,12711],"product_tag":[],"class_list":{"0":"post-706251","1":"product","2":"type-product","3":"status-publish","5":"product_cat-edebiyat","6":"product_cat-roman-oyku","7":"pa_cilt-ciltsiz","8":"pa_tur-kitap","9":"pa_yayinevi-ithaki-yayinlari","10":"pa_yazar-margaret-weiss","11":"pa_yazar-tracy-hickman","13":"first","14":"instock","15":"sale","16":"shipping-taxable","17":"purchasable","18":"product-type-simple"},"_links":{"self":[{"href":"https:\/\/roveyayinevi.com.tr\/index.php\/wp-json\/wp\/v2\/product\/706251","targetHints":{"allow":["GET"]}}],"collection":[{"href":"https:\/\/roveyayinevi.com.tr\/index.php\/wp-json\/wp\/v2\/product"}],"about":[{"href":"https:\/\/roveyayinevi.com.tr\/index.php\/wp-json\/wp\/v2\/types\/product"}],"wp:attachment":[{"href":"https:\/\/roveyayinevi.com.tr\/index.php\/wp-json\/wp\/v2\/media?parent=706251"}],"wp:term":[{"taxonomy":"product_brand","embeddable":true,"href":"https:\/\/roveyayinevi.com.tr\/index.php\/wp-json\/wp\/v2\/product_brand?post=706251"},{"taxonomy":"product_cat","embeddable":true,"href":"https:\/\/roveyayinevi.com.tr\/index.php\/wp-json\/wp\/v2\/product_cat?post=706251"},{"taxonomy":"product_tag","embeddable":true,"href":"https:\/\/roveyayinevi.com.tr\/index.php\/wp-json\/wp\/v2\/product_tag?post=706251"}],"curies":[{"name":"wp","href":"https:\/\/api.w.org\/{rel}","templated":true}]}}