{"id":706250,"date":"2025-08-27T15:54:22","date_gmt":"2025-08-27T12:54:22","guid":{"rendered":"https:\/\/roveyayinevi.com.tr\/index.php\/urun\/ilkbahar-safagi-ejderhalari-ejderha-mizragi-destani-3-kitap\/"},"modified":"2026-04-16T02:14:56","modified_gmt":"2026-04-15T23:14:56","slug":"ilkbahar-safagi-ejderhalari-ejderha-mizragi-destani-3-kitap","status":"publish","type":"product","link":"https:\/\/roveyayinevi.com.tr\/index.php\/urun\/ilkbahar-safagi-ejderhalari-ejderha-mizragi-destani-3-kitap\/","title":{"rendered":"\u0130lkbahar \u015eafa\u011f\u0131 Ejderhalar\u0131: Ejderha M\u0131zra\u011f\u0131 Destan\u0131 3. Kitap"},"content":{"rendered":"<p>Krali\u00e7e Takhisis\u2019in ejderha k\u00f6lelerine kar\u015f\u0131 verilen sava\u015f hiddetlenmi\u015fti. Gizemli, b\u00fcy\u00fcl\u00fc ejderha k\u00fcreleri ve parlak, g\u00fcm\u00fc\u015f ejderha m\u0131zra\u011f\u0131 ile silahlanm\u0131\u015f yol arkada\u015flar\u0131 d\u00fcnyaya umut veriyordu. Fakat \u015fimdi, yeni bir g\u00fcn\u00fcn \u015fafa\u011f\u0131nda, uzun zamand\u0131r yol arkada\u015flar\u0131n\u0131n kalplerini g\u00f6lgeleyen s\u0131rlar g\u00fcn\u0131\u015f\u0131\u011f\u0131na \u00e7\u0131k\u0131yordu. \u0130hanet, vefas\u0131zl\u0131k, k\u0131r\u0131lganl\u0131k ve zay\u0131fl\u0131k neredeyse t\u00fcm ba\u015fard\u0131klar\u0131n\u0131 yok edecekti.M\u00fccadele i\u00e7in yola \u00e7\u0131kt\u0131klar\u0131 en b\u00fcy\u00fck sava\u015f her birinin y\u00fcre\u011findeydi.Nihayet, sonunda kahraman olacaklard\u0131.\u201cKaranl\u0131k istila edebilirdi ama umudu hi\u00e7bir zaman yok edemezdi. Bir tek mum veya daha fazlas\u0131 alevlenip s\u00f6nebilirdi ama eski mumlardan yenileri yanacakt\u0131.\u0130\u015fte b\u00f6yle tutu\u015furdu umudun alevi hep, gelen g\u00fcne kadar karanl\u0131\u011f\u0131 ayd\u0131nlatarak.\u201d <\/p>\n","protected":false},"excerpt":{"rendered":"<p>Krali\u00e7e Takhisis\u2019in ejderha k\u00f6lelerine kar\u015f\u0131 verilen sava\u015f hiddetlenmi\u015fti. Gizemli, b\u00fcy\u00fcl\u00fc ejderha k\u00fcreleri ve parlak, g\u00fcm\u00fc\u015f ejderha m\u0131zra\u011f\u0131 ile silahlanm\u0131\u015f yol arkada\u015flar\u0131 d\u00fcnyaya umut veriyordu. Fakat \u015fimdi,<span class=\"excerpt-hellip\"> [\u2026]<\/span><\/p>\n","protected":false},"featured_media":0,"template":"","meta":{"_monsterinsights_skip_tracking":false,"_monsterinsights_sitenote_active":false,"_monsterinsights_sitenote_note":"","_monsterinsights_sitenote_category":0},"product_brand":[],"product_cat":[12291,12711],"product_tag":[],"class_list":{"0":"post-706250","1":"product","2":"type-product","3":"status-publish","5":"product_cat-edebiyat","6":"product_cat-roman-oyku","7":"pa_cilt-ciltsiz","8":"pa_tur-kitap","9":"pa_yayinevi-ithaki-yayinlari","10":"pa_yazar-margaret-weis","11":"pa_yazar-tracy-hickman","13":"first","14":"instock","15":"sale","16":"shipping-taxable","17":"purchasable","18":"product-type-simple"},"_links":{"self":[{"href":"https:\/\/roveyayinevi.com.tr\/index.php\/wp-json\/wp\/v2\/product\/706250","targetHints":{"allow":["GET"]}}],"collection":[{"href":"https:\/\/roveyayinevi.com.tr\/index.php\/wp-json\/wp\/v2\/product"}],"about":[{"href":"https:\/\/roveyayinevi.com.tr\/index.php\/wp-json\/wp\/v2\/types\/product"}],"wp:attachment":[{"href":"https:\/\/roveyayinevi.com.tr\/index.php\/wp-json\/wp\/v2\/media?parent=706250"}],"wp:term":[{"taxonomy":"product_brand","embeddable":true,"href":"https:\/\/roveyayinevi.com.tr\/index.php\/wp-json\/wp\/v2\/product_brand?post=706250"},{"taxonomy":"product_cat","embeddable":true,"href":"https:\/\/roveyayinevi.com.tr\/index.php\/wp-json\/wp\/v2\/product_cat?post=706250"},{"taxonomy":"product_tag","embeddable":true,"href":"https:\/\/roveyayinevi.com.tr\/index.php\/wp-json\/wp\/v2\/product_tag?post=706250"}],"curies":[{"name":"wp","href":"https:\/\/api.w.org\/{rel}","templated":true}]}}