{"id":706249,"date":"2025-08-27T15:54:22","date_gmt":"2025-08-27T12:54:22","guid":{"rendered":"https:\/\/roveyayinevi.com.tr\/index.php\/urun\/kis-gecesi-ejderhalari-ejderha-mizragi-destani-2-kitap\/"},"modified":"2026-04-16T02:14:56","modified_gmt":"2026-04-15T23:14:56","slug":"kis-gecesi-ejderhalari-ejderha-mizragi-destani-2-kitap","status":"publish","type":"product","link":"https:\/\/roveyayinevi.com.tr\/index.php\/urun\/kis-gecesi-ejderhalari-ejderha-mizragi-destani-2-kitap\/","title":{"rendered":"K\u0131\u015f Gecesi Ejderhalar\u0131: Ejderha M\u0131zra\u011f\u0131 Destan\u0131 2. Kitap"},"content":{"rendered":"<p>Art\u0131k insanlar Takhisis\u2019in ejderha k\u00f6lelerini tan\u0131yorlard\u0131. Karanl\u0131klar Krali\u00e7esi d\u00f6nm\u00fc\u015ft\u00fc. Her ulustan insanlar yurtlar\u0131, hayatlar\u0131 ve \u00f6zg\u00fcrl\u00fckleri u\u011fruna sava\u015fmaya haz\u0131rd\u0131. Fakat uluslar uzun y\u0131llard\u0131r \u00f6nyarg\u0131larla ve nefretle ayr\u0131\u015fm\u0131\u015ft\u0131. On bir sava\u015f\u00e7\u0131 ve insan \u015f\u00f6valye kendi aralar\u0131nda d\u00f6v\u00fc\u015fe tutu\u015fmu\u015ftu. Sava\u015f, hen\u00fcz ba\u015flamadan kaybedilmi\u015f gibi g\u00f6z\u00fck\u00fcyordu. Yol arkada\u015flar\u0131 ayr\u0131 d\u00fc\u015fm\u00fc\u015flerdi, sava\u015f taraf\u0131ndan par\u00e7alanm\u0131\u015flard\u0131. Yeniden bir araya gelmeden bir mevsim ge\u00e7ecekti; o da tekrar bir araya gelirlerse. Karanl\u0131k gitgide derinle\u015firken g\u00f6zden d\u00fc\u015fm\u00fc\u015f bir \u015f\u00f6valye, \u015f\u0131mar\u0131k bir elfk\u0131z\u0131 ve geveze bir kender soluk k\u0131\u015f g\u00fcn\u0131\u015f\u0131\u011f\u0131nda yaln\u0131z ba\u015f\u0131nayd\u0131lar.Pek de kahraman gibi de\u011fillerdi.\u201cUtanma Tas. D\u00fc\u015fman\u0131n\u0131n \u00f6l\u00fcm\u00fc kar\u015f\u0131s\u0131nda hem ac\u0131ma hem de utan\u00e7 duydu\u011fun i\u00e7in haline \u015f\u00fckret. Kar\u015f\u0131m\u0131zdaki d\u00fc\u015fman\u0131m\u0131z bile olsa, umursamay\u0131 b\u0131rakt\u0131\u011f\u0131m\u0131z g\u00fcn, sava\u015f\u0131 kaybetti\u011fimiz g\u00fcnd\u00fcr zaten.\u201dEjderha M\u0131zra\u011f\u0131 Destan\u0131 bu kitapla devam ediyor. <\/p>\n","protected":false},"excerpt":{"rendered":"<p>Art\u0131k insanlar Takhisis\u2019in ejderha k\u00f6lelerini tan\u0131yorlard\u0131. Karanl\u0131klar Krali\u00e7esi d\u00f6nm\u00fc\u015ft\u00fc. Her ulustan insanlar yurtlar\u0131, hayatlar\u0131 ve \u00f6zg\u00fcrl\u00fckleri u\u011fruna sava\u015fmaya haz\u0131rd\u0131. Fakat uluslar uzun y\u0131llard\u0131r \u00f6nyarg\u0131larla ve nefretle<span class=\"excerpt-hellip\"> [\u2026]<\/span><\/p>\n","protected":false},"featured_media":0,"template":"","meta":{"_monsterinsights_skip_tracking":false,"_monsterinsights_sitenote_active":false,"_monsterinsights_sitenote_note":"","_monsterinsights_sitenote_category":0},"product_brand":[],"product_cat":[12291,14777],"product_tag":[],"class_list":{"0":"post-706249","1":"product","2":"type-product","3":"status-publish","5":"product_cat-edebiyat","6":"product_cat-fantastik","7":"pa_cilt-ciltsiz","8":"pa_tur-kitap","9":"pa_yayinevi-ithaki-yayinlari","10":"pa_yazar-margaret-weis","11":"pa_yazar-tracy-hickman","13":"first","14":"instock","15":"sale","16":"shipping-taxable","17":"purchasable","18":"product-type-simple"},"_links":{"self":[{"href":"https:\/\/roveyayinevi.com.tr\/index.php\/wp-json\/wp\/v2\/product\/706249","targetHints":{"allow":["GET"]}}],"collection":[{"href":"https:\/\/roveyayinevi.com.tr\/index.php\/wp-json\/wp\/v2\/product"}],"about":[{"href":"https:\/\/roveyayinevi.com.tr\/index.php\/wp-json\/wp\/v2\/types\/product"}],"wp:attachment":[{"href":"https:\/\/roveyayinevi.com.tr\/index.php\/wp-json\/wp\/v2\/media?parent=706249"}],"wp:term":[{"taxonomy":"product_brand","embeddable":true,"href":"https:\/\/roveyayinevi.com.tr\/index.php\/wp-json\/wp\/v2\/product_brand?post=706249"},{"taxonomy":"product_cat","embeddable":true,"href":"https:\/\/roveyayinevi.com.tr\/index.php\/wp-json\/wp\/v2\/product_cat?post=706249"},{"taxonomy":"product_tag","embeddable":true,"href":"https:\/\/roveyayinevi.com.tr\/index.php\/wp-json\/wp\/v2\/product_tag?post=706249"}],"curies":[{"name":"wp","href":"https:\/\/api.w.org\/{rel}","templated":true}]}}