{"id":706247,"date":"2025-08-27T15:54:21","date_gmt":"2025-08-27T12:54:21","guid":{"rendered":"https:\/\/roveyayinevi.com.tr\/index.php\/urun\/yunan-mitolojisi-ciltli\/"},"modified":"2026-04-16T02:14:56","modified_gmt":"2026-04-15T23:14:56","slug":"yunan-mitolojisi-ciltli","status":"publish","type":"product","link":"https:\/\/roveyayinevi.com.tr\/index.php\/urun\/yunan-mitolojisi-ciltli\/","title":{"rendered":"Yunan Mitolojisi (Ciltli)"},"content":{"rendered":"<p>Olympos Da\u011f\u0131\u2019n\u0131n tepesinde, bulutlar\u0131n \u00fczerine kurulmu\u015f bir saray, i\u00e7inde d\u00fcnyaya h\u00fckmeden tanr\u0131lar&#8230; A\u015fa\u011f\u0131da ise krallar, canavarlar ve s\u0131radan insanlar&#8230;Tanr\u0131lar tanr\u0131s\u0131 Zeus, aile ve sadakat tanr\u0131\u00e7as\u0131 Hera, deniz tanr\u0131s\u0131 Poseidon, bitki ve toprak tanr\u0131\u00e7as\u0131 Demeter, yeralt\u0131 d\u00fcnyas\u0131n\u0131n tanr\u0131s\u0131 Hades ve di\u011fer g\u00fc\u00e7l\u00fc tanr\u0131 ve tanr\u0131\u00e7alar&#8230;D\u00fcnyan\u0131n en g\u00fc\u00e7l\u00fc erke\u011fi oldu\u011funu herkese kan\u0131tlayan Herakles, Troya Sava\u015f\u0131\u2019n\u0131n kahraman\u0131 \u0130thaka Kral\u0131 Odysseus, a\u015fk\u0131 u\u011fruna \u00f6l\u00fcler \u00fclkesine gitmeyi bile g\u00f6ze alan Psykhe, tanr\u0131 Apollon\u2019un cezas\u0131yla kulaklar\u0131 e\u015fek kulaklar\u0131na d\u00f6n\u00fc\u015fen Kral Midas&#8230;<\/p>\n","protected":false},"excerpt":{"rendered":"<p>Olympos Da\u011f\u0131\u2019n\u0131n tepesinde, bulutlar\u0131n \u00fczerine kurulmu\u015f bir saray, i\u00e7inde d\u00fcnyaya h\u00fckmeden tanr\u0131lar&#8230; A\u015fa\u011f\u0131da ise krallar, canavarlar ve s\u0131radan insanlar&#8230;Tanr\u0131lar tanr\u0131s\u0131 Zeus, aile ve sadakat tanr\u0131\u00e7as\u0131 Hera,<span class=\"excerpt-hellip\"> [\u2026]<\/span><\/p>\n","protected":false},"featured_media":0,"template":"","meta":{"_monsterinsights_skip_tracking":false,"_monsterinsights_sitenote_active":false,"_monsterinsights_sitenote_note":"","_monsterinsights_sitenote_category":0},"product_brand":[],"product_cat":[12718,12858],"product_tag":[],"class_list":{"0":"post-706247","1":"product","2":"type-product","3":"status-publish","5":"product_cat-din","6":"product_cat-mitolojiler","7":"pa_cilt-ciltli","8":"pa_tur-kitap","9":"pa_yayinevi-iletisim-yayinlari","10":"pa_yazar-anna-milbourne","11":"pa_yazar-louie-stowel","13":"first","14":"instock","15":"sale","16":"shipping-taxable","17":"purchasable","18":"product-type-simple"},"_links":{"self":[{"href":"https:\/\/roveyayinevi.com.tr\/index.php\/wp-json\/wp\/v2\/product\/706247","targetHints":{"allow":["GET"]}}],"collection":[{"href":"https:\/\/roveyayinevi.com.tr\/index.php\/wp-json\/wp\/v2\/product"}],"about":[{"href":"https:\/\/roveyayinevi.com.tr\/index.php\/wp-json\/wp\/v2\/types\/product"}],"wp:attachment":[{"href":"https:\/\/roveyayinevi.com.tr\/index.php\/wp-json\/wp\/v2\/media?parent=706247"}],"wp:term":[{"taxonomy":"product_brand","embeddable":true,"href":"https:\/\/roveyayinevi.com.tr\/index.php\/wp-json\/wp\/v2\/product_brand?post=706247"},{"taxonomy":"product_cat","embeddable":true,"href":"https:\/\/roveyayinevi.com.tr\/index.php\/wp-json\/wp\/v2\/product_cat?post=706247"},{"taxonomy":"product_tag","embeddable":true,"href":"https:\/\/roveyayinevi.com.tr\/index.php\/wp-json\/wp\/v2\/product_tag?post=706247"}],"curies":[{"name":"wp","href":"https:\/\/api.w.org\/{rel}","templated":true}]}}