{"id":706246,"date":"2025-08-27T15:54:21","date_gmt":"2025-08-27T12:54:21","guid":{"rendered":"https:\/\/roveyayinevi.com.tr\/index.php\/urun\/parcalanan-devrim-dusleri-osmanli-imparatorlugunun-son-doneminde-hurriyetten-siddete\/"},"modified":"2026-04-16T02:14:56","modified_gmt":"2026-04-15T23:14:56","slug":"parcalanan-devrim-dusleri-osmanli-imparatorlugunun-son-doneminde-hurriyetten-siddete","status":"publish","type":"product","link":"https:\/\/roveyayinevi.com.tr\/index.php\/urun\/parcalanan-devrim-dusleri-osmanli-imparatorlugunun-son-doneminde-hurriyetten-siddete\/","title":{"rendered":"Par\u00e7alanan Devrim D\u00fc\u015fleri: Osmanl\u0131 \u0130mparatorlu\u011fu&#8217;nun Son D\u00f6neminde H\u00fcrriyetten \u015eiddete"},"content":{"rendered":"<p>Farkl\u0131 etnik-din\u00ee gruplar\u0131 bar\u0131nd\u0131ran Osmanl\u0131 \u0130mparatorlu\u011fu&#8217;nun geni\u015f co\u011frafyas\u0131nda, d\u00fcnyada y\u00fckselen devrim dalgalar\u0131ndan ve me\u015frutiyet hareketlerinden de etkilenilerek, 1908&#8217;de me\u015frutiyet ilan edildi. 1789 Frans\u0131z Devrimi&#8217;nin sembollerinden &#8220;\u00f6zg\u00fcrl\u00fck, e\u015fitlik, karde\u015flik&#8221; slogan\u0131n\u0131 \u00f6ne \u00e7\u0131kararak Osmanl\u0131 yurtta\u015fl\u0131\u011f\u0131 yaratmay\u0131 ama\u00e7layan bu devrim, Par\u00e7alanan Devrim D\u00fc\u015fleri&#8217;nde, \u00fclkedeki bask\u0131n olmayan gruplar a\u00e7\u0131s\u0131ndan inceleniyor. Bedross der Matossian, karde\u015flik idealinin \u00f6n\u00fcndeki engellerden biri olan etnik s\u0131n\u0131rlar\u0131n devrime ra\u011fmen var olmay\u0131 s\u00fcrd\u00fcrd\u00fc\u011f\u00fcn\u00fc dile getiriyor. Ermenileri, Araplar\u0131 ve Yahudileri merkeze alarak yapt\u0131\u011f\u0131 bu \u00e7al\u0131\u015fmas\u0131nda, y\u00f6netici elitler ile Osmanl\u0131 tebaas\u0131 aras\u0131ndaki m\u00fczakere eksikli\u011fi ve etnik siyasetin \u00f6n plana \u00e7\u0131kmas\u0131 gibi sebeplerin devrim ideallerinin ger\u00e7ekle\u015fmesini nas\u0131l engelledi\u011fini inceliyor. Bu s\u00fcre\u00e7te bask\u0131n olmayan gruplar i\u00e7in devrimin neden bir hayal k\u0131r\u0131kl\u0131\u011f\u0131na d\u00f6n\u00fc\u015ft\u00fc\u011f\u00fcn\u00fc g\u00f6zler \u00f6n\u00fcne seriyor. <\/p>\n","protected":false},"excerpt":{"rendered":"<p>Farkl\u0131 etnik-din\u00ee gruplar\u0131 bar\u0131nd\u0131ran Osmanl\u0131 \u0130mparatorlu\u011fu&#8217;nun geni\u015f co\u011frafyas\u0131nda, d\u00fcnyada y\u00fckselen devrim dalgalar\u0131ndan ve me\u015frutiyet hareketlerinden de etkilenilerek, 1908&#8217;de me\u015frutiyet ilan edildi. 1789 Frans\u0131z Devrimi&#8217;nin sembollerinden &#8220;\u00f6zg\u00fcrl\u00fck,<span class=\"excerpt-hellip\"> [\u2026]<\/span><\/p>\n","protected":false},"featured_media":0,"template":"","meta":{"_monsterinsights_skip_tracking":false,"_monsterinsights_sitenote_active":false,"_monsterinsights_sitenote_note":"","_monsterinsights_sitenote_category":0},"product_brand":[],"product_cat":[13590,12337],"product_tag":[],"class_list":{"0":"post-706246","1":"product","2":"type-product","3":"status-publish","5":"product_cat-arastirma-inceleme-politika-siyaset","6":"product_cat-politika-siyaset","7":"pa_cilt-ciltsiz","8":"pa_tur-kitap","9":"pa_yayinevi-iletisim-yayinlari","10":"pa_yazar-bedross-der-matossian","12":"first","13":"instock","14":"sale","15":"shipping-taxable","16":"purchasable","17":"product-type-simple"},"_links":{"self":[{"href":"https:\/\/roveyayinevi.com.tr\/index.php\/wp-json\/wp\/v2\/product\/706246","targetHints":{"allow":["GET"]}}],"collection":[{"href":"https:\/\/roveyayinevi.com.tr\/index.php\/wp-json\/wp\/v2\/product"}],"about":[{"href":"https:\/\/roveyayinevi.com.tr\/index.php\/wp-json\/wp\/v2\/types\/product"}],"wp:attachment":[{"href":"https:\/\/roveyayinevi.com.tr\/index.php\/wp-json\/wp\/v2\/media?parent=706246"}],"wp:term":[{"taxonomy":"product_brand","embeddable":true,"href":"https:\/\/roveyayinevi.com.tr\/index.php\/wp-json\/wp\/v2\/product_brand?post=706246"},{"taxonomy":"product_cat","embeddable":true,"href":"https:\/\/roveyayinevi.com.tr\/index.php\/wp-json\/wp\/v2\/product_cat?post=706246"},{"taxonomy":"product_tag","embeddable":true,"href":"https:\/\/roveyayinevi.com.tr\/index.php\/wp-json\/wp\/v2\/product_tag?post=706246"}],"curies":[{"name":"wp","href":"https:\/\/api.w.org\/{rel}","templated":true}]}}