{"id":706245,"date":"2025-08-27T15:54:20","date_gmt":"2025-08-27T12:54:20","guid":{"rendered":"https:\/\/roveyayinevi.com.tr\/index.php\/urun\/fakihler-ve-sofularin-kavgasi-17-yuzyilda-kadizadeliler-ve-sivasiler\/"},"modified":"2026-04-16T02:14:56","modified_gmt":"2026-04-15T23:14:56","slug":"fakihler-ve-sofularin-kavgasi-17-yuzyilda-kadizadeliler-ve-sivasiler","status":"publish","type":"product","link":"https:\/\/roveyayinevi.com.tr\/index.php\/urun\/fakihler-ve-sofularin-kavgasi-17-yuzyilda-kadizadeliler-ve-sivasiler\/","title":{"rendered":"Fakihler ve Sofular\u0131n Kavgas\u0131: 17. Y\u00fczy\u0131lda Kad\u0131zadeliler ve Sivasiler"},"content":{"rendered":"<p>Osmanl\u0131 \u0130mparatorlu\u011fu\u2019nun 17. y\u00fczy\u0131ldaki fikir ve zihniyet d\u00fcnyas\u0131n\u0131 resmeden bir kitap\u2026 Ulem\u00e2 i\u00e7i tart\u0131\u015fmalar ve kutupla\u015fmalar\u0131n, sadece dinle ilgili de\u011fil, devlet ve toplum hayat\u0131 ile ilgili tayin edici oldu\u011fu bir d\u00f6nem bu. Fakihlerle sofular, ba\u015fka deyi\u015fle v\u00e2izlerle \u015feyhler aras\u0131ndaki, \u0130sl\u00e2m tarihini kat etmi\u015f m\u00fccadelenin bu safhas\u0131 da siyaseti etkileme emeli etraf\u0131nda d\u00fc\u011f\u00fcmleniyor. Ali Fuat Bilkan, iki ulem\u00e2 \u201chizbini\u201d olu\u015fturan Kad\u0131z\u00e2deliler ile Siv\u00e2s\u00eeler aras\u0131ndaki kavgan\u0131n, nas\u0131l bir karga\u015faya ve ayn\u0131 zamanda nas\u0131l bir taassup h\u00e2kimiyetine yol a\u00e7t\u0131\u011f\u0131n\u0131 anlat\u0131yor. T\u00fct\u00fcn ve kahve kullan\u0131m\u0131ndan \u015fark\u0131 s\u00f6ylemeye, sel\u00e2m usullerinden kabir ziyaretine, bir\u00e7ok somut konudaki m\u00fcnaka\u015falarla birlikte\u2026 Hik\u00e2yede, ad\u0131 deyimle\u015fmi\u015f Cinci Hoca\u2019n\u0131n ve g\u00fcn\u00fcm\u00fczde komplo teorilerinin konusu olan Sabetay Sevi\u2019nin de yeri var. G\u00fcn\u00fcm\u00fcz\u00fcn siyasal zihniyet d\u00fcnyas\u0131n\u0131 ve k\u00fclt\u00fcr\u00fcn\u00fc anlaman\u0131n da anahtarlar\u0131n\u0131 sunan bir inceleme. \u201cEsas\u0131nda dinde \u201cf\u00fcru\u00e2t\u201d (ikinci derecede \u00f6nemli) olarak yorumlanabilecek baz\u0131 hususlar\u0131, muhataplar\u0131n\u0131 tekfir edecek derecede kullanma tavr\u0131, g\u00fcn\u00fcm\u00fczde de bir zihniyet \u00f6rne\u011fi olarak devam etmektedir. D\u00f6rt Halife d\u00f6neminden sonra ba\u015flayan ve bug\u00fcn farkl\u0131 grup, tarikat, cema\u00e2t, din\u00ee veya siyas\u00ee hareket g\u00f6r\u00fcn\u00fcm\u00fcnde devam eden bu zihniyet, esas olarak ideallerine y\u00f6netim g\u00fcc\u00fcn\u00fc arkas\u0131na almak suretiyle tepeden inme bir metotla ula\u015fmay\u0131 hedeflemi\u015ftir.\u201d AL\u0130 FUAT B\u0130LKAN<\/p>\n","protected":false},"excerpt":{"rendered":"<p>Osmanl\u0131 \u0130mparatorlu\u011fu\u2019nun 17. y\u00fczy\u0131ldaki fikir ve zihniyet d\u00fcnyas\u0131n\u0131 resmeden bir kitap\u2026 Ulem\u00e2 i\u00e7i tart\u0131\u015fmalar ve kutupla\u015fmalar\u0131n, sadece dinle ilgili de\u011fil, devlet ve toplum hayat\u0131 ile ilgili<span class=\"excerpt-hellip\"> [\u2026]<\/span><\/p>\n","protected":false},"featured_media":0,"template":"","meta":{"_monsterinsights_skip_tracking":false,"_monsterinsights_sitenote_active":false,"_monsterinsights_sitenote_note":"","_monsterinsights_sitenote_category":0},"product_brand":[],"product_cat":[13590,12337],"product_tag":[],"class_list":{"0":"post-706245","1":"product","2":"type-product","3":"status-publish","5":"product_cat-arastirma-inceleme-politika-siyaset","6":"product_cat-politika-siyaset","7":"pa_cilt-ciltsiz","8":"pa_tur-kitap","9":"pa_yayinevi-iletisim-yayinlari","10":"pa_yazar-ali-fuat-bilkan","12":"first","13":"instock","14":"sale","15":"shipping-taxable","16":"purchasable","17":"product-type-simple"},"_links":{"self":[{"href":"https:\/\/roveyayinevi.com.tr\/index.php\/wp-json\/wp\/v2\/product\/706245","targetHints":{"allow":["GET"]}}],"collection":[{"href":"https:\/\/roveyayinevi.com.tr\/index.php\/wp-json\/wp\/v2\/product"}],"about":[{"href":"https:\/\/roveyayinevi.com.tr\/index.php\/wp-json\/wp\/v2\/types\/product"}],"wp:attachment":[{"href":"https:\/\/roveyayinevi.com.tr\/index.php\/wp-json\/wp\/v2\/media?parent=706245"}],"wp:term":[{"taxonomy":"product_brand","embeddable":true,"href":"https:\/\/roveyayinevi.com.tr\/index.php\/wp-json\/wp\/v2\/product_brand?post=706245"},{"taxonomy":"product_cat","embeddable":true,"href":"https:\/\/roveyayinevi.com.tr\/index.php\/wp-json\/wp\/v2\/product_cat?post=706245"},{"taxonomy":"product_tag","embeddable":true,"href":"https:\/\/roveyayinevi.com.tr\/index.php\/wp-json\/wp\/v2\/product_tag?post=706245"}],"curies":[{"name":"wp","href":"https:\/\/api.w.org\/{rel}","templated":true}]}}