{"id":706243,"date":"2025-08-27T15:54:19","date_gmt":"2025-08-27T12:54:19","guid":{"rendered":"https:\/\/roveyayinevi.com.tr\/index.php\/urun\/mahalledeki-akp-parti-isleyisi-taban-mobilizasyonu-ve-siyasal-yabancilasma\/"},"modified":"2026-04-16T02:14:55","modified_gmt":"2026-04-15T23:14:55","slug":"mahalledeki-akp-parti-isleyisi-taban-mobilizasyonu-ve-siyasal-yabancilasma","status":"publish","type":"product","link":"https:\/\/roveyayinevi.com.tr\/index.php\/urun\/mahalledeki-akp-parti-isleyisi-taban-mobilizasyonu-ve-siyasal-yabancilasma\/","title":{"rendered":"Mahalledeki Akp: Parti \u0130\u015fleyi\u015fi, Taban Mobilizasyonu ve Siyasal Yabanc\u0131la\u015fma"},"content":{"rendered":"<p>\u201cPartiye biz ne kadar destek oluyorsak, parti de bizi de\u011fi\u015ftirdi. Ben kendim, ki\u015fili\u011fim, k\u0131yafetim&#8230; \u00c7ocuklar\u0131m\u0131zla ili\u015fkilerimiz de\u011fi\u015fti. Ev han\u0131m\u0131yd\u0131k, g\u00fcnl\u00fck, temizlik vesaire&#8230; Burada oturunca kendimizi daha \u00e7al\u0131\u015fkan, daha faydal\u0131 hissediyoruz. (&#8230;) Oturmaktan kalkmaya [kadar], biz partiye ne kadar faydal\u0131 olduysak da o da&#8230; Ben yapt\u0131\u011f\u0131m \u00e7ok \u015feyi burada kazand\u0131m. Seminerlere kat\u0131ld\u0131ktan sonra \u00e7ocuklar\u0131mla, e\u015fimle aramdaki diyalog de\u011fi\u015fti.\u201d <\/p>\n","protected":false},"excerpt":{"rendered":"<p>\u201cPartiye biz ne kadar destek oluyorsak, parti de bizi de\u011fi\u015ftirdi. Ben kendim, ki\u015fili\u011fim, k\u0131yafetim&#8230; \u00c7ocuklar\u0131m\u0131zla ili\u015fkilerimiz de\u011fi\u015fti. Ev han\u0131m\u0131yd\u0131k, g\u00fcnl\u00fck, temizlik vesaire&#8230; Burada oturunca kendimizi daha<span class=\"excerpt-hellip\"> [\u2026]<\/span><\/p>\n","protected":false},"featured_media":0,"template":"","meta":{"_monsterinsights_skip_tracking":false,"_monsterinsights_sitenote_active":false,"_monsterinsights_sitenote_note":"","_monsterinsights_sitenote_category":0},"product_brand":[],"product_cat":[12337,14543],"product_tag":[],"class_list":{"0":"post-706243","1":"product","2":"type-product","3":"status-publish","5":"product_cat-politika-siyaset","6":"product_cat-turkiye-siyaseti-ve-politikasi","7":"pa_cilt-ciltsiz","8":"pa_tur-kitap","9":"pa_yayinevi-iletisim-yayinlari","10":"pa_yazar-sevinc-dogan","12":"first","13":"instock","14":"sale","15":"shipping-taxable","16":"purchasable","17":"product-type-simple"},"_links":{"self":[{"href":"https:\/\/roveyayinevi.com.tr\/index.php\/wp-json\/wp\/v2\/product\/706243","targetHints":{"allow":["GET"]}}],"collection":[{"href":"https:\/\/roveyayinevi.com.tr\/index.php\/wp-json\/wp\/v2\/product"}],"about":[{"href":"https:\/\/roveyayinevi.com.tr\/index.php\/wp-json\/wp\/v2\/types\/product"}],"wp:attachment":[{"href":"https:\/\/roveyayinevi.com.tr\/index.php\/wp-json\/wp\/v2\/media?parent=706243"}],"wp:term":[{"taxonomy":"product_brand","embeddable":true,"href":"https:\/\/roveyayinevi.com.tr\/index.php\/wp-json\/wp\/v2\/product_brand?post=706243"},{"taxonomy":"product_cat","embeddable":true,"href":"https:\/\/roveyayinevi.com.tr\/index.php\/wp-json\/wp\/v2\/product_cat?post=706243"},{"taxonomy":"product_tag","embeddable":true,"href":"https:\/\/roveyayinevi.com.tr\/index.php\/wp-json\/wp\/v2\/product_tag?post=706243"}],"curies":[{"name":"wp","href":"https:\/\/api.w.org\/{rel}","templated":true}]}}