{"id":706242,"date":"2025-08-27T15:54:19","date_gmt":"2025-08-27T12:54:19","guid":{"rendered":"https:\/\/roveyayinevi.com.tr\/index.php\/urun\/hovarda-alemi-tasrada-eglence-erkeklik\/"},"modified":"2026-04-16T02:14:55","modified_gmt":"2026-04-15T23:14:55","slug":"hovarda-alemi-tasrada-eglence-erkeklik","status":"publish","type":"product","link":"https:\/\/roveyayinevi.com.tr\/index.php\/urun\/hovarda-alemi-tasrada-eglence-erkeklik\/","title":{"rendered":"Hovarda Alemi: Ta\u015frada E\u011flence Erkeklik"},"content":{"rendered":"<p>\u201cAbi \u015fimdi diyelim kad\u0131n benim yan\u0131mda oturuyor, vol s\u00f6ylemezsen kalkar. Kalksa misal ortamda bir s\u00fcr\u00fc orospu \u00e7ocu\u011fu oturuyor, onlar hele aran birileriyle bozuksa, belki adam\u0131n niyeti o de\u011fil ama gider oraya oturur diye d\u00fc\u015f\u00fcn\u00fcrs\u00fcn, kalkmas\u0131n dersin. Kad\u0131n bunu bilir, garson senin aran kiminle bozuk bunu bilir, zaten garson dedi\u011fin adam orospu \u00e7ocu\u011funun \u00f6nde gideni, bir d\u00f6n\u00fcm i\u00e7inde k\u0131rk taz\u0131 yakalayamaz. \u015eimdi kad\u0131n bir de senin masana oturunca, hele sen iki \u00fc\u00e7 ak\u015fam oraya gidip, bir \u015feyler s\u00f6ylemi\u015fsen, yani yat\u0131r\u0131m yapm\u0131\u015fsan, <\/p>\n","protected":false},"excerpt":{"rendered":"<p>\u201cAbi \u015fimdi diyelim kad\u0131n benim yan\u0131mda oturuyor, vol s\u00f6ylemezsen kalkar. Kalksa misal ortamda bir s\u00fcr\u00fc orospu \u00e7ocu\u011fu oturuyor, onlar hele aran birileriyle bozuksa, belki adam\u0131n niyeti<span class=\"excerpt-hellip\"> [\u2026]<\/span><\/p>\n","protected":false},"featured_media":0,"template":"","meta":{"_monsterinsights_skip_tracking":false,"_monsterinsights_sitenote_active":false,"_monsterinsights_sitenote_note":"","_monsterinsights_sitenote_category":0},"product_brand":[],"product_cat":[13590,12337],"product_tag":[],"class_list":{"0":"post-706242","1":"product","2":"type-product","3":"status-publish","5":"product_cat-arastirma-inceleme-politika-siyaset","6":"product_cat-politika-siyaset","7":"pa_cilt-ciltsiz","8":"pa_tur-kitap","9":"pa_yayinevi-iletisim-yayinlari","10":"pa_yazar-osman-ozarslan","12":"first","13":"instock","14":"sale","15":"shipping-taxable","16":"purchasable","17":"product-type-simple"},"_links":{"self":[{"href":"https:\/\/roveyayinevi.com.tr\/index.php\/wp-json\/wp\/v2\/product\/706242","targetHints":{"allow":["GET"]}}],"collection":[{"href":"https:\/\/roveyayinevi.com.tr\/index.php\/wp-json\/wp\/v2\/product"}],"about":[{"href":"https:\/\/roveyayinevi.com.tr\/index.php\/wp-json\/wp\/v2\/types\/product"}],"wp:attachment":[{"href":"https:\/\/roveyayinevi.com.tr\/index.php\/wp-json\/wp\/v2\/media?parent=706242"}],"wp:term":[{"taxonomy":"product_brand","embeddable":true,"href":"https:\/\/roveyayinevi.com.tr\/index.php\/wp-json\/wp\/v2\/product_brand?post=706242"},{"taxonomy":"product_cat","embeddable":true,"href":"https:\/\/roveyayinevi.com.tr\/index.php\/wp-json\/wp\/v2\/product_cat?post=706242"},{"taxonomy":"product_tag","embeddable":true,"href":"https:\/\/roveyayinevi.com.tr\/index.php\/wp-json\/wp\/v2\/product_tag?post=706242"}],"curies":[{"name":"wp","href":"https:\/\/api.w.org\/{rel}","templated":true}]}}