{"id":706240,"date":"2025-08-27T15:54:18","date_gmt":"2025-08-27T12:54:18","guid":{"rendered":"https:\/\/roveyayinevi.com.tr\/index.php\/urun\/allah-vatansoy-milli-mukaddesat-turk-milliyetciler-dernegi-1951-1953\/"},"modified":"2026-04-16T02:14:55","modified_gmt":"2026-04-15T23:14:55","slug":"allah-vatansoy-milli-mukaddesat-turk-milliyetciler-dernegi-1951-1953","status":"publish","type":"product","link":"https:\/\/roveyayinevi.com.tr\/index.php\/urun\/allah-vatansoy-milli-mukaddesat-turk-milliyetciler-dernegi-1951-1953\/","title":{"rendered":"Allah, Vatan,Soy, Milli Mukaddesat: T\u00fcrk Milliyet\u00e7iler Derne\u011fi (1951-1953)"},"content":{"rendered":"<p>Allah, Vatan, Tarih, Dil, Anane, Sanat, Aile, Ahlak, H\u00fcrriyet ve Mill\u00ee Mukaddesat esaslar\u0131na dayanan T\u00fcrk milliyet\u00e7ili\u011fini i\u015flemek, T\u00fcrk milletini meydana getiren unsurlar\u0131 muhafaza etmek ve b\u00fct\u00fcn milliyet\u00e7ileri te\u015fkil\u00e2tland\u0131rmak&#8230;\u201d 1951\u2019de kurulan Milliyet\u00e7iler Derne\u011fi\u2019nin gayesi b\u00f6yle a\u00e7\u0131klanm\u0131\u015ft\u0131. Bu dernek sadece 1953\u2019e kadar, k\u0131sa bir s\u00fcre faaliyet g\u00f6sterdi. Fakat T\u00fcrkiye\u2019de milliyet\u00e7i-muhafazakar s\u00f6ylemin in\u015fas\u0131 a\u00e7\u0131s\u0131ndan kurucu bir rol oynad\u0131. <\/p>\n","protected":false},"excerpt":{"rendered":"<p>Allah, Vatan, Tarih, Dil, Anane, Sanat, Aile, Ahlak, H\u00fcrriyet ve Mill\u00ee Mukaddesat esaslar\u0131na dayanan T\u00fcrk milliyet\u00e7ili\u011fini i\u015flemek, T\u00fcrk milletini meydana getiren unsurlar\u0131 muhafaza etmek ve b\u00fct\u00fcn<span class=\"excerpt-hellip\"> [\u2026]<\/span><\/p>\n","protected":false},"featured_media":0,"template":"","meta":{"_monsterinsights_skip_tracking":false,"_monsterinsights_sitenote_active":false,"_monsterinsights_sitenote_note":"","_monsterinsights_sitenote_category":0},"product_brand":[],"product_cat":[12337,14543],"product_tag":[],"class_list":{"0":"post-706240","1":"product","2":"type-product","3":"status-publish","5":"product_cat-politika-siyaset","6":"product_cat-turkiye-siyaseti-ve-politikasi","7":"pa_cilt-ciltsiz","8":"pa_tur-kitap","9":"pa_yayinevi-iletisim-yayinlari","10":"pa_yazar-murat-kilic","12":"first","13":"instock","14":"sale","15":"shipping-taxable","16":"purchasable","17":"product-type-simple"},"_links":{"self":[{"href":"https:\/\/roveyayinevi.com.tr\/index.php\/wp-json\/wp\/v2\/product\/706240","targetHints":{"allow":["GET"]}}],"collection":[{"href":"https:\/\/roveyayinevi.com.tr\/index.php\/wp-json\/wp\/v2\/product"}],"about":[{"href":"https:\/\/roveyayinevi.com.tr\/index.php\/wp-json\/wp\/v2\/types\/product"}],"wp:attachment":[{"href":"https:\/\/roveyayinevi.com.tr\/index.php\/wp-json\/wp\/v2\/media?parent=706240"}],"wp:term":[{"taxonomy":"product_brand","embeddable":true,"href":"https:\/\/roveyayinevi.com.tr\/index.php\/wp-json\/wp\/v2\/product_brand?post=706240"},{"taxonomy":"product_cat","embeddable":true,"href":"https:\/\/roveyayinevi.com.tr\/index.php\/wp-json\/wp\/v2\/product_cat?post=706240"},{"taxonomy":"product_tag","embeddable":true,"href":"https:\/\/roveyayinevi.com.tr\/index.php\/wp-json\/wp\/v2\/product_tag?post=706240"}],"curies":[{"name":"wp","href":"https:\/\/api.w.org\/{rel}","templated":true}]}}