{"id":706238,"date":"2025-08-27T15:54:17","date_gmt":"2025-08-27T12:54:17","guid":{"rendered":"https:\/\/roveyayinevi.com.tr\/index.php\/urun\/komunizmle-mucadele-dernekleri\/"},"modified":"2026-04-16T02:14:55","modified_gmt":"2026-04-15T23:14:55","slug":"komunizmle-mucadele-dernekleri","status":"publish","type":"product","link":"https:\/\/roveyayinevi.com.tr\/index.php\/urun\/komunizmle-mucadele-dernekleri\/","title":{"rendered":"Kom\u00fcnizmle M\u00fccadele Dernekleri"},"content":{"rendered":"<p>\u201cKim bunlar? Kim bu uzun sa\u00e7l\u0131 h\u0131rpani k\u0131l\u0131kl\u0131lar? Kim bunlar, T\u00fcrk polisine sat\u0131lm\u0131\u015f, T\u00fcrk ordusuna milli olmayan ordu demek c\u00fcretini g\u00f6steriyorlar. Kim bu a\u011f\u0131zlar\u0131 i\u00e7ki kokan sarho\u015flar? Biz Tanr\u0131dan oldu\u011fu kadar insano\u011flundan da umut kesemeyiz. Bir fahi\u015fenin namuslu kad\u0131nlara \u00f6zene \u00f6zene bir g\u00fcn t\u00fcm g\u00fcn\u00e2hlar\u0131ndan s\u0131yr\u0131l\u0131p, \u015feref doru\u011funa ula\u015ft\u0131\u011f\u0131 \u00e7ok g\u00f6r\u00fcld\u00fc\u011f\u00fc gibi, bir kom\u00fcnistin de i\u00e7inde bulundu\u011fu \u2018le\u015f\u2019 halinden tiksine tiksine bir g\u00fcn \u2018milliyet\u00e7ilik\u2019 gibi \u015feref y\u00fccesine t\u0131rmanmas\u0131 umulabilir.\u201d Her ideoloji gibi milliyet\u00e7i-muhafazak\u00e2r ideolojinin de belirli motifleri, vurgular\u0131 ve hedefleri vard\u0131r. Bunlar nas\u0131l bir tarihsel kesitte konumlan\u0131ld\u0131\u011f\u0131na g\u00f6re geri \u00e7ekilir, bi\u00e7im de\u011fi\u015ftirir ya da \u00f6ne \u00e7\u0131kar\u0131l\u0131rlar\u2026 Asl\u0131nda So\u011fuk Sava\u015f d\u00f6neminin ba\u015fat ideolojisi olarak kavranabilecek antikom\u00fcnizmin ve antikom\u00fcnist harek\u00e2t\u0131n T\u00fcrk sa\u011f\u0131 i\u00e7erisindeki pozisyonunu Kom\u00fcnizmle M\u00fccadele Dernekleri\u2019ni incelemeden kavramak m\u00fcmk\u00fcn de\u011fildir. Ertu\u011frul Me\u015fe, sebatla ve titizlikle, hem antikom\u00fcnist tahayy\u00fcl\u00fc hem de bunun ete kemi\u011fe b\u00fcr\u00fcnm\u00fc\u015f halini ele ald\u0131\u011f\u0131 Kom\u00fcnizmle M\u00fccadele Dernekleri: T\u00fcrk Sa\u011f\u0131nda Antikom\u00fcnizmin \u0130n\u015fas\u0131 adl\u0131 bu kitab\u0131nda, bir yandan antikom\u00fcnizmin T\u00fcrk sa\u011f\u0131 i\u00e7erisinde nas\u0131l kavrand\u0131\u011f\u0131 ve in\u015fa edildi\u011fini \u00fclke d\u0131\u015f\u0131ndaki geli\u015fmeleri de g\u00f6z ard\u0131 etmeden, tarihselle\u015ftirerek incelerken, \u00f6te yandan antikom\u00fcnizmi ba\u015fl\u0131 ba\u015f\u0131na bir ideoloji olarak \u201cdin, vatan, millet, aile ve namus\u201d gibi asl\u0131nda \u201cfeti\u015fle\u015ftirilen\u201d kavramlar ve motivasyonlar etraf\u0131nda tetkik ediyor. <\/p>\n","protected":false},"excerpt":{"rendered":"<p>\u201cKim bunlar? Kim bu uzun sa\u00e7l\u0131 h\u0131rpani k\u0131l\u0131kl\u0131lar? Kim bunlar, T\u00fcrk polisine sat\u0131lm\u0131\u015f, T\u00fcrk ordusuna milli olmayan ordu demek c\u00fcretini g\u00f6steriyorlar. Kim bu a\u011f\u0131zlar\u0131 i\u00e7ki kokan<span class=\"excerpt-hellip\"> [\u2026]<\/span><\/p>\n","protected":false},"featured_media":0,"template":"","meta":{"_monsterinsights_skip_tracking":false,"_monsterinsights_sitenote_active":false,"_monsterinsights_sitenote_note":"","_monsterinsights_sitenote_category":0},"product_brand":[],"product_cat":[16098,12337],"product_tag":[],"class_list":{"0":"post-706238","1":"product","2":"type-product","3":"status-publish","5":"product_cat-politik-akimlar-hareketler","6":"product_cat-politika-siyaset","7":"pa_cilt-ciltsiz","8":"pa_tur-kitap","9":"pa_yayinevi-iletisim-yayinlari","10":"pa_yazar-ertugrul-mese","12":"first","13":"instock","14":"sale","15":"shipping-taxable","16":"purchasable","17":"product-type-simple"},"_links":{"self":[{"href":"https:\/\/roveyayinevi.com.tr\/index.php\/wp-json\/wp\/v2\/product\/706238","targetHints":{"allow":["GET"]}}],"collection":[{"href":"https:\/\/roveyayinevi.com.tr\/index.php\/wp-json\/wp\/v2\/product"}],"about":[{"href":"https:\/\/roveyayinevi.com.tr\/index.php\/wp-json\/wp\/v2\/types\/product"}],"wp:attachment":[{"href":"https:\/\/roveyayinevi.com.tr\/index.php\/wp-json\/wp\/v2\/media?parent=706238"}],"wp:term":[{"taxonomy":"product_brand","embeddable":true,"href":"https:\/\/roveyayinevi.com.tr\/index.php\/wp-json\/wp\/v2\/product_brand?post=706238"},{"taxonomy":"product_cat","embeddable":true,"href":"https:\/\/roveyayinevi.com.tr\/index.php\/wp-json\/wp\/v2\/product_cat?post=706238"},{"taxonomy":"product_tag","embeddable":true,"href":"https:\/\/roveyayinevi.com.tr\/index.php\/wp-json\/wp\/v2\/product_tag?post=706238"}],"curies":[{"name":"wp","href":"https:\/\/api.w.org\/{rel}","templated":true}]}}