{"id":706237,"date":"2025-08-27T15:54:17","date_gmt":"2025-08-27T12:54:17","guid":{"rendered":"https:\/\/roveyayinevi.com.tr\/index.php\/urun\/bulent-ecevit-karaoglan\/"},"modified":"2026-04-16T02:14:55","modified_gmt":"2026-04-15T23:14:55","slug":"bulent-ecevit-karaoglan","status":"publish","type":"product","link":"https:\/\/roveyayinevi.com.tr\/index.php\/urun\/bulent-ecevit-karaoglan\/","title":{"rendered":"B\u00fclent Ecevit: Karao\u011flan"},"content":{"rendered":"<p>\u00dclkenin en eski ve devlet kurucu h\u00fcviyeti ta\u015f\u0131yan partisi CHP\u2019nin \u00fcyeleri ve taraftarlar\u0131, 1970\u2019lerde \u201cEcevit\u00e7i\u201d diye an\u0131l\u0131yordu \u2013 bu durum, B\u00fclent Ecevit\u2019in etkisini \u00f6zetlemeye yetecektir. \u00d6ncesinde, 1950\u2019lerden 60\u2019lara uzanan d\u00f6nemde, CHP\u2019nin \u201cOrtan\u0131n Solu\u201dna d\u00f6nmesinin \u00f6nc\u00fclerindendi. 12 Mart 1971 darbesine kar\u015f\u0131 tutumuyla, CHP\u2019de tarih\u00ee bir kopu\u015fu ger\u00e7ekle\u015ftirdi ve lider oldu. 70\u2019lerin ard\u0131ndan, 12 Eyl\u00fcl 1980 darbesinden sonra, CHP\u2019yi terk ederek kurdu\u011fu Demokratik Sol Parti\u2019yle kendine yeni bir rota \u00e7izdi ve bu rota onu 1990\u2019lar\u0131n sonunda ba\u015fbakanl\u0131\u011fa g\u00f6t\u00fcrd\u00fc. Bu d\u00f6nemde ideolojik serencam\u0131 \u00e7ok tart\u0131\u015f\u0131ld\u0131. Faal gazetecilik deneyiminden gelen, \u015fair ve entelekt\u00fcel kimli\u011fi olan, romantik imgesi ve karizmas\u0131 bu vas\u0131flar\u0131yla tamamlanan, s\u0131ra d\u0131\u015f\u0131 bir siyaset\u00e7i portresi&#8230; Elinizdeki kitap, T\u00fcrkiye\u2019nin yar\u0131m asr\u0131nda izi olan B\u00fclent Ecevit\u2019in fikir, siyaset ve hayat hik\u00e2yesini anlat\u0131yor. \u201cKitlelerin Ecevit\u2019e yak\u0131\u015ft\u0131rd\u0131\u011f\u0131 Karao\u011flan benzetmesi, halk\u0131n onu bir politikac\u0131dan \u00e7ok pop\u00fcler bir y\u0131ld\u0131z gibi g\u00f6rd\u00fc\u011f\u00fcn\u00fc g\u00f6steriyordu. (\u2026) Ayn\u0131 zamanda \u2018bir politikac\u0131 gibi davranmay\u0131\u2019 reddetti; konu\u015fmalar\u0131 idealizmle dolu olmakla birlikte do\u011frudand\u0131.\u201d Feroz Ahmad &#8211; Demokrasi S\u00fcrecinde T\u00fcrkiye<\/p>\n","protected":false},"excerpt":{"rendered":"<p>\u00dclkenin en eski ve devlet kurucu h\u00fcviyeti ta\u015f\u0131yan partisi CHP\u2019nin \u00fcyeleri ve taraftarlar\u0131, 1970\u2019lerde \u201cEcevit\u00e7i\u201d diye an\u0131l\u0131yordu \u2013 bu durum, B\u00fclent Ecevit\u2019in etkisini \u00f6zetlemeye yetecektir. \u00d6ncesinde,<span class=\"excerpt-hellip\"> [\u2026]<\/span><\/p>\n","protected":false},"featured_media":0,"template":"","meta":{"_monsterinsights_skip_tracking":false,"_monsterinsights_sitenote_active":false,"_monsterinsights_sitenote_note":"","_monsterinsights_sitenote_category":0},"product_brand":[],"product_cat":[12312,12304],"product_tag":[],"class_list":{"0":"post-706237","1":"product","2":"type-product","3":"status-publish","5":"product_cat-diger","6":"product_cat-tarih","7":"pa_cilt-ciltsiz","8":"pa_tur-kitap","9":"pa_yayinevi-iletisim-yayinlari","10":"pa_yazar-mustafa-colak","12":"first","13":"instock","14":"sale","15":"shipping-taxable","16":"purchasable","17":"product-type-simple"},"_links":{"self":[{"href":"https:\/\/roveyayinevi.com.tr\/index.php\/wp-json\/wp\/v2\/product\/706237","targetHints":{"allow":["GET"]}}],"collection":[{"href":"https:\/\/roveyayinevi.com.tr\/index.php\/wp-json\/wp\/v2\/product"}],"about":[{"href":"https:\/\/roveyayinevi.com.tr\/index.php\/wp-json\/wp\/v2\/types\/product"}],"wp:attachment":[{"href":"https:\/\/roveyayinevi.com.tr\/index.php\/wp-json\/wp\/v2\/media?parent=706237"}],"wp:term":[{"taxonomy":"product_brand","embeddable":true,"href":"https:\/\/roveyayinevi.com.tr\/index.php\/wp-json\/wp\/v2\/product_brand?post=706237"},{"taxonomy":"product_cat","embeddable":true,"href":"https:\/\/roveyayinevi.com.tr\/index.php\/wp-json\/wp\/v2\/product_cat?post=706237"},{"taxonomy":"product_tag","embeddable":true,"href":"https:\/\/roveyayinevi.com.tr\/index.php\/wp-json\/wp\/v2\/product_tag?post=706237"}],"curies":[{"name":"wp","href":"https:\/\/api.w.org\/{rel}","templated":true}]}}