{"id":706235,"date":"2025-08-27T15:53:40","date_gmt":"2025-08-27T12:53:40","guid":{"rendered":"https:\/\/roveyayinevi.com.tr\/index.php\/urun\/en-eski-yuz\/"},"modified":"2026-04-16T02:14:55","modified_gmt":"2026-04-15T23:14:55","slug":"en-eski-yuz","status":"publish","type":"product","link":"https:\/\/roveyayinevi.com.tr\/index.php\/urun\/en-eski-yuz\/","title":{"rendered":"En Eski Y\u00fcz"},"content":{"rendered":"<p>Yoku\u015fun ba\u015f\u0131nda ha d\u00fc\u015ft\u00fc ha d\u00fc\u015fecek bir siluet g\u00f6r\u00fcyorum. Yakla\u015f\u0131yor mu, uzakla\u015f\u0131yor mu&#8230; Birazdan odam\u0131z odun ate\u015fiyle, kandil aleviyle, \u0131hlamur kokusuyla, radyonun duyulur duyulmaz sesiyle \u0131s\u0131n\u0131yor. Kar uyu\u015fturuyor akl\u0131m\u0131z\u0131. Neredeyse yeniden uykumuz gelecek. Yoku\u015ftan inip gelen adam unuttu\u011fum bir anda pencerenin dibinde beliriveriyor. Ay batarken, ay susarken\u2026 Uzun ve eski ac\u0131larla sokaklar, siluetler, ars\u0131z g\u00f6zler, kimsesiz sesler, dolmu\u015fun kokusu, ba\u015fka t\u00fcrl\u00fc olsayd\u0131 ac\u0131s\u0131, kuytu pencereler, \u00f6lmeye yatan a\u015fk. Radyoda \u015fark\u0131lar \u015fark\u0131lar\u2026 Pelin Buzluk, \u015fehrin en koyu gecesinin \u00f6yk\u00fclerini yaz\u0131yor En Eski Y\u00fcz\u2019de. Kuruyan, gelip ge\u00e7en. Do\u011fan g\u00fcne kar\u015f\u0131. Hayat, izbe bir meyhanede tek ba\u015f\u0131na bir kad\u0131n\u2026<\/p>\n","protected":false},"excerpt":{"rendered":"<p>Yoku\u015fun ba\u015f\u0131nda ha d\u00fc\u015ft\u00fc ha d\u00fc\u015fecek bir siluet g\u00f6r\u00fcyorum. Yakla\u015f\u0131yor mu, uzakla\u015f\u0131yor mu&#8230; Birazdan odam\u0131z odun ate\u015fiyle, kandil aleviyle, \u0131hlamur kokusuyla, radyonun duyulur duyulmaz sesiyle \u0131s\u0131n\u0131yor.<span class=\"excerpt-hellip\"> [\u2026]<\/span><\/p>\n","protected":false},"featured_media":0,"template":"","meta":{"_monsterinsights_skip_tracking":false,"_monsterinsights_sitenote_active":false,"_monsterinsights_sitenote_note":"","_monsterinsights_sitenote_category":0},"product_brand":[],"product_cat":[12291,12711],"product_tag":[],"class_list":{"0":"post-706235","1":"product","2":"type-product","3":"status-publish","5":"product_cat-edebiyat","6":"product_cat-roman-oyku","7":"pa_cilt-ciltsiz","8":"pa_tur-kitap","9":"pa_yayinevi-iletisim-yayinlari","10":"pa_yazar-pelin-buzluk","12":"first","13":"instock","14":"sale","15":"shipping-taxable","16":"purchasable","17":"product-type-simple"},"_links":{"self":[{"href":"https:\/\/roveyayinevi.com.tr\/index.php\/wp-json\/wp\/v2\/product\/706235","targetHints":{"allow":["GET"]}}],"collection":[{"href":"https:\/\/roveyayinevi.com.tr\/index.php\/wp-json\/wp\/v2\/product"}],"about":[{"href":"https:\/\/roveyayinevi.com.tr\/index.php\/wp-json\/wp\/v2\/types\/product"}],"wp:attachment":[{"href":"https:\/\/roveyayinevi.com.tr\/index.php\/wp-json\/wp\/v2\/media?parent=706235"}],"wp:term":[{"taxonomy":"product_brand","embeddable":true,"href":"https:\/\/roveyayinevi.com.tr\/index.php\/wp-json\/wp\/v2\/product_brand?post=706235"},{"taxonomy":"product_cat","embeddable":true,"href":"https:\/\/roveyayinevi.com.tr\/index.php\/wp-json\/wp\/v2\/product_cat?post=706235"},{"taxonomy":"product_tag","embeddable":true,"href":"https:\/\/roveyayinevi.com.tr\/index.php\/wp-json\/wp\/v2\/product_tag?post=706235"}],"curies":[{"name":"wp","href":"https:\/\/api.w.org\/{rel}","templated":true}]}}