{"id":706230,"date":"2025-08-27T15:53:38","date_gmt":"2025-08-27T12:53:38","guid":{"rendered":"https:\/\/roveyayinevi.com.tr\/index.php\/urun\/duygusal-egitim\/"},"modified":"2026-04-16T02:14:55","modified_gmt":"2026-04-15T23:14:55","slug":"duygusal-egitim","status":"publish","type":"product","link":"https:\/\/roveyayinevi.com.tr\/index.php\/urun\/duygusal-egitim\/","title":{"rendered":"Duygusal E\u011fitim"},"content":{"rendered":"<p>Flaubert olgunluk d\u00f6nemi \u015faheserinde, yerini sanayi toplumuna b\u0131rakacak romantik 1848 neslinin kayg\u0131lar\u0131n\u0131n ve yiten hayallerinin bir panoramas\u0131n\u0131 \u00e7iziyor. Hukuk \u00f6\u011frencisi gen\u00e7 Fr\u00e9d\u00e9ric Moreau, Paris\u2019ten ta\u015fradaki memleketine d\u00f6nd\u00fc\u011f\u00fc vapurda kar\u015f\u0131la\u015ft\u0131\u011f\u0131, evli ve kendisinden ya\u015f\u00e7a b\u00fcy\u00fck Madam Arnoux\u2019yu g\u00f6r\u00fcr g\u00f6rmez \u00e7arp\u0131lm\u0131\u015ft\u0131r. Sosyal ve siyasi devrimlerle sars\u0131lan Paris\u2019in de\u011fi\u015fmekte olan mozai\u011finde y\u0131llar boyunca yolu Madam Arnoux ve dost edindi\u011fi t\u00fcccar kocas\u0131yla defalarca kesi\u015fecek, gen\u00e7 Moreau \u00f6mr\u00fc boyunca kurtulamad\u0131\u011f\u0131 bir tutkunun esiri olacakt\u0131r. Flaubert\u2019in 1869 y\u0131l\u0131nda kaleme ald\u0131\u011f\u0131, ve \u201cakranlar\u0131m\u0131n ahl\u00e2k\u00ee tarihi\u201d olarak tasvir etti\u011fi Duygusal E\u011fitim, Avrupa\u2019n\u0131n en \u00e7alkant\u0131l\u0131 d\u00f6nemlerinden birinde duyarl\u0131 ve yetenekli bir gencin hayat\u0131n\u0131 itinayla yarat\u0131lm\u0131\u015f bir toplumsal resim i\u00e7erisinde izleyen bir belge niteli\u011finde. \ufffcTan\u0131t\u0131m Metni<\/p>\n","protected":false},"excerpt":{"rendered":"<p>Flaubert olgunluk d\u00f6nemi \u015faheserinde, yerini sanayi toplumuna b\u0131rakacak romantik 1848 neslinin kayg\u0131lar\u0131n\u0131n ve yiten hayallerinin bir panoramas\u0131n\u0131 \u00e7iziyor. Hukuk \u00f6\u011frencisi gen\u00e7 Fr\u00e9d\u00e9ric Moreau, Paris\u2019ten ta\u015fradaki memleketine<span class=\"excerpt-hellip\"> [\u2026]<\/span><\/p>\n","protected":false},"featured_media":0,"template":"","meta":{"_monsterinsights_skip_tracking":false,"_monsterinsights_sitenote_active":false,"_monsterinsights_sitenote_note":"","_monsterinsights_sitenote_category":0},"product_brand":[],"product_cat":[12291,13376],"product_tag":[],"class_list":{"0":"post-706230","1":"product","2":"type-product","3":"status-publish","5":"product_cat-edebiyat","6":"product_cat-fransiz-edebiyati","7":"pa_cilt-ciltsiz","8":"pa_tur-kitap","9":"pa_yayinevi-iletisim-yayinlari","10":"pa_yazar-gustave-flaubert","12":"first","13":"instock","14":"sale","15":"shipping-taxable","16":"purchasable","17":"product-type-simple"},"_links":{"self":[{"href":"https:\/\/roveyayinevi.com.tr\/index.php\/wp-json\/wp\/v2\/product\/706230","targetHints":{"allow":["GET"]}}],"collection":[{"href":"https:\/\/roveyayinevi.com.tr\/index.php\/wp-json\/wp\/v2\/product"}],"about":[{"href":"https:\/\/roveyayinevi.com.tr\/index.php\/wp-json\/wp\/v2\/types\/product"}],"wp:attachment":[{"href":"https:\/\/roveyayinevi.com.tr\/index.php\/wp-json\/wp\/v2\/media?parent=706230"}],"wp:term":[{"taxonomy":"product_brand","embeddable":true,"href":"https:\/\/roveyayinevi.com.tr\/index.php\/wp-json\/wp\/v2\/product_brand?post=706230"},{"taxonomy":"product_cat","embeddable":true,"href":"https:\/\/roveyayinevi.com.tr\/index.php\/wp-json\/wp\/v2\/product_cat?post=706230"},{"taxonomy":"product_tag","embeddable":true,"href":"https:\/\/roveyayinevi.com.tr\/index.php\/wp-json\/wp\/v2\/product_tag?post=706230"}],"curies":[{"name":"wp","href":"https:\/\/api.w.org\/{rel}","templated":true}]}}