{"id":706227,"date":"2025-08-27T15:53:36","date_gmt":"2025-08-27T12:53:36","guid":{"rendered":"https:\/\/roveyayinevi.com.tr\/index.php\/urun\/munih-komplosu\/"},"modified":"2026-02-03T02:24:53","modified_gmt":"2026-02-02T23:24:53","slug":"munih-komplosu","status":"publish","type":"product","link":"https:\/\/roveyayinevi.com.tr\/index.php\/urun\/munih-komplosu\/","title":{"rendered":"M\u00fcnih Komplosu"},"content":{"rendered":"<p>G\u00fcn\u00fcm\u00fcz siyasi polisiye edebiyat\u0131n\u0131n cesur ve ger\u00e7ek\u00e7i yazar\u0131 Wolfgang Schorlau\u2019dan yine sars\u0131c\u0131 bir \u201cderin devlet\u201d roman\u0131.Hikaye tamamen ger\u00e7ek bir olaya dayan\u0131yor: 1980\u2019de, M\u00fcnih\u2019te, geleneksel Ekim Festivali\u2019nde, kalabal\u0131\u011f\u0131n ortas\u0131nda bir bomba patlam\u0131\u015f, 13 ki\u015fi \u00f6lm\u00fc\u015f, iki y\u00fczden fazlas\u0131 yaralanm\u0131\u015ft\u0131. Sald\u0131r\u0131y\u0131 d\u00fczenleyen bir neonazi idi. Resmi soru\u015fturma, bunun \u201cm\u00fcnferit\u201d bir ter\u00f6r eylemi oldu\u011fu h\u00fckm\u00fcne vard\u0131.Acaba \u00f6yle miydi?Schorlau\u2019nun emekli polis \u00f6zel dedektifi Dengler, y\u0131llar sonra, bu vakan\u0131n pe\u015fine d\u00fc\u015f\u00fcyor. Her zamanki ahbaplar\u0131n\u0131n (bir y\u0131ld\u0131z fal\u0131 yazar\u0131 mesela), eski meslekta\u015flar\u0131ndan baz\u0131 namuslu polislerin ve namuslu bir iki politikac\u0131n\u0131n yard\u0131m\u0131yla&#8230;So\u011fuk Sava\u015f politikas\u0131n\u0131n dehlizlerindeki entrikalar, derin devlet, neonaziler&#8230;\u201cSchorlau, sadece kahraman\u0131 Georg Dengler\u2019i de\u011fil, okurunu da korku ve deh\u015fete d\u00fc\u015f\u00fcren varsay\u0131mlar ve yap\u0131larla u\u011fra\u015f\u0131yor.\u201dStuttgarter Nachr\u0131chten<\/p>\n","protected":false},"excerpt":{"rendered":"<p>G\u00fcn\u00fcm\u00fcz siyasi polisiye edebiyat\u0131n\u0131n cesur ve ger\u00e7ek\u00e7i yazar\u0131 Wolfgang Schorlau\u2019dan yine sars\u0131c\u0131 bir \u201cderin devlet\u201d roman\u0131.Hikaye tamamen ger\u00e7ek bir olaya dayan\u0131yor: 1980\u2019de, M\u00fcnih\u2019te, geleneksel Ekim Festivali\u2019nde,<span class=\"excerpt-hellip\"> [\u2026]<\/span><\/p>\n","protected":false},"featured_media":0,"template":"","meta":{"_monsterinsights_skip_tracking":false,"_monsterinsights_sitenote_active":false,"_monsterinsights_sitenote_note":"","_monsterinsights_sitenote_category":0},"product_brand":[],"product_cat":[12291,12711],"product_tag":[],"class_list":{"0":"post-706227","1":"product","2":"type-product","3":"status-publish","5":"product_cat-edebiyat","6":"product_cat-roman-oyku","7":"pa_cilt-ciltsiz","8":"pa_tur-kitap","9":"pa_yayinevi-iletisim-yayinlari","10":"pa_yazar-wolfgang-schorlau","12":"first","13":"instock","14":"sale","15":"shipping-taxable","16":"purchasable","17":"product-type-simple"},"_links":{"self":[{"href":"https:\/\/roveyayinevi.com.tr\/index.php\/wp-json\/wp\/v2\/product\/706227","targetHints":{"allow":["GET"]}}],"collection":[{"href":"https:\/\/roveyayinevi.com.tr\/index.php\/wp-json\/wp\/v2\/product"}],"about":[{"href":"https:\/\/roveyayinevi.com.tr\/index.php\/wp-json\/wp\/v2\/types\/product"}],"wp:attachment":[{"href":"https:\/\/roveyayinevi.com.tr\/index.php\/wp-json\/wp\/v2\/media?parent=706227"}],"wp:term":[{"taxonomy":"product_brand","embeddable":true,"href":"https:\/\/roveyayinevi.com.tr\/index.php\/wp-json\/wp\/v2\/product_brand?post=706227"},{"taxonomy":"product_cat","embeddable":true,"href":"https:\/\/roveyayinevi.com.tr\/index.php\/wp-json\/wp\/v2\/product_cat?post=706227"},{"taxonomy":"product_tag","embeddable":true,"href":"https:\/\/roveyayinevi.com.tr\/index.php\/wp-json\/wp\/v2\/product_tag?post=706227"}],"curies":[{"name":"wp","href":"https:\/\/api.w.org\/{rel}","templated":true}]}}