{"id":706222,"date":"2025-08-27T15:53:34","date_gmt":"2025-08-27T12:53:34","guid":{"rendered":"https:\/\/roveyayinevi.com.tr\/index.php\/urun\/iste-warhol\/"},"modified":"2026-04-16T02:14:55","modified_gmt":"2026-04-15T23:14:55","slug":"iste-warhol","status":"publish","type":"product","link":"https:\/\/roveyayinevi.com.tr\/index.php\/urun\/iste-warhol\/","title":{"rendered":"\u0130\u015fte Warhol"},"content":{"rendered":"<p>Bacon, Caravaggio, Cezanne, Dal\u00ed, Gaudi, Gauguin, Goya, Kandinsky, Leonardo da Vinci, Magritte, Matisse, Monet, Pollock, Rembrandt, Van Gogh, Warhol, Frank Lloyd Wright. Farkl\u0131 \u00fclkelerden, farkl\u0131 ak\u0131mlardan, sanat d\u00fcnyas\u0131nda iz b\u0131rakm\u0131\u015f on yedi sanat\u00e7\u0131. \u00d6d\u00fcll\u00fc \u00e7izerlerin kitaplara \u00f6zel \u00e7izdikleri ill\u00fcstrasyonlarla her biri kendi ba\u015f\u0131na da bir sanat eseri aday\u0131 olan 17 kitap. hep kitap \u201c\u0130\u015fte\u201d dizisiyle sanatseverleri keyifli bir yolculu\u011fa \u00e7\u0131karmaya haz\u0131rlan\u0131yor. Dizinin ilk kitaplar\u0131ysa \u0130\u015fte Van Gogh ve \u0130\u015fte Warhol.Al\u0131\u015f\u0131lagelmi\u015fin d\u0131\u015f\u0131nda sa\u00e7 rengi, sanat\u0131n\u0131n bir par\u00e7as\u0131 olan g\u00f6steri\u015fli ya\u015fam\u0131 ve herkesin haf\u0131zas\u0131nda yer etmi\u015f \u00e7al\u0131\u015fmalar\u0131 ile Andy Warhol, pop\u00fcler k\u00fclt\u00fcr\u00fcn en \u00f6nemli isimlerinden biri. Sanat tarih\u00e7isi Catherine Ingram ve bu kitaba \u00f6zel \u00e7izimleri ile Andrew Rae, daha fazlas\u0131n\u0131 merak edenler i\u00e7in sahne \u0131\u015f\u0131klar\u0131n\u0131n g\u00f6lgede b\u0131rakt\u0131\u011f\u0131 yerlere dalarak hastal\u0131klarla ge\u00e7en bir \u00e7ocukluk, ma\u011faza vitrinleri, gece kul\u00fcpleri, New York ve \u00f6l\u00fcm korkusu aras\u0131nda sizi bir sanat\u00e7\u0131n\u0131n ad\u0131mlar\u0131n\u0131 takip etmeye \u00e7a\u011f\u0131r\u0131yor.<\/p>\n","protected":false},"excerpt":{"rendered":"<p>Bacon, Caravaggio, Cezanne, Dal\u00ed, Gaudi, Gauguin, Goya, Kandinsky, Leonardo da Vinci, Magritte, Matisse, Monet, Pollock, Rembrandt, Van Gogh, Warhol, Frank Lloyd Wright. Farkl\u0131 \u00fclkelerden, farkl\u0131 ak\u0131mlardan,<span class=\"excerpt-hellip\"> [\u2026]<\/span><\/p>\n","protected":false},"featured_media":0,"template":"","meta":{"_monsterinsights_skip_tracking":false,"_monsterinsights_sitenote_active":false,"_monsterinsights_sitenote_note":"","_monsterinsights_sitenote_category":0},"product_brand":[],"product_cat":[14009,12291],"product_tag":[],"class_list":{"0":"post-706222","1":"product","2":"type-product","3":"status-publish","5":"product_cat-biyografi-otobiyografi-edebiyat","6":"product_cat-edebiyat","7":"pa_cilt-ciltli","8":"pa_tur-kitap","9":"pa_yayinevi-hep-kitap","10":"pa_yazar-catherine-ingram","12":"first","13":"instock","14":"sale","15":"shipping-taxable","16":"purchasable","17":"product-type-simple"},"_links":{"self":[{"href":"https:\/\/roveyayinevi.com.tr\/index.php\/wp-json\/wp\/v2\/product\/706222","targetHints":{"allow":["GET"]}}],"collection":[{"href":"https:\/\/roveyayinevi.com.tr\/index.php\/wp-json\/wp\/v2\/product"}],"about":[{"href":"https:\/\/roveyayinevi.com.tr\/index.php\/wp-json\/wp\/v2\/types\/product"}],"wp:attachment":[{"href":"https:\/\/roveyayinevi.com.tr\/index.php\/wp-json\/wp\/v2\/media?parent=706222"}],"wp:term":[{"taxonomy":"product_brand","embeddable":true,"href":"https:\/\/roveyayinevi.com.tr\/index.php\/wp-json\/wp\/v2\/product_brand?post=706222"},{"taxonomy":"product_cat","embeddable":true,"href":"https:\/\/roveyayinevi.com.tr\/index.php\/wp-json\/wp\/v2\/product_cat?post=706222"},{"taxonomy":"product_tag","embeddable":true,"href":"https:\/\/roveyayinevi.com.tr\/index.php\/wp-json\/wp\/v2\/product_tag?post=706222"}],"curies":[{"name":"wp","href":"https:\/\/api.w.org\/{rel}","templated":true}]}}