{"id":706221,"date":"2025-08-27T15:53:34","date_gmt":"2025-08-27T12:53:34","guid":{"rendered":"https:\/\/roveyayinevi.com.tr\/index.php\/urun\/iste-dali\/"},"modified":"2026-04-16T02:14:55","modified_gmt":"2026-04-15T23:14:55","slug":"iste-dali","status":"publish","type":"product","link":"https:\/\/roveyayinevi.com.tr\/index.php\/urun\/iste-dali\/","title":{"rendered":"\u0130\u015fte Dali"},"content":{"rendered":"<p>Bacon, Caravaggio, C\u00e9zanne, Dal\u00ed, Gaudi, Gauguin, Goya, Kandinsky, Leonardo da Vinci, Magritte, Matisse, Monet, Pollock, Rembrandt, Van Gogh, Warhol, Frank Lloyd Wright. Farkl\u0131 \u00fclkelerden, farkl\u0131 ak\u0131mlardan, sanat d\u00fcnyas\u0131nda iz b\u0131rakm\u0131\u015f 17 sanat\u00e7\u0131. \u00d6d\u00fcll\u00fc \u00e7izerlerin kitaplara \u00f6zel \u00e7izdikleri ill\u00fcstrasyonlarla her biri kendi ba\u015f\u0131na da bir sanat eseri aday\u0131 olan 17 kitap. hep kitap \u201c\u0130\u015fte\u201d dizisiyle sanatseverleri keyifli bir yolculu\u011fa \u00e7\u0131kar\u0131yor. \u0130\u015fte Van Gogh ve \u0130\u015fte Warhol\u2019un ard\u0131ndan dizinin bu ayki kitaplar\u0131 \u0130\u015fte Leonardo da Vinci, \u0130\u015fte Gauguin ve \u0130\u015fte Dal\u00ed.D\u00fcnyan\u0131n en bilinen b\u0131y\u0131klar\u0131ndan birinin sahibi, genel k\u00fclt\u00fcr bilgisi olarak ad\u0131 say\u0131lan bir ressam&#8230; Ancak merakl\u0131 g\u00f6zler i\u00e7in o bundan \u00e7ok daha fazlas\u0131. Kendi olmakla gurur duyan, dikkat \u00e7ekmek i\u00e7in elinden gelen her \u015feyi yapan, siyasi g\u00f6r\u00fc\u015fleriyle kimi zaman sanat d\u00fcnyas\u0131n\u0131 \u00f6fkeden deliye d\u00f6nd\u00fcren, yarat\u0131c\u0131l\u0131\u011f\u0131yla herkesi b\u00fcy\u00fcleyen, kimilerine g\u00f6re deli, kimilerine g\u00f6re d\u00e2hi, kimilerine g\u00f6re ukala. Sanat\u0131n bu u\u00e7ar\u0131 \u00e7ocu\u011funun pek de bilinmeyen hayat\u0131n\u0131 merak edenler i\u00e7in kar\u015f\u0131n\u0131zda \u0130\u015fte Dal\u00ed.Sanat tarih\u00e7isi Catherine Ingram ve bu kitaba \u00f6zel \u00e7izimleri ile Andrew Rae, Dal\u00ed\u2019nin her an\u0131yla insanlar\u0131 \u015fa\u015f\u0131rtmay\u0131 ba\u015faran hayat\u0131n\u0131 okuyucuyla bulu\u015fturuyor.<\/p>\n","protected":false},"excerpt":{"rendered":"<p>Bacon, Caravaggio, C\u00e9zanne, Dal\u00ed, Gaudi, Gauguin, Goya, Kandinsky, Leonardo da Vinci, Magritte, Matisse, Monet, Pollock, Rembrandt, Van Gogh, Warhol, Frank Lloyd Wright. Farkl\u0131 \u00fclkelerden, farkl\u0131 ak\u0131mlardan,<span class=\"excerpt-hellip\"> [\u2026]<\/span><\/p>\n","protected":false},"featured_media":0,"template":"","meta":{"_monsterinsights_skip_tracking":false,"_monsterinsights_sitenote_active":false,"_monsterinsights_sitenote_note":"","_monsterinsights_sitenote_category":0},"product_brand":[],"product_cat":[12408],"product_tag":[],"class_list":{"0":"post-706221","1":"product","2":"type-product","3":"status-publish","5":"product_cat-sanat","6":"pa_cilt-ciltsiz","7":"pa_tur-kitap","8":"pa_yayinevi-hep-kitap","9":"pa_yazar-catherine-ingram","11":"first","12":"instock","13":"sale","14":"shipping-taxable","15":"purchasable","16":"product-type-simple"},"_links":{"self":[{"href":"https:\/\/roveyayinevi.com.tr\/index.php\/wp-json\/wp\/v2\/product\/706221","targetHints":{"allow":["GET"]}}],"collection":[{"href":"https:\/\/roveyayinevi.com.tr\/index.php\/wp-json\/wp\/v2\/product"}],"about":[{"href":"https:\/\/roveyayinevi.com.tr\/index.php\/wp-json\/wp\/v2\/types\/product"}],"wp:attachment":[{"href":"https:\/\/roveyayinevi.com.tr\/index.php\/wp-json\/wp\/v2\/media?parent=706221"}],"wp:term":[{"taxonomy":"product_brand","embeddable":true,"href":"https:\/\/roveyayinevi.com.tr\/index.php\/wp-json\/wp\/v2\/product_brand?post=706221"},{"taxonomy":"product_cat","embeddable":true,"href":"https:\/\/roveyayinevi.com.tr\/index.php\/wp-json\/wp\/v2\/product_cat?post=706221"},{"taxonomy":"product_tag","embeddable":true,"href":"https:\/\/roveyayinevi.com.tr\/index.php\/wp-json\/wp\/v2\/product_tag?post=706221"}],"curies":[{"name":"wp","href":"https:\/\/api.w.org\/{rel}","templated":true}]}}