{"id":706210,"date":"2025-08-27T15:53:29","date_gmt":"2025-08-27T12:53:29","guid":{"rendered":"https:\/\/roveyayinevi.com.tr\/index.php\/urun\/ofkemle-nasil-basa-cikabilirim\/"},"modified":"2026-04-16T02:14:55","modified_gmt":"2026-04-15T23:14:55","slug":"ofkemle-nasil-basa-cikabilirim","status":"publish","type":"product","link":"https:\/\/roveyayinevi.com.tr\/index.php\/urun\/ofkemle-nasil-basa-cikabilirim\/","title":{"rendered":"\u00d6fkemle Nas\u0131l Ba\u015fa \u00c7\u0131kabilirim?"},"content":{"rendered":"<p>\u00d6fkemle Nas\u0131l Ba\u015fa \u00c7\u0131kabilirim?\u00d6fkemle Nas\u0131l Ba\u015fa \u00c7\u0131kabilirim kitab\u0131 \u00e7ocuklar\u0131 ve siz yeti\u015fkinleri ,\u00f6fke duygusunu farkl\u0131 boyutlar\u0131yla ve de\u011fi\u015fik yakla\u015f\u0131mlarla irdelemeye davet ediyor: \u00d6fke nas\u0131l ortaya \u00e7\u0131k\u0131yor, kimseye zarar vermeden ve kalbini k\u0131rmadan  \u00f6fkemizi nas\u0131l ifade edebiliriz, \u00f6fkemizi nas\u0131l yenebiliriz?Canl\u0131 ve ger\u00e7ek\u00e7i \u00e7izimlerle zenginle\u015ftirilmi\u015f bu kitap, \u00e7ocuklar\u0131 \u00f6nyarg\u0131s\u0131z ve rahat bir diyalog ortam\u0131na sevk ederek, kendi davran\u0131\u015f bi\u00e7imleri hakk\u0131nda d\u00fc\u015f\u00fcnmelerini sa\u011fl\u0131yor.Bedenim Bana Ait kitab\u0131n\u0131n yazar\u0131 Dagmar Geisler den 5 ya\u015f ve \u00fcst\u00fc \u00e7ocuklar i\u00e7in sosyal ve duygusal geli\u015fimkitab\u0131. <\/p>\n","protected":false},"excerpt":{"rendered":"<p>\u00d6fkemle Nas\u0131l Ba\u015fa \u00c7\u0131kabilirim?\u00d6fkemle Nas\u0131l Ba\u015fa \u00c7\u0131kabilirim kitab\u0131 \u00e7ocuklar\u0131 ve siz yeti\u015fkinleri ,\u00f6fke duygusunu farkl\u0131 boyutlar\u0131yla ve de\u011fi\u015fik yakla\u015f\u0131mlarla irdelemeye davet ediyor: \u00d6fke nas\u0131l ortaya \u00e7\u0131k\u0131yor,<span class=\"excerpt-hellip\"> [\u2026]<\/span><\/p>\n","protected":false},"featured_media":0,"template":"","meta":{"_monsterinsights_skip_tracking":false,"_monsterinsights_sitenote_active":false,"_monsterinsights_sitenote_note":"","_monsterinsights_sitenote_category":0},"product_brand":[],"product_cat":[12679,12357],"product_tag":[],"class_list":{"0":"post-706210","1":"product","2":"type-product","3":"status-publish","5":"product_cat-cocuk-psikolojisi","6":"product_cat-psikoloji","7":"pa_cilt-ciltsiz","8":"pa_tur-kitap","9":"pa_yayinevi-gergedan-yayinlari","10":"pa_yazar-dagmar-geisler","12":"first","13":"instock","14":"sale","15":"shipping-taxable","16":"purchasable","17":"product-type-simple"},"_links":{"self":[{"href":"https:\/\/roveyayinevi.com.tr\/index.php\/wp-json\/wp\/v2\/product\/706210","targetHints":{"allow":["GET"]}}],"collection":[{"href":"https:\/\/roveyayinevi.com.tr\/index.php\/wp-json\/wp\/v2\/product"}],"about":[{"href":"https:\/\/roveyayinevi.com.tr\/index.php\/wp-json\/wp\/v2\/types\/product"}],"wp:attachment":[{"href":"https:\/\/roveyayinevi.com.tr\/index.php\/wp-json\/wp\/v2\/media?parent=706210"}],"wp:term":[{"taxonomy":"product_brand","embeddable":true,"href":"https:\/\/roveyayinevi.com.tr\/index.php\/wp-json\/wp\/v2\/product_brand?post=706210"},{"taxonomy":"product_cat","embeddable":true,"href":"https:\/\/roveyayinevi.com.tr\/index.php\/wp-json\/wp\/v2\/product_cat?post=706210"},{"taxonomy":"product_tag","embeddable":true,"href":"https:\/\/roveyayinevi.com.tr\/index.php\/wp-json\/wp\/v2\/product_tag?post=706210"}],"curies":[{"name":"wp","href":"https:\/\/api.w.org\/{rel}","templated":true}]}}