{"id":706209,"date":"2025-08-27T15:53:29","date_gmt":"2025-08-27T12:53:29","guid":{"rendered":"https:\/\/roveyayinevi.com.tr\/index.php\/urun\/ethem\/"},"modified":"2026-04-16T02:14:55","modified_gmt":"2026-04-15T23:14:55","slug":"ethem","status":"publish","type":"product","link":"https:\/\/roveyayinevi.com.tr\/index.php\/urun\/ethem\/","title":{"rendered":"Ethem"},"content":{"rendered":"<p>\u00c7erkez Ethem \u00fczerine yaz\u0131lm\u0131\u015f \u00e7ok de\u011ferli bir ara\u015ft\u0131rma. Yeni bilgi ve belgelere dayan\u0131yor.Bug\u00fcne kadar Ethem \u00fczerine yaz\u0131lm\u0131\u015f kitaplarda onun yurt d\u0131\u015f\u0131ndaki hayat\u0131yla ilgili \u00e7ok az bilgi vard\u0131r.Tarih\u00e7i Do\u00e7. Dr. \u015eaduman Hal\u0131c\u0131&#8217;n\u0131n bu kitab\u0131yla bu eksiklik gideriliyor. \u00d6zellikle d\u0131\u015f ve i\u00e7 istihbarat bilgilerinedayanan, titizlikle ara\u015ft\u0131r\u0131lm\u0131\u015f yeni belgelerle bu alanda \u00e7ok \u00f6nemli bir bo\u015flu\u011fu dolduracak nitelikte bir \u00e7al\u0131\u015fma.Ethem&#8217;in yurt d\u0131\u015f\u0131 ba\u011flant\u0131lar\u0131n\u0131, Ermeni ve K\u00fcrt \u00f6rg\u00fctleriyle, &#8216;Y\u00fcz Ellilikler&#8217;le ili\u015fkileri ve \u00e7eli\u015fkileriilk kez g\u00fcn \u0131\u015f\u0131\u011f\u0131na \u00e7\u0131k\u0131yor.   Ayr\u0131ca tarih\u00e7i Osman Selim Kocahano\u011flu&#8217;nun &#8216;\u00d6ns\u00f6z Yerine&#8217; ba\u015fl\u0131\u011f\u0131yla yazd\u0131\u011f\u0131 de\u011ferli katk\u0131s\u0131 kitab\u0131 zenginle\u015ftiriyor. Bu kapsaml\u0131 \u00e7al\u0131\u015fma tarih\u00e7iler i\u00e7in \u00e7ok \u00f6nemli bir kaynak kitap niteli\u011finde.     <\/p>\n","protected":false},"excerpt":{"rendered":"<p>\u00c7erkez Ethem \u00fczerine yaz\u0131lm\u0131\u015f \u00e7ok de\u011ferli bir ara\u015ft\u0131rma. Yeni bilgi ve belgelere dayan\u0131yor.Bug\u00fcne kadar Ethem \u00fczerine yaz\u0131lm\u0131\u015f kitaplarda onun yurt d\u0131\u015f\u0131ndaki hayat\u0131yla ilgili \u00e7ok az bilgi<span class=\"excerpt-hellip\"> [\u2026]<\/span><\/p>\n","protected":false},"featured_media":0,"template":"","meta":{"_monsterinsights_skip_tracking":false,"_monsterinsights_sitenote_active":false,"_monsterinsights_sitenote_note":"","_monsterinsights_sitenote_category":0},"product_brand":[],"product_cat":[12370,12304],"product_tag":[],"class_list":{"0":"post-706209","1":"product","2":"type-product","3":"status-publish","5":"product_cat-arastirma-inceleme","6":"product_cat-tarih","7":"pa_cilt-ciltsiz","8":"pa_tur-kitap","9":"pa_yayinevi-e-yayinlari","10":"pa_yazar-saduman-halici","12":"first","13":"instock","14":"sale","15":"shipping-taxable","16":"purchasable","17":"product-type-simple"},"_links":{"self":[{"href":"https:\/\/roveyayinevi.com.tr\/index.php\/wp-json\/wp\/v2\/product\/706209","targetHints":{"allow":["GET"]}}],"collection":[{"href":"https:\/\/roveyayinevi.com.tr\/index.php\/wp-json\/wp\/v2\/product"}],"about":[{"href":"https:\/\/roveyayinevi.com.tr\/index.php\/wp-json\/wp\/v2\/types\/product"}],"wp:attachment":[{"href":"https:\/\/roveyayinevi.com.tr\/index.php\/wp-json\/wp\/v2\/media?parent=706209"}],"wp:term":[{"taxonomy":"product_brand","embeddable":true,"href":"https:\/\/roveyayinevi.com.tr\/index.php\/wp-json\/wp\/v2\/product_brand?post=706209"},{"taxonomy":"product_cat","embeddable":true,"href":"https:\/\/roveyayinevi.com.tr\/index.php\/wp-json\/wp\/v2\/product_cat?post=706209"},{"taxonomy":"product_tag","embeddable":true,"href":"https:\/\/roveyayinevi.com.tr\/index.php\/wp-json\/wp\/v2\/product_tag?post=706209"}],"curies":[{"name":"wp","href":"https:\/\/api.w.org\/{rel}","templated":true}]}}