{"id":706208,"date":"2025-08-27T15:53:28","date_gmt":"2025-08-27T12:53:28","guid":{"rendered":"https:\/\/roveyayinevi.com.tr\/index.php\/urun\/ataerki-ve-birikim\/"},"modified":"2026-04-16T02:14:55","modified_gmt":"2026-04-15T23:14:55","slug":"ataerki-ve-birikim","status":"publish","type":"product","link":"https:\/\/roveyayinevi.com.tr\/index.php\/urun\/ataerki-ve-birikim\/","title":{"rendered":"Ataerki ve Birikim"},"content":{"rendered":"<p>Silvia Federici\u2019nin \u00d6ns\u00f6z\u00fcyle Cinsiyete dayal\u0131 i\u015fb\u00f6l\u00fcm\u00fcn\u00fcn toplumsal k\u00f6kenlerini inceleyen bu -klasikle\u015fmi\u015f- eser, kolonile\u015ftirme ve &#8216;evkad\u0131nla\u015ft\u0131rma&#8217; s\u00fcre\u00e7lerinin genel tarihinin yan\u0131 s\u0131ra, yeni uluslararas\u0131 i\u015fb\u00f6l\u00fcm\u00fcn\u00fc ve kad\u0131nlar\u0131n en ucuzundan birer \u00fcretici ve t\u00fcketici olarak oynamak zorunda b\u0131rak\u0131ld\u0131klar\u0131 rol\u00fc ele\u015ftirel bir perspektifle tahlil ediyor. Mies, feminist teoride esasl\u0131 bir paradigma de\u011fi\u015fikli\u011fine yol a\u00e7an bir yakla\u015f\u0131mla kapitalist ataerkinin g\u00fcn\u00fcm\u00fczdeki k\u00fcresel \u00f6l\u00e7ekli egemenli\u011fini betimlerken, bu egemenli\u011fe kar\u015f\u0131 nas\u0131l bir m\u00fccadele verilmesi gerekti\u011fine de a\u00e7\u0131kl\u0131k getiriyor.   Maria Mies, kapitalist ataerkinin ilkel birikim s\u00fcrecinden g\u00fcn\u00fcm\u00fczdeki haline gelme hik\u00e2yesinde kad\u0131nlar\u0131n ve s\u00f6m\u00fcrgelerin eme\u011finin izini s\u00fcrerek feminizmin g\u00fcncel sorunlar\u0131n\u0131 tart\u0131\u015f\u0131yor ve feminist m\u00fccadelenin imkanlar\u0131n\u0131 ortaya koyuyor.  &#8220;Heyecan verici\u2026 Feminist bir akademisyen taraf\u0131ndan son y\u0131llarda ger\u00e7ekle\u015ftirilmi\u015f en iddial\u0131 proje.&#8221; Deniz Kandiyoti <\/p>\n","protected":false},"excerpt":{"rendered":"<p>Silvia Federici\u2019nin \u00d6ns\u00f6z\u00fcyle Cinsiyete dayal\u0131 i\u015fb\u00f6l\u00fcm\u00fcn\u00fcn toplumsal k\u00f6kenlerini inceleyen bu -klasikle\u015fmi\u015f- eser, kolonile\u015ftirme ve &#8216;evkad\u0131nla\u015ft\u0131rma&#8217; s\u00fcre\u00e7lerinin genel tarihinin yan\u0131 s\u0131ra, yeni uluslararas\u0131 i\u015fb\u00f6l\u00fcm\u00fcn\u00fc ve kad\u0131nlar\u0131n en<span class=\"excerpt-hellip\"> [\u2026]<\/span><\/p>\n","protected":false},"featured_media":0,"template":"","meta":{"_monsterinsights_skip_tracking":false,"_monsterinsights_sitenote_active":false,"_monsterinsights_sitenote_note":"","_monsterinsights_sitenote_category":0},"product_brand":[],"product_cat":[12567,12566],"product_tag":[],"class_list":{"0":"post-706208","1":"product","2":"type-product","3":"status-publish","5":"product_cat-diger-egitim","6":"product_cat-egitim","7":"pa_cilt-ciltsiz","8":"pa_tur-kitap","9":"pa_yayinevi-dipnot-yayinlari","10":"pa_yazar-maria-mies","12":"first","13":"instock","14":"sale","15":"shipping-taxable","16":"purchasable","17":"product-type-simple"},"_links":{"self":[{"href":"https:\/\/roveyayinevi.com.tr\/index.php\/wp-json\/wp\/v2\/product\/706208","targetHints":{"allow":["GET"]}}],"collection":[{"href":"https:\/\/roveyayinevi.com.tr\/index.php\/wp-json\/wp\/v2\/product"}],"about":[{"href":"https:\/\/roveyayinevi.com.tr\/index.php\/wp-json\/wp\/v2\/types\/product"}],"wp:attachment":[{"href":"https:\/\/roveyayinevi.com.tr\/index.php\/wp-json\/wp\/v2\/media?parent=706208"}],"wp:term":[{"taxonomy":"product_brand","embeddable":true,"href":"https:\/\/roveyayinevi.com.tr\/index.php\/wp-json\/wp\/v2\/product_brand?post=706208"},{"taxonomy":"product_cat","embeddable":true,"href":"https:\/\/roveyayinevi.com.tr\/index.php\/wp-json\/wp\/v2\/product_cat?post=706208"},{"taxonomy":"product_tag","embeddable":true,"href":"https:\/\/roveyayinevi.com.tr\/index.php\/wp-json\/wp\/v2\/product_tag?post=706208"}],"curies":[{"name":"wp","href":"https:\/\/api.w.org\/{rel}","templated":true}]}}