{"id":706207,"date":"2025-08-27T15:53:28","date_gmt":"2025-08-27T12:53:28","guid":{"rendered":"https:\/\/roveyayinevi.com.tr\/index.php\/urun\/turkiyenin-linc-rejimi\/"},"modified":"2026-03-16T12:02:19","modified_gmt":"2026-03-16T09:02:19","slug":"turkiyenin-linc-rejimi","status":"publish","type":"product","link":"https:\/\/roveyayinevi.com.tr\/index.php\/urun\/turkiyenin-linc-rejimi\/","title":{"rendered":"T\u00fcrkiye&#8217;nin Lin\u00e7 Rejimi"},"content":{"rendered":"<p>Tarihimizde pek \u00e7ok \u00f6rne\u011fi bulunan, bug\u00fcn de gayet ola\u011fan bir \u015fekilde s\u00fcr\u00fcp giden lin\u00e7ler silsilesi, T\u00fcrkiye\u2019de s\u00fcrekli bir lin\u00e7 \u201crejimi\u201dnin var oldu\u011funu d\u00fc\u015f\u00fcnd\u00fcr\u00fcyor. Hepsinin bahanesi ya da hedef ald\u0131\u011f\u0131 kesimler, isimler birbirine benziyor. Bunlar eskiden az\u0131nl\u0131klar, daha yak\u0131n zamanda Aleviler, kom\u00fcnistler olurdu; 2000\u2019lerde, PKK\u2019y\u0131 bahane ederek K\u00fcrtlere y\u00f6neldi. Lin\u00e7leri besleyen tarih anlat\u0131s\u0131, \u201cmilli\u201d e\u011fitimden itibaren resmi a\u011f\u0131zlarca yayg\u0131nla\u015ft\u0131r\u0131lan d\u00fc\u015fmanca \u0131rk\u00e7\u0131-etnisist s\u00f6ylemler bar\u0131nd\u0131r\u0131yor. Ya\u015fanan lin\u00e7 giri\u015fimlerine bunlar\u0131n izd\u00fc\u015f\u00fcmleri olarak da bakmal\u0131.Tan\u0131l Bora, T\u00fcrkiye\u2019nin Lin\u00e7 Rejimi\u2019nde, bahanesi ve me\u015frula\u015ft\u0131rma mekanizmalar\u0131 hep haz\u0131r tutulan lin\u00e7 eylemlerinin analizini sunuyor. Nazi Almanyas\u0131 ile halimizi kar\u015f\u0131la\u015ft\u0131rarak&#8230;Son y\u0131llardaki lin\u00e7 giri\u015fimlerinin inan\u0131lmas\u0131 zor d\u00f6k\u00fcm\u00fcn\u00fc sunarak&#8230; \u201cLin\u00e7, en a\u015fikar medeniyet kayb\u0131d\u0131r. Lin\u00e7in s\u0131radanla\u015ft\u0131\u011f\u0131, kolektif bir utan\u00e7 yaratmad\u0131\u011f\u0131, infi\u00e2l uyand\u0131rmad\u0131\u011f\u0131 bir toplum, toplum olma vasf\u0131n\u0131 yitirir\u201d s\u00f6zlerinin alt\u0131n\u0131 \u00e7izerek&#8230;Kitab\u0131n bu yeni bask\u0131s\u0131nda, 6-7 Eyl\u00fcl olaylar\u0131, pop\u00fcler lin\u00e7 s\u00f6ylemi ve \u201cGezi\u201d eylemleri d\u00f6nemindeki lin\u00e7lerle ilgili ilave yaz\u0131lar yer al\u0131yor. <\/p>\n","protected":false},"excerpt":{"rendered":"<p>Tarihimizde pek \u00e7ok \u00f6rne\u011fi bulunan, bug\u00fcn de gayet ola\u011fan bir \u015fekilde s\u00fcr\u00fcp giden lin\u00e7ler silsilesi, T\u00fcrkiye\u2019de s\u00fcrekli bir lin\u00e7 \u201crejimi\u201dnin var oldu\u011funu d\u00fc\u015f\u00fcnd\u00fcr\u00fcyor. Hepsinin bahanesi ya<span class=\"excerpt-hellip\"> [\u2026]<\/span><\/p>\n","protected":false},"featured_media":0,"template":"","meta":{"_monsterinsights_skip_tracking":false,"_monsterinsights_sitenote_active":false,"_monsterinsights_sitenote_note":"","_monsterinsights_sitenote_category":0},"product_brand":[],"product_cat":[16098,12337],"product_tag":[],"class_list":{"0":"post-706207","1":"product","2":"type-product","3":"status-publish","5":"product_cat-politik-akimlar-hareketler","6":"product_cat-politika-siyaset","7":"pa_cilt-ciltsiz","8":"pa_tur-kitap","9":"pa_yayinevi-iletisim-yayinlari","10":"pa_yazar-tanil-bora","12":"first","13":"instock","14":"sale","15":"shipping-taxable","16":"purchasable","17":"product-type-simple"},"_links":{"self":[{"href":"https:\/\/roveyayinevi.com.tr\/index.php\/wp-json\/wp\/v2\/product\/706207","targetHints":{"allow":["GET"]}}],"collection":[{"href":"https:\/\/roveyayinevi.com.tr\/index.php\/wp-json\/wp\/v2\/product"}],"about":[{"href":"https:\/\/roveyayinevi.com.tr\/index.php\/wp-json\/wp\/v2\/types\/product"}],"wp:attachment":[{"href":"https:\/\/roveyayinevi.com.tr\/index.php\/wp-json\/wp\/v2\/media?parent=706207"}],"wp:term":[{"taxonomy":"product_brand","embeddable":true,"href":"https:\/\/roveyayinevi.com.tr\/index.php\/wp-json\/wp\/v2\/product_brand?post=706207"},{"taxonomy":"product_cat","embeddable":true,"href":"https:\/\/roveyayinevi.com.tr\/index.php\/wp-json\/wp\/v2\/product_cat?post=706207"},{"taxonomy":"product_tag","embeddable":true,"href":"https:\/\/roveyayinevi.com.tr\/index.php\/wp-json\/wp\/v2\/product_tag?post=706207"}],"curies":[{"name":"wp","href":"https:\/\/api.w.org\/{rel}","templated":true}]}}