{"id":706206,"date":"2025-08-27T15:53:28","date_gmt":"2025-08-27T12:53:28","guid":{"rendered":"https:\/\/roveyayinevi.com.tr\/index.php\/urun\/1844-el-yazmalari\/"},"modified":"2026-04-16T02:14:55","modified_gmt":"2026-04-15T23:14:55","slug":"1844-el-yazmalari","status":"publish","type":"product","link":"https:\/\/roveyayinevi.com.tr\/index.php\/urun\/1844-el-yazmalari\/","title":{"rendered":"1844 El Yazmalar\u0131"},"content":{"rendered":"<p>1843-46 Marx \u0301\u0131n klasik iktisat\u00e7\u0131larla ilk tan\u0131\u015ft\u0131\u011f\u0131 y\u0131llard\u0131r; bu s\u00fcre i\u00e7inde Marx, burjuva iktisad\u0131n\u0131n kavramlar\u0131n\u0131 burjuva iktisad\u0131na kar\u015f\u0131 kullanmak diye tan\u0131mlayabilece\u011fimiz bir y\u00f6ntemle uzun, bir k\u0131sm\u0131 kaybolmu\u015f defterler doldurur. 1844 El Yazmalar\u0131 burjuva politik iktisad\u0131n\u0131 ve burjuva iktisat sistemini ele\u015ftiren \u201cgen\u00e7\u201d Marx \u0301\u0131n ilk iktisadi ara\u015ft\u0131rmalar\u0131n\u0131n m\u00fcsveddeleridir. \ufffcTan\u0131t\u0131m Metni<\/p>\n","protected":false},"excerpt":{"rendered":"<p>1843-46 Marx \u0301\u0131n klasik iktisat\u00e7\u0131larla ilk tan\u0131\u015ft\u0131\u011f\u0131 y\u0131llard\u0131r; bu s\u00fcre i\u00e7inde Marx, burjuva iktisad\u0131n\u0131n kavramlar\u0131n\u0131 burjuva iktisad\u0131na kar\u015f\u0131 kullanmak diye tan\u0131mlayabilece\u011fimiz bir y\u00f6ntemle uzun, bir k\u0131sm\u0131<span class=\"excerpt-hellip\"> [\u2026]<\/span><\/p>\n","protected":false},"featured_media":0,"template":"","meta":{"_monsterinsights_skip_tracking":false,"_monsterinsights_sitenote_active":false,"_monsterinsights_sitenote_note":"","_monsterinsights_sitenote_category":0},"product_brand":[],"product_cat":[12835,12324],"product_tag":[],"class_list":{"0":"post-706206","1":"product","2":"type-product","3":"status-publish","5":"product_cat-genel-sosyoloji","6":"product_cat-sosyoloji","7":"pa_cilt-ciltsiz","8":"pa_tur-kitap","9":"pa_yayinevi-birikim-kitaplari","10":"pa_yazar-karl-marx","12":"first","13":"instock","14":"sale","15":"shipping-taxable","16":"purchasable","17":"product-type-simple"},"_links":{"self":[{"href":"https:\/\/roveyayinevi.com.tr\/index.php\/wp-json\/wp\/v2\/product\/706206","targetHints":{"allow":["GET"]}}],"collection":[{"href":"https:\/\/roveyayinevi.com.tr\/index.php\/wp-json\/wp\/v2\/product"}],"about":[{"href":"https:\/\/roveyayinevi.com.tr\/index.php\/wp-json\/wp\/v2\/types\/product"}],"wp:attachment":[{"href":"https:\/\/roveyayinevi.com.tr\/index.php\/wp-json\/wp\/v2\/media?parent=706206"}],"wp:term":[{"taxonomy":"product_brand","embeddable":true,"href":"https:\/\/roveyayinevi.com.tr\/index.php\/wp-json\/wp\/v2\/product_brand?post=706206"},{"taxonomy":"product_cat","embeddable":true,"href":"https:\/\/roveyayinevi.com.tr\/index.php\/wp-json\/wp\/v2\/product_cat?post=706206"},{"taxonomy":"product_tag","embeddable":true,"href":"https:\/\/roveyayinevi.com.tr\/index.php\/wp-json\/wp\/v2\/product_tag?post=706206"}],"curies":[{"name":"wp","href":"https:\/\/api.w.org\/{rel}","templated":true}]}}