{"id":706203,"date":"2025-08-27T15:53:27","date_gmt":"2025-08-27T12:53:27","guid":{"rendered":"https:\/\/roveyayinevi.com.tr\/index.php\/urun\/hava-tahminini-gelistirmek-icin-50-oneri\/"},"modified":"2026-01-22T02:26:49","modified_gmt":"2026-01-21T23:26:49","slug":"hava-tahminini-gelistirmek-icin-50-oneri","status":"publish","type":"product","link":"https:\/\/roveyayinevi.com.tr\/index.php\/urun\/hava-tahminini-gelistirmek-icin-50-oneri\/","title":{"rendered":"Hava Tahminini Geli\u015ftirmek \u0130\u00e7in 50 \u00d6neri"},"content":{"rendered":"<p>Hava tahminleri, hava olaylar\u0131n\u0131n \u00f6nemli bir k\u0131sm\u0131n\u0131 g\u00f6sterse de bir\u00e7ok yararl\u0131 ayr\u0131nt\u0131y\u0131 kapsamazlar. Hava tahmininde verilen bilgilerin do\u011fru \u015fekilde kullan\u0131labilmesi i\u00e7in sizin de katk\u0131n\u0131z gereklidir. Belirli bir tahmin aral\u0131\u011f\u0131ndaki hava zamanla de\u011fi\u015fir, ancak hava tahmini verileri do\u011fru \u015fekilde kullan\u0131lmazsa havada olacak de\u011fi\u015fikliklerin zamanlamas\u0131 karanl\u0131kta kalabilir. Kaba hava tahminleriyle yetinen pek \u00e7ok denizci, i\u015fler istenildi\u011fi gibi gitmeyince, hava tahmincilerini su\u00e7lar.   \u00c7ok deneyimli bir denizci olan Dag Pike, Hava Tahminini Geli\u015ftirmek \u0130\u00e7in 50 \u00d6neri\u2019de temel bilgilerin yorumlanarak nas\u0131l ger\u00e7ek birer pratik tahmine d\u00f6n\u00fc\u015ft\u00fcr\u00fclece\u011fini g\u00f6steriyor. Bu sayede motoryat\u00e7\u0131lar daha iyi bir seyir i\u00e7in en durgun sular\u0131 bulabilecek, yelkencilerse uygun r\u00fczg\u00e2rdan daha fazla yararlanabilecek ve zorlu b\u00f6lgelerden ka\u00e7\u0131nabilecekler.   Uzman \u00f6nerileri ile dolu kitap;  \u2022 Hava tahminlerinin s\u0131n\u0131rlar\u0131 \u2022 Denize a\u00e7\u0131lmak i\u00e7in uygun zaman \u2022 Hava sistemlerinin h\u0131z\u0131  \u2022 R\u00fczg\u00e2r\u0131n ak\u0131nt\u0131ya etkisi \u2022 Yerel hava ko\u015fullar\u0131 \u2022 Tehlikeli deniz ko\u015fullar\u0131n\u0131 belirlemek \u2022 Bulutlar\u0131n mesaj\u0131 \u2022 Tahmine ince ayar yapmak, konular\u0131n\u0131 kaps\u0131yor.   Hava Tahminini Geli\u015ftirmek \u0130\u00e7in 50 \u00d6neri, iyi veya k\u00f6t\u00fc havada hedefinize g\u00fcvenle ula\u015ft\u0131racak pratik hava tahmini tekniklerini \u00f6\u011frenebilece\u011finiz, havaya, hava tahminlerine bak\u0131\u015f\u0131n\u0131z\u0131 de\u011fi\u015ftirecek iyi bir rehber kitap. <\/p>\n","protected":false},"excerpt":{"rendered":"<p>Hava tahminleri, hava olaylar\u0131n\u0131n \u00f6nemli bir k\u0131sm\u0131n\u0131 g\u00f6sterse de bir\u00e7ok yararl\u0131 ayr\u0131nt\u0131y\u0131 kapsamazlar. Hava tahmininde verilen bilgilerin do\u011fru \u015fekilde kullan\u0131labilmesi i\u00e7in sizin de katk\u0131n\u0131z gereklidir. Belirli<span class=\"excerpt-hellip\"> [\u2026]<\/span><\/p>\n","protected":false},"featured_media":0,"template":"","meta":{"_monsterinsights_skip_tracking":false,"_monsterinsights_sitenote_active":false,"_monsterinsights_sitenote_note":"","_monsterinsights_sitenote_category":0},"product_brand":[],"product_cat":[12364],"product_tag":[],"class_list":{"0":"post-706203","1":"product","2":"type-product","3":"status-publish","5":"product_cat-genel-konular","6":"pa_cilt-ciltsiz","7":"pa_tur-kitap","8":"pa_yayinevi-amator-denizcilik-federasyonu-akademik","9":"pa_yazar-dag-pike","11":"first","12":"instock","13":"sale","14":"shipping-taxable","15":"purchasable","16":"product-type-simple"},"_links":{"self":[{"href":"https:\/\/roveyayinevi.com.tr\/index.php\/wp-json\/wp\/v2\/product\/706203","targetHints":{"allow":["GET"]}}],"collection":[{"href":"https:\/\/roveyayinevi.com.tr\/index.php\/wp-json\/wp\/v2\/product"}],"about":[{"href":"https:\/\/roveyayinevi.com.tr\/index.php\/wp-json\/wp\/v2\/types\/product"}],"wp:attachment":[{"href":"https:\/\/roveyayinevi.com.tr\/index.php\/wp-json\/wp\/v2\/media?parent=706203"}],"wp:term":[{"taxonomy":"product_brand","embeddable":true,"href":"https:\/\/roveyayinevi.com.tr\/index.php\/wp-json\/wp\/v2\/product_brand?post=706203"},{"taxonomy":"product_cat","embeddable":true,"href":"https:\/\/roveyayinevi.com.tr\/index.php\/wp-json\/wp\/v2\/product_cat?post=706203"},{"taxonomy":"product_tag","embeddable":true,"href":"https:\/\/roveyayinevi.com.tr\/index.php\/wp-json\/wp\/v2\/product_tag?post=706203"}],"curies":[{"name":"wp","href":"https:\/\/api.w.org\/{rel}","templated":true}]}}