{"id":706201,"date":"2025-08-27T15:53:26","date_gmt":"2025-08-27T12:53:26","guid":{"rendered":"https:\/\/roveyayinevi.com.tr\/index.php\/urun\/turkiye-sozlu-basin-tarihi-cilt-1\/"},"modified":"2026-04-16T02:14:55","modified_gmt":"2026-04-15T23:14:55","slug":"turkiye-sozlu-basin-tarihi-cilt-1","status":"publish","type":"product","link":"https:\/\/roveyayinevi.com.tr\/index.php\/urun\/turkiye-sozlu-basin-tarihi-cilt-1\/","title":{"rendered":"T\u00fcrkiye S\u00f6zl\u00fc Bas\u0131n Tarihi Cilt 1"},"content":{"rendered":"<p>Proje verilerinin T\u00fcrkiye S\u00f6zl\u00fc Bas\u0131n Tarihi ad\u0131 alt\u0131nda, \u00fc\u00e7 ciltlik bir dizi halinde okuyucu ile bulu\u015fturulmas\u0131 planlanm\u0131\u015ft\u0131r. Dizinin bu ilk cildinde 1910-1926 y\u0131llar\u0131 aras\u0131nda, yani Osmanl\u0131 \u0130mparatorlu\u011fu\u2019ndan T\u00fcrkiye Cumhuriyeti\u2019ne ge\u00e7i\u015f s\u00fcrecinde do\u011fmu\u015f ve ne yaz\u0131k ki \u00e7o\u011fu art\u0131k aram\u0131zda olmayan gazetecilerle yap\u0131lm\u0131\u015f g\u00f6r\u00fc\u015fmeler yer al\u0131yor. Onlar\u0131n tan\u0131kl\u0131klar\u0131 Cumhuriyet tarihinin \u00f6nemli d\u00f6n\u00fcm noktalar\u0131na ili\u015fkin zengin bir malzeme de sunuyor. Di\u011fer yandan, T\u00fcrkiye bas\u0131n tarihi, T\u00fcrkiye\u2019nin demokrasi tarihinin ayr\u0131lmaz bir par\u00e7as\u0131d\u0131r. Demokratikle\u015fme s\u00fcrecinin ini\u015fli \u00e7\u0131k\u0131\u015fl\u0131 yollar\u0131nda ilerleyen bir \u00fclkede, do\u011fruyu duyan, ger\u00e7e\u011fi g\u00f6ren gazetecilerin duyduklar\u0131n\u0131 ve g\u00f6rd\u00fcklerini yazd\u0131klar\u0131 i\u00e7in \u00e7ektikleri \u00e7ilelerin tarihidir. Tan\u0131kl\u0131klarda, \u00fclkemizde gazetecili\u011fin kurucu ku\u015fa\u011f\u0131n\u0131n meslek ilkeleri ve demokrasi ad\u0131na \u00e7ekti\u011fi \u00e7ilelerin izleri de s\u00fcr\u00fclebiliyor. T\u00fcrkiye S\u00f6zl\u00fc Bas\u0131n Tarihi, sadece gazetecilik mesle\u011finin de\u011fil, T\u00fcrkiye tarihinin bilinen, bilinmeyen \u00e7e\u015fitli y\u00f6nlerine \u0131\u015f\u0131k tutan; sadece bas\u0131n tarihi ara\u015ft\u0131rmac\u0131lar\u0131na de\u011fil, T\u00fcrkiye\u2019nin d\u00fcn\u00fcn\u00fc anlamak isteyen t\u00fcm okurlara yararl\u0131 olacak de\u011ferli bir \u00e7al\u0131\u015fma. <\/p>\n","protected":false},"excerpt":{"rendered":"<p>Proje verilerinin T\u00fcrkiye S\u00f6zl\u00fc Bas\u0131n Tarihi ad\u0131 alt\u0131nda, \u00fc\u00e7 ciltlik bir dizi halinde okuyucu ile bulu\u015fturulmas\u0131 planlanm\u0131\u015ft\u0131r. Dizinin bu ilk cildinde 1910-1926 y\u0131llar\u0131 aras\u0131nda, yani Osmanl\u0131<span class=\"excerpt-hellip\"> [\u2026]<\/span><\/p>\n","protected":false},"featured_media":0,"template":"","meta":{"_monsterinsights_skip_tracking":false,"_monsterinsights_sitenote_active":false,"_monsterinsights_sitenote_note":"","_monsterinsights_sitenote_category":0},"product_brand":[],"product_cat":[13590,12337],"product_tag":[],"class_list":{"0":"post-706201","1":"product","2":"type-product","3":"status-publish","5":"product_cat-arastirma-inceleme-politika-siyaset","6":"product_cat-politika-siyaset","7":"pa_cilt-ciltsiz","8":"pa_tur-kitap","9":"pa_yayinevi-is-bankasi-kultur-yayinlari","10":"pa_yazar-suat-gezgin","12":"first","13":"instock","14":"sale","15":"shipping-taxable","16":"purchasable","17":"product-type-simple"},"_links":{"self":[{"href":"https:\/\/roveyayinevi.com.tr\/index.php\/wp-json\/wp\/v2\/product\/706201","targetHints":{"allow":["GET"]}}],"collection":[{"href":"https:\/\/roveyayinevi.com.tr\/index.php\/wp-json\/wp\/v2\/product"}],"about":[{"href":"https:\/\/roveyayinevi.com.tr\/index.php\/wp-json\/wp\/v2\/types\/product"}],"wp:attachment":[{"href":"https:\/\/roveyayinevi.com.tr\/index.php\/wp-json\/wp\/v2\/media?parent=706201"}],"wp:term":[{"taxonomy":"product_brand","embeddable":true,"href":"https:\/\/roveyayinevi.com.tr\/index.php\/wp-json\/wp\/v2\/product_brand?post=706201"},{"taxonomy":"product_cat","embeddable":true,"href":"https:\/\/roveyayinevi.com.tr\/index.php\/wp-json\/wp\/v2\/product_cat?post=706201"},{"taxonomy":"product_tag","embeddable":true,"href":"https:\/\/roveyayinevi.com.tr\/index.php\/wp-json\/wp\/v2\/product_tag?post=706201"}],"curies":[{"name":"wp","href":"https:\/\/api.w.org\/{rel}","templated":true}]}}