{"id":706195,"date":"2025-08-27T15:53:23","date_gmt":"2025-08-27T12:53:23","guid":{"rendered":"https:\/\/roveyayinevi.com.tr\/index.php\/urun\/nereden-nereye-bilim\/"},"modified":"2026-04-16T02:14:54","modified_gmt":"2026-04-15T23:14:54","slug":"nereden-nereye-bilim","status":"publish","type":"product","link":"https:\/\/roveyayinevi.com.tr\/index.php\/urun\/nereden-nereye-bilim\/","title":{"rendered":"Nereden Nereye Bilim"},"content":{"rendered":"<p>\u0130nsanl\u0131k tarihinin ba\u015flang\u0131c\u0131ndan beri insanlar D\u00fcnya\u2019da olup bitenlerin nas\u0131l ger\u00e7ekle\u015fti\u011fini merak etmi\u015ftir. Binlerce y\u0131ld\u0131r biriken deneyler ve fikirler sayesinde biz bir\u00e7ok \u015feyi \u00f6\u011frendik. \ufffcTan\u0131t\u0131m Metni<\/p>\n","protected":false},"excerpt":{"rendered":"<p>\u0130nsanl\u0131k tarihinin ba\u015flang\u0131c\u0131ndan beri insanlar D\u00fcnya\u2019da olup bitenlerin nas\u0131l ger\u00e7ekle\u015fti\u011fini merak etmi\u015ftir. Binlerce y\u0131ld\u0131r biriken deneyler ve fikirler sayesinde biz bir\u00e7ok \u015feyi \u00f6\u011frendik. \ufffcTan\u0131t\u0131m Metni<\/p>\n","protected":false},"featured_media":0,"template":"","meta":{"_monsterinsights_skip_tracking":false,"_monsterinsights_sitenote_active":false,"_monsterinsights_sitenote_note":"","_monsterinsights_sitenote_category":0},"product_brand":[],"product_cat":[13005,15998],"product_tag":[],"class_list":{"0":"post-706195","1":"product","2":"type-product","3":"status-publish","5":"product_cat-bilim-muhendislik","6":"product_cat-bilim-tarihi","7":"pa_cilt-ciltsiz","8":"pa_tur-kitap","9":"pa_yayinevi-genc-timas","10":"pa_yazar-anna-claybourne","12":"first","13":"instock","14":"sale","15":"shipping-taxable","16":"purchasable","17":"product-type-simple"},"_links":{"self":[{"href":"https:\/\/roveyayinevi.com.tr\/index.php\/wp-json\/wp\/v2\/product\/706195","targetHints":{"allow":["GET"]}}],"collection":[{"href":"https:\/\/roveyayinevi.com.tr\/index.php\/wp-json\/wp\/v2\/product"}],"about":[{"href":"https:\/\/roveyayinevi.com.tr\/index.php\/wp-json\/wp\/v2\/types\/product"}],"wp:attachment":[{"href":"https:\/\/roveyayinevi.com.tr\/index.php\/wp-json\/wp\/v2\/media?parent=706195"}],"wp:term":[{"taxonomy":"product_brand","embeddable":true,"href":"https:\/\/roveyayinevi.com.tr\/index.php\/wp-json\/wp\/v2\/product_brand?post=706195"},{"taxonomy":"product_cat","embeddable":true,"href":"https:\/\/roveyayinevi.com.tr\/index.php\/wp-json\/wp\/v2\/product_cat?post=706195"},{"taxonomy":"product_tag","embeddable":true,"href":"https:\/\/roveyayinevi.com.tr\/index.php\/wp-json\/wp\/v2\/product_tag?post=706195"}],"curies":[{"name":"wp","href":"https:\/\/api.w.org\/{rel}","templated":true}]}}