{"id":706194,"date":"2025-08-27T15:53:23","date_gmt":"2025-08-27T12:53:23","guid":{"rendered":"https:\/\/roveyayinevi.com.tr\/index.php\/urun\/lanet\/"},"modified":"2026-04-16T02:14:54","modified_gmt":"2026-04-15T23:14:54","slug":"lanet","status":"publish","type":"product","link":"https:\/\/roveyayinevi.com.tr\/index.php\/urun\/lanet\/","title":{"rendered":"Lanet"},"content":{"rendered":"<p>Do\u011fdu\u011fumuz, b\u00fcy\u00fcd\u00fc\u011f\u00fcm\u00fcz \u015fehrin hikayesini biliriz de\u011fil mi? \u015eu an oturdu\u011fumuz s\u0131radan mahallede ka\u00e7 y\u00fczy\u0131l \u00f6ncesinde kim bilir neler olmu\u015ftur. <\/p>\n","protected":false},"excerpt":{"rendered":"<p>Do\u011fdu\u011fumuz, b\u00fcy\u00fcd\u00fc\u011f\u00fcm\u00fcz \u015fehrin hikayesini biliriz de\u011fil mi? \u015eu an oturdu\u011fumuz s\u0131radan mahallede ka\u00e7 y\u00fczy\u0131l \u00f6ncesinde kim bilir neler olmu\u015ftur.<\/p>\n","protected":false},"featured_media":0,"template":"","meta":{"_monsterinsights_skip_tracking":false,"_monsterinsights_sitenote_active":false,"_monsterinsights_sitenote_note":"","_monsterinsights_sitenote_category":0},"product_brand":[],"product_cat":[12291,12711],"product_tag":[],"class_list":{"0":"post-706194","1":"product","2":"type-product","3":"status-publish","5":"product_cat-edebiyat","6":"product_cat-roman-oyku","7":"pa_tur-kitap","8":"pa_yayinevi-herdem-kitap","9":"pa_yazar-yaren-altunisik","11":"first","12":"instock","13":"sale","14":"shipping-taxable","15":"purchasable","16":"product-type-simple"},"_links":{"self":[{"href":"https:\/\/roveyayinevi.com.tr\/index.php\/wp-json\/wp\/v2\/product\/706194","targetHints":{"allow":["GET"]}}],"collection":[{"href":"https:\/\/roveyayinevi.com.tr\/index.php\/wp-json\/wp\/v2\/product"}],"about":[{"href":"https:\/\/roveyayinevi.com.tr\/index.php\/wp-json\/wp\/v2\/types\/product"}],"wp:attachment":[{"href":"https:\/\/roveyayinevi.com.tr\/index.php\/wp-json\/wp\/v2\/media?parent=706194"}],"wp:term":[{"taxonomy":"product_brand","embeddable":true,"href":"https:\/\/roveyayinevi.com.tr\/index.php\/wp-json\/wp\/v2\/product_brand?post=706194"},{"taxonomy":"product_cat","embeddable":true,"href":"https:\/\/roveyayinevi.com.tr\/index.php\/wp-json\/wp\/v2\/product_cat?post=706194"},{"taxonomy":"product_tag","embeddable":true,"href":"https:\/\/roveyayinevi.com.tr\/index.php\/wp-json\/wp\/v2\/product_tag?post=706194"}],"curies":[{"name":"wp","href":"https:\/\/api.w.org\/{rel}","templated":true}]}}