{"id":706193,"date":"2025-08-27T15:53:22","date_gmt":"2025-08-27T12:53:22","guid":{"rendered":"https:\/\/roveyayinevi.com.tr\/index.php\/urun\/gunah-ve-itiraf\/"},"modified":"2026-04-16T02:14:54","modified_gmt":"2026-04-15T23:14:54","slug":"gunah-ve-itiraf","status":"publish","type":"product","link":"https:\/\/roveyayinevi.com.tr\/index.php\/urun\/gunah-ve-itiraf\/","title":{"rendered":"G\u00fcnah ve \u0130tiraf"},"content":{"rendered":"<p>\u201cAran\u0131zda kim g\u00fcnahs\u0131zsa ilk ta\u015f\u0131 o ats\u0131n!\u201d diye seslenir Kutsal Kitap.\u0130lk g\u00fcnah \u00f6\u011fretisinden g\u00fcn\u00fcm\u00fcze b\u00fcy\u00fck bir itiraf \u00e7emberi d\u00f6ner durur. Bu trajedide hakl\u0131, haks\u0131z, iyilik, k\u00f6t\u00fcl\u00fck, ma\u011fdurluk, masumiyet hallerini birbirinden ay\u0131ran s\u0131n\u0131rlar sanki silinmi\u015f ve her \u015fey i\u00e7 i\u00e7e ge\u00e7mi\u015f gibidir. Herkes hakl\u0131d\u0131r, herkes haks\u0131zd\u0131r, herkes ma\u011fdurdur, ya da hi\u00e7 kimse ma\u011fdur de\u011fildir ve sonunda herkes su\u00e7ludur. Masumiyet belki de ac\u0131 ve g\u00fcnah\u0131n en kesif ya\u015fand\u0131\u011f\u0131 yerde sakl\u0131d\u0131r. \u00c7\u00fcnk\u00fc ten zevklerine dalm\u0131\u015f biri t\u00fcm d\u00fc\u015fk\u00fcnl\u00fc\u011f\u00fcne ra\u011fmen hala saf ve iyi olan\u0131n izini s\u00fcrer, t\u00fcm g\u00fc\u00e7s\u00fczl\u00fc\u011f\u00fcne ra\u011fmen mutlakla ba\u011f\u0131n\u0131 yitirmez.\u0130tiraf, Bat\u0131 d\u00fc\u015f\u00fcncesinin kalbinde t\u00fcm gerilimleriyle yer edinmi\u015ftir. \u0130tiraflar bir d\u00fc\u015f\u00fcnce, d\u00fc\u015f\u00fcnceler ise birer itiraft\u0131r. Augustinus\u2019un Tanr\u0131&#8217;ya yakar\u0131\u015flar\u0131nda, hep var olmak isteyen o k\u00fc\u00e7\u00fck ve zavall\u0131 \u201cben\u201din sesi duyulur. Rousseau mahrem d\u00fcnyas\u0131nda olabildi\u011fince i\u00e7ten davranmak ister ve d\u00fc\u015f\u00fcncelerini itiraflarla geli\u015ftirir. Acaba kendimizi a\u00e7arken, g\u00fcnahlar\u0131m\u0131z\u0131 itiraf ederken ne derece samimiyiz? Neleri maharetle gizler, neleri d\u00fcr\u00fcst\u00e7e itiraf ederiz? Kierkegaard\u2019\u0131n g\u00fczerg\u00e2h\u0131nda itiraflar koca bir ironiye d\u00f6n\u00fc\u015fecektir. G\u00fcnah meselesi Bat\u0131 roman\u0131n\u0131n en \u00f6nemli malzemesi olmu\u015ftur, bu a\u00e7\u0131dan d\u00fc\u015f\u00fcn\u00fcld\u00fc\u011f\u00fcnde Tolstoy ve Dostoyevski gibi yazarlar\u0131n eserleri birer canl\u0131 itirafn\u00e2meler olarak kar\u015f\u0131m\u0131zda dururlar.Mehmet Ayd\u0131n, g\u00fcnah ve itiraf \u00e7emberinde b\u00fcy\u00fck bir ustal\u0131kla d\u00fc\u015f\u00fcn\u00fcr ve yazarlar\u0131n \u201ci\u00e7 ses\u201dlerine kulak verir. Felsefe ve ilahiyat kitaplar\u0131nda, romanlarda, g\u00fcnl\u00fcklerde, biyografilerde, hat\u0131ratlarda ve daha \u00f6nemlisi \u015fimdiye kadar g\u00f6zden ka\u00e7an bir\u00e7ok ayr\u0131nt\u0131da ustalar\u0131n \u201citiraf\u201dlar\u0131n\u0131 dinler. Hem Bat\u0131\u2019da hem de Bat\u0131 d\u0131\u015f\u0131 k\u00fclt\u00fcrlerde itiraf\u0131n yerini sorgular. Ve tabii T\u00fcrk d\u00fc\u015f\u00fcncesine yo\u011fun g\u00f6ndermelerle&#8230;Kay\u0131p Zaman\u0131n \u0130zinde: Ahmet Hamdi Tanp\u0131nar\u2019dan sonra Mehmet Ayd\u0131n\u2019\u0131n ikinci kitab\u0131&#8230;. \ufffcTan\u0131t\u0131m Metni<\/p>\n","protected":false},"excerpt":{"rendered":"<p>\u201cAran\u0131zda kim g\u00fcnahs\u0131zsa ilk ta\u015f\u0131 o ats\u0131n!\u201d diye seslenir Kutsal Kitap.\u0130lk g\u00fcnah \u00f6\u011fretisinden g\u00fcn\u00fcm\u00fcze b\u00fcy\u00fck bir itiraf \u00e7emberi d\u00f6ner durur. Bu trajedide hakl\u0131, haks\u0131z, iyilik, k\u00f6t\u00fcl\u00fck,<span class=\"excerpt-hellip\"> [\u2026]<\/span><\/p>\n","protected":false},"featured_media":0,"template":"","meta":{"_monsterinsights_skip_tracking":false,"_monsterinsights_sitenote_active":false,"_monsterinsights_sitenote_note":"","_monsterinsights_sitenote_category":0},"product_brand":[],"product_cat":[12389,12388],"product_tag":[],"class_list":{"0":"post-706193","1":"product","2":"type-product","3":"status-publish","5":"product_cat-diger-felsefe","6":"product_cat-felsefe","7":"pa_cilt-ciltsiz","8":"pa_tur-kitap","9":"pa_yayinevi-dogu-bati-yayinlari","10":"pa_yazar-mehmet-aydin","12":"first","13":"instock","14":"sale","15":"shipping-taxable","16":"purchasable","17":"product-type-simple"},"_links":{"self":[{"href":"https:\/\/roveyayinevi.com.tr\/index.php\/wp-json\/wp\/v2\/product\/706193","targetHints":{"allow":["GET"]}}],"collection":[{"href":"https:\/\/roveyayinevi.com.tr\/index.php\/wp-json\/wp\/v2\/product"}],"about":[{"href":"https:\/\/roveyayinevi.com.tr\/index.php\/wp-json\/wp\/v2\/types\/product"}],"wp:attachment":[{"href":"https:\/\/roveyayinevi.com.tr\/index.php\/wp-json\/wp\/v2\/media?parent=706193"}],"wp:term":[{"taxonomy":"product_brand","embeddable":true,"href":"https:\/\/roveyayinevi.com.tr\/index.php\/wp-json\/wp\/v2\/product_brand?post=706193"},{"taxonomy":"product_cat","embeddable":true,"href":"https:\/\/roveyayinevi.com.tr\/index.php\/wp-json\/wp\/v2\/product_cat?post=706193"},{"taxonomy":"product_tag","embeddable":true,"href":"https:\/\/roveyayinevi.com.tr\/index.php\/wp-json\/wp\/v2\/product_tag?post=706193"}],"curies":[{"name":"wp","href":"https:\/\/api.w.org\/{rel}","templated":true}]}}