{"id":706192,"date":"2025-08-27T15:53:22","date_gmt":"2025-08-27T12:53:22","guid":{"rendered":"https:\/\/roveyayinevi.com.tr\/index.php\/urun\/larousse-ansiklopedim-gorgu-kurallari\/"},"modified":"2026-04-16T02:14:54","modified_gmt":"2026-04-15T23:14:54","slug":"larousse-ansiklopedim-gorgu-kurallari","status":"publish","type":"product","link":"https:\/\/roveyayinevi.com.tr\/index.php\/urun\/larousse-ansiklopedim-gorgu-kurallari\/","title":{"rendered":"Larousse Ansiklopedim &#8211; G\u00f6rg\u00fc Kurallar\u0131"},"content":{"rendered":"<p>Larousse Ansiklopedim dizisinde yer alan kitaplar, \u00e7ocuklar\u0131m\u0131za konuyla ilgili genel bilgiler sunuyor ve merak ettikleri konular\u0131 basit, kolay anla\u015f\u0131l\u0131r, g\u00f6rsellerle zenginle\u015ftirilmi\u015f bir bi\u00e7imde aktar\u0131p genel k\u00fclt\u00fcrlerinin geni\u015flemesini sa\u011fl\u0131yor. <\/p>\n","protected":false},"excerpt":{"rendered":"<p>Larousse Ansiklopedim dizisinde yer alan kitaplar, \u00e7ocuklar\u0131m\u0131za konuyla ilgili genel bilgiler sunuyor ve merak ettikleri konular\u0131 basit, kolay anla\u015f\u0131l\u0131r, g\u00f6rsellerle zenginle\u015ftirilmi\u015f bir bi\u00e7imde aktar\u0131p genel k\u00fclt\u00fcrlerinin<span class=\"excerpt-hellip\"> [\u2026]<\/span><\/p>\n","protected":false},"featured_media":0,"template":"","meta":{"_monsterinsights_skip_tracking":false,"_monsterinsights_sitenote_active":false,"_monsterinsights_sitenote_note":"","_monsterinsights_sitenote_category":0},"product_brand":[],"product_cat":[12554,12274],"product_tag":[],"class_list":{"0":"post-706192","1":"product","2":"type-product","3":"status-publish","5":"product_cat-cikartmali-kitaplar","6":"product_cat-cocuk-ve-genclik-kitaplari","7":"pa_cilt-ciltsiz","8":"pa_tur-kitap","9":"pa_yayinevi-almidilli","10":"pa_yazar-valerie-guidoux","12":"first","13":"instock","14":"sale","15":"shipping-taxable","16":"purchasable","17":"product-type-simple"},"_links":{"self":[{"href":"https:\/\/roveyayinevi.com.tr\/index.php\/wp-json\/wp\/v2\/product\/706192","targetHints":{"allow":["GET"]}}],"collection":[{"href":"https:\/\/roveyayinevi.com.tr\/index.php\/wp-json\/wp\/v2\/product"}],"about":[{"href":"https:\/\/roveyayinevi.com.tr\/index.php\/wp-json\/wp\/v2\/types\/product"}],"wp:attachment":[{"href":"https:\/\/roveyayinevi.com.tr\/index.php\/wp-json\/wp\/v2\/media?parent=706192"}],"wp:term":[{"taxonomy":"product_brand","embeddable":true,"href":"https:\/\/roveyayinevi.com.tr\/index.php\/wp-json\/wp\/v2\/product_brand?post=706192"},{"taxonomy":"product_cat","embeddable":true,"href":"https:\/\/roveyayinevi.com.tr\/index.php\/wp-json\/wp\/v2\/product_cat?post=706192"},{"taxonomy":"product_tag","embeddable":true,"href":"https:\/\/roveyayinevi.com.tr\/index.php\/wp-json\/wp\/v2\/product_tag?post=706192"}],"curies":[{"name":"wp","href":"https:\/\/api.w.org\/{rel}","templated":true}]}}