{"id":706180,"date":"2025-08-27T15:53:16","date_gmt":"2025-08-27T12:53:16","guid":{"rendered":"https:\/\/roveyayinevi.com.tr\/index.php\/urun\/incinin-maceralari\/"},"modified":"2026-04-16T02:14:54","modified_gmt":"2026-04-15T23:14:54","slug":"incinin-maceralari","status":"publish","type":"product","link":"https:\/\/roveyayinevi.com.tr\/index.php\/urun\/incinin-maceralari\/","title":{"rendered":"\u0130nci&#8217;nin Maceralar\u0131"},"content":{"rendered":"<p>T\u00fcrk edebiyat\u0131n\u0131n en \u00f6zg\u00fcn ve ger\u00e7ek\u00e7i yazarlar\u0131ndan Orhan Kemal, yazd\u0131\u011f\u0131 roman, oyun ve \u00f6yk\u00fclerin hepsinde yoksul, hayatla m\u00fccadele etmek zorunda olan ama umudunu, ya\u015fama sevincini kaybetmeyen insanlardan s\u00f6z eder. \u0130nci\u2019nin Maceralar\u0131&#8217;ndaki yedi \u00f6yk\u00fc, yine ayn\u0131 d\u00fcnyan\u0131n \u00e7ocuklar\u0131n\u0131 anlat\u0131yor. D\u00f6nem etkilerinin \u00e7ocuk edebiyat\u0131na nas\u0131l yans\u0131d\u0131\u011f\u0131n\u0131 g\u00f6steren bu yap\u0131t, Orhan Kemal k\u00fclliyat\u0131n\u0131 eksik b\u0131rakmamak ad\u0131na \u00f6nemli bir ad\u0131m. <\/p>\n","protected":false},"excerpt":{"rendered":"<p>T\u00fcrk edebiyat\u0131n\u0131n en \u00f6zg\u00fcn ve ger\u00e7ek\u00e7i yazarlar\u0131ndan Orhan Kemal, yazd\u0131\u011f\u0131 roman, oyun ve \u00f6yk\u00fclerin hepsinde yoksul, hayatla m\u00fccadele etmek zorunda olan ama umudunu, ya\u015fama sevincini kaybetmeyen<span class=\"excerpt-hellip\"> [\u2026]<\/span><\/p>\n","protected":false},"featured_media":0,"template":"","meta":{"_monsterinsights_skip_tracking":false,"_monsterinsights_sitenote_active":false,"_monsterinsights_sitenote_note":"","_monsterinsights_sitenote_category":0},"product_brand":[],"product_cat":[12275,12274],"product_tag":[],"class_list":{"0":"post-706180","1":"product","2":"type-product","3":"status-publish","5":"product_cat-6-12-yas-kitaplari","6":"product_cat-cocuk-ve-genclik-kitaplari","7":"pa_cilt-ciltsiz","8":"pa_tur-kitap","9":"pa_yayinevi-everest-yayinlari","10":"pa_yazar-orhan-kemal","12":"first","13":"instock","14":"sale","15":"shipping-taxable","16":"purchasable","17":"product-type-simple"},"_links":{"self":[{"href":"https:\/\/roveyayinevi.com.tr\/index.php\/wp-json\/wp\/v2\/product\/706180","targetHints":{"allow":["GET"]}}],"collection":[{"href":"https:\/\/roveyayinevi.com.tr\/index.php\/wp-json\/wp\/v2\/product"}],"about":[{"href":"https:\/\/roveyayinevi.com.tr\/index.php\/wp-json\/wp\/v2\/types\/product"}],"wp:attachment":[{"href":"https:\/\/roveyayinevi.com.tr\/index.php\/wp-json\/wp\/v2\/media?parent=706180"}],"wp:term":[{"taxonomy":"product_brand","embeddable":true,"href":"https:\/\/roveyayinevi.com.tr\/index.php\/wp-json\/wp\/v2\/product_brand?post=706180"},{"taxonomy":"product_cat","embeddable":true,"href":"https:\/\/roveyayinevi.com.tr\/index.php\/wp-json\/wp\/v2\/product_cat?post=706180"},{"taxonomy":"product_tag","embeddable":true,"href":"https:\/\/roveyayinevi.com.tr\/index.php\/wp-json\/wp\/v2\/product_tag?post=706180"}],"curies":[{"name":"wp","href":"https:\/\/api.w.org\/{rel}","templated":true}]}}