{"id":706179,"date":"2025-08-27T15:53:16","date_gmt":"2025-08-27T12:53:16","guid":{"rendered":"https:\/\/roveyayinevi.com.tr\/index.php\/urun\/1-denemeden-nasil-bilinir-ki-gercek-ask\/"},"modified":"2026-04-16T02:14:54","modified_gmt":"2026-04-15T23:14:54","slug":"1-denemeden-nasil-bilinir-ki-gercek-ask","status":"publish","type":"product","link":"https:\/\/roveyayinevi.com.tr\/index.php\/urun\/1-denemeden-nasil-bilinir-ki-gercek-ask\/","title":{"rendered":"1 &#8211; Denemeden Nas\u0131l Bilinir ki Ger\u00e7ek A\u015fk"},"content":{"rendered":"<p>Bu kitap a\u015fka giden yolculuk,Tesad\u00fcflerin ve z\u0131tl\u0131klar\u0131n 1\u2019le\u015fti\u011fi nokta,1 ba\u015far\u0131 \u00f6yk\u00fcs\u00fc, \u0130nanc\u0131n doru\u011fu,Sava\u015f\u00e7\u0131n\u0131n zaferi,Maddenin ve manan\u0131n ahengi,\u015e\u00fckr\u00fcn ve huzurun durulu\u011fu,\u0130ll\u00fczyonun uyan\u0131\u015f\u0131,Zihnin dinginli\u011fi,Sava\u015f\u0131n sevgiye d\u00f6n\u00fc\u015f\u00fc,Karanl\u0131\u011f\u0131n ayd\u0131nl\u0131k y\u00f6n\u00fc,Bu kitap sen, ben ve 1\u2026 <\/p>\n","protected":false},"excerpt":{"rendered":"<p>Bu kitap a\u015fka giden yolculuk,Tesad\u00fcflerin ve z\u0131tl\u0131klar\u0131n 1\u2019le\u015fti\u011fi nokta,1 ba\u015far\u0131 \u00f6yk\u00fcs\u00fc, \u0130nanc\u0131n doru\u011fu,Sava\u015f\u00e7\u0131n\u0131n zaferi,Maddenin ve manan\u0131n ahengi,\u015e\u00fckr\u00fcn ve huzurun durulu\u011fu,\u0130ll\u00fczyonun uyan\u0131\u015f\u0131,Zihnin dinginli\u011fi,Sava\u015f\u0131n sevgiye d\u00f6n\u00fc\u015f\u00fc,Karanl\u0131\u011f\u0131n ayd\u0131nl\u0131k y\u00f6n\u00fc,Bu<span class=\"excerpt-hellip\"> [\u2026]<\/span><\/p>\n","protected":false},"featured_media":0,"template":"","meta":{"_monsterinsights_skip_tracking":false,"_monsterinsights_sitenote_active":false,"_monsterinsights_sitenote_note":"","_monsterinsights_sitenote_category":0},"product_brand":[],"product_cat":[12364,12376],"product_tag":[],"class_list":{"0":"post-706179","1":"product","2":"type-product","3":"status-publish","5":"product_cat-genel-konular","6":"product_cat-kisisel-gelisim","7":"pa_tur-kitap","8":"pa_yayinevi-profil-kitap","9":"pa_yazar-tuba-kaytas","11":"first","12":"instock","13":"sale","14":"shipping-taxable","15":"purchasable","16":"product-type-simple"},"_links":{"self":[{"href":"https:\/\/roveyayinevi.com.tr\/index.php\/wp-json\/wp\/v2\/product\/706179","targetHints":{"allow":["GET"]}}],"collection":[{"href":"https:\/\/roveyayinevi.com.tr\/index.php\/wp-json\/wp\/v2\/product"}],"about":[{"href":"https:\/\/roveyayinevi.com.tr\/index.php\/wp-json\/wp\/v2\/types\/product"}],"wp:attachment":[{"href":"https:\/\/roveyayinevi.com.tr\/index.php\/wp-json\/wp\/v2\/media?parent=706179"}],"wp:term":[{"taxonomy":"product_brand","embeddable":true,"href":"https:\/\/roveyayinevi.com.tr\/index.php\/wp-json\/wp\/v2\/product_brand?post=706179"},{"taxonomy":"product_cat","embeddable":true,"href":"https:\/\/roveyayinevi.com.tr\/index.php\/wp-json\/wp\/v2\/product_cat?post=706179"},{"taxonomy":"product_tag","embeddable":true,"href":"https:\/\/roveyayinevi.com.tr\/index.php\/wp-json\/wp\/v2\/product_tag?post=706179"}],"curies":[{"name":"wp","href":"https:\/\/api.w.org\/{rel}","templated":true}]}}