{"id":706164,"date":"2025-08-27T15:53:09","date_gmt":"2025-08-27T12:53:09","guid":{"rendered":"https:\/\/roveyayinevi.com.tr\/index.php\/urun\/nereden-nereye-buluslar\/"},"modified":"2026-04-13T02:19:02","modified_gmt":"2026-04-12T23:19:02","slug":"nereden-nereye-buluslar","status":"publish","type":"product","link":"https:\/\/roveyayinevi.com.tr\/index.php\/urun\/nereden-nereye-buluslar\/","title":{"rendered":"Nereden Nereye &#8211; Bulu\u015flar"},"content":{"rendered":"<p>Ekmek k\u0131zartma makineleri, tuvaletler, televizyonlar, arabalar, \u00e7e\u015fit \u00e7e\u015fit \u00e7ikolatalar, u\u00e7mak i\u00e7in yap\u0131lan aletler ve makineler, tabii kot pantolonlar&#8230; birilerinin bulmak i\u00e7in ger\u00e7ekten \u00e7ok \u00e7aba sarfetti\u011fi g\u00fcnl\u00fck hayat\u0131m\u0131zda \u00e7ok s\u0131k kulland\u0131\u011f\u0131m\u0131z b\u00fct\u00fcn bu \u015feyler ve \u00e7ok daha fazlas\u0131 bu kitapta&#8230; \ufffcTan\u0131t\u0131m Metni<\/p>\n","protected":false},"excerpt":{"rendered":"<p>Ekmek k\u0131zartma makineleri, tuvaletler, televizyonlar, arabalar, \u00e7e\u015fit \u00e7e\u015fit \u00e7ikolatalar, u\u00e7mak i\u00e7in yap\u0131lan aletler ve makineler, tabii kot pantolonlar&#8230; birilerinin bulmak i\u00e7in ger\u00e7ekten \u00e7ok \u00e7aba sarfetti\u011fi g\u00fcnl\u00fck<span class=\"excerpt-hellip\"> [\u2026]<\/span><\/p>\n","protected":false},"featured_media":0,"template":"","meta":{"_monsterinsights_skip_tracking":false,"_monsterinsights_sitenote_active":false,"_monsterinsights_sitenote_note":"","_monsterinsights_sitenote_category":0},"product_brand":[],"product_cat":[13005,13006],"product_tag":[],"class_list":{"0":"post-706164","1":"product","2":"type-product","3":"status-publish","5":"product_cat-bilim-muhendislik","6":"product_cat-populer-bilim","7":"pa_cilt-ciltsiz","8":"pa_tur-kitap","9":"pa_yayinevi-genc-timas","10":"pa_yazar-anna-claybourne","12":"first","13":"instock","14":"sale","15":"shipping-taxable","16":"purchasable","17":"product-type-simple"},"_links":{"self":[{"href":"https:\/\/roveyayinevi.com.tr\/index.php\/wp-json\/wp\/v2\/product\/706164","targetHints":{"allow":["GET"]}}],"collection":[{"href":"https:\/\/roveyayinevi.com.tr\/index.php\/wp-json\/wp\/v2\/product"}],"about":[{"href":"https:\/\/roveyayinevi.com.tr\/index.php\/wp-json\/wp\/v2\/types\/product"}],"wp:attachment":[{"href":"https:\/\/roveyayinevi.com.tr\/index.php\/wp-json\/wp\/v2\/media?parent=706164"}],"wp:term":[{"taxonomy":"product_brand","embeddable":true,"href":"https:\/\/roveyayinevi.com.tr\/index.php\/wp-json\/wp\/v2\/product_brand?post=706164"},{"taxonomy":"product_cat","embeddable":true,"href":"https:\/\/roveyayinevi.com.tr\/index.php\/wp-json\/wp\/v2\/product_cat?post=706164"},{"taxonomy":"product_tag","embeddable":true,"href":"https:\/\/roveyayinevi.com.tr\/index.php\/wp-json\/wp\/v2\/product_tag?post=706164"}],"curies":[{"name":"wp","href":"https:\/\/api.w.org\/{rel}","templated":true}]}}