{"id":706160,"date":"2025-08-27T15:53:07","date_gmt":"2025-08-27T12:53:07","guid":{"rendered":"https:\/\/roveyayinevi.com.tr\/index.php\/urun\/sosyal-hizmet-gorusme-teknikleri\/"},"modified":"2026-04-16T02:14:53","modified_gmt":"2026-04-15T23:14:53","slug":"sosyal-hizmet-gorusme-teknikleri","status":"publish","type":"product","link":"https:\/\/roveyayinevi.com.tr\/index.php\/urun\/sosyal-hizmet-gorusme-teknikleri\/","title":{"rendered":"Sosyal Hizmet G\u00f6r\u00fc\u015fme Teknikleri"},"content":{"rendered":"<p>B\u0130R\u00c7OK \u0130NSAN, pek \u00e7ok farkl\u0131 i\u015f alan\u0131nda g\u00f6r\u00fc\u015fmeler ger\u00e7ekle\u015ftirmektedir. Sosyal hizmet uzmanlar\u0131 bu gruplardan sadece bir tanesidir. Ancak, sosyal hizmet uzmanlar\u0131 i\u00e7in g\u00f6r\u00fc\u015fme en \u00f6nemli etkinliktir. Asl\u0131nda, yerine getirdikleri sorumluluklar\u0131n bir\u00e7o\u011fu g\u00f6r\u00fc\u015fmeye ba\u011fl\u0131d\u0131r. Sosyal hizmet g\u00f6r\u00fc\u015fmeleri, kendine \u00f6zg\u00fc baz\u0131 yollar ba\u011flam\u0131nda, di\u011fer meslek gruplar\u0131ndaki g\u00f6r\u00fc\u015fmelerden farkl\u0131l\u0131k g\u00f6stermektedir. Bu kitap sosyal hizmet uzmanlar\u0131 taraf\u0131ndan uyarlanan ve kurumsal ortamlarda kullan\u0131lan genel g\u00f6r\u00fc\u015fme sanat\u0131n\u0131 a\u00e7\u0131klamaktad\u0131r. Hem deneyimli hem de deneyimi olmayan, s\u00fcrekli bir \u015fekilde g\u00f6r\u00fc\u015fme sorunlar\u0131 ile m\u00fccadele eden, \u00f6zel y\u00f6nergeler ve cevaplar arayan uygulamac\u0131lar, g\u00f6r\u00fc\u015fmeyle ilgili bilgileri a\u00e7\u0131k bir \u015fekilde incelemenin yararlar\u0131n\u0131 g\u00f6rebilecekler. Bu kitab\u0131n ki\u015fileri bir \u00f6z-de\u011ferlendirmeye te\u015fvik etmesini umar\u0131z.Kitap, ortam ve ba\u011flam a\u00e7\u0131s\u0131ndan sosyal hizmeti temel alsa da, i\u00e7erik, genel olarak g\u00f6r\u00fc\u015fme hizmeti sunan di\u011fer mesleklere de uygundur. \u0130nsana y\u00f6nelik farkl\u0131 ortamlarda \u00e7al\u0131\u015fan mesleklerin uygulamac\u0131lar\u0131n\u0131n ve \u00f6\u011frencilerin, kitab\u0131n i\u00e7eri\u011fini, hem kendilerine yak\u0131n hem de yararl\u0131 bulacaklar\u0131n\u0131 d\u00fc\u015f\u00fcn\u00fcyoruz.Yazarlar: Alfred Kadushin, Goldie Kadushin <\/p>\n","protected":false},"excerpt":{"rendered":"<p>B\u0130R\u00c7OK \u0130NSAN, pek \u00e7ok farkl\u0131 i\u015f alan\u0131nda g\u00f6r\u00fc\u015fmeler ger\u00e7ekle\u015ftirmektedir. Sosyal hizmet uzmanlar\u0131 bu gruplardan sadece bir tanesidir. Ancak, sosyal hizmet uzmanlar\u0131 i\u00e7in g\u00f6r\u00fc\u015fme en \u00f6nemli etkinliktir.<span class=\"excerpt-hellip\"> [\u2026]<\/span><\/p>\n","protected":false},"featured_media":0,"template":"","meta":{"_monsterinsights_skip_tracking":false,"_monsterinsights_sitenote_active":false,"_monsterinsights_sitenote_note":"","_monsterinsights_sitenote_category":0},"product_brand":[],"product_cat":[14787,13488],"product_tag":[],"class_list":{"0":"post-706160","1":"product","2":"type-product","3":"status-publish","5":"product_cat-diger-toplum-ve-insan","6":"product_cat-toplum-ve-insan","7":"pa_cilt-ciltsiz","8":"pa_tur-kitap","9":"pa_yayinevi-nika-yayinevi","10":"pa_yazar-alfred-kadushin","11":"pa_yazar-goldie-kadushin","13":"first","14":"instock","15":"sale","16":"shipping-taxable","17":"purchasable","18":"product-type-simple"},"_links":{"self":[{"href":"https:\/\/roveyayinevi.com.tr\/index.php\/wp-json\/wp\/v2\/product\/706160","targetHints":{"allow":["GET"]}}],"collection":[{"href":"https:\/\/roveyayinevi.com.tr\/index.php\/wp-json\/wp\/v2\/product"}],"about":[{"href":"https:\/\/roveyayinevi.com.tr\/index.php\/wp-json\/wp\/v2\/types\/product"}],"wp:attachment":[{"href":"https:\/\/roveyayinevi.com.tr\/index.php\/wp-json\/wp\/v2\/media?parent=706160"}],"wp:term":[{"taxonomy":"product_brand","embeddable":true,"href":"https:\/\/roveyayinevi.com.tr\/index.php\/wp-json\/wp\/v2\/product_brand?post=706160"},{"taxonomy":"product_cat","embeddable":true,"href":"https:\/\/roveyayinevi.com.tr\/index.php\/wp-json\/wp\/v2\/product_cat?post=706160"},{"taxonomy":"product_tag","embeddable":true,"href":"https:\/\/roveyayinevi.com.tr\/index.php\/wp-json\/wp\/v2\/product_tag?post=706160"}],"curies":[{"name":"wp","href":"https:\/\/api.w.org\/{rel}","templated":true}]}}