{"id":706159,"date":"2025-08-27T15:53:07","date_gmt":"2025-08-27T12:53:07","guid":{"rendered":"https:\/\/roveyayinevi.com.tr\/index.php\/urun\/kardeslik-savascilari-4-socorro-koleleri\/"},"modified":"2026-04-16T02:14:53","modified_gmt":"2026-04-15T23:14:53","slug":"kardeslik-savascilari-4-socorro-koleleri","status":"publish","type":"product","link":"https:\/\/roveyayinevi.com.tr\/index.php\/urun\/kardeslik-savascilari-4-socorro-koleleri\/","title":{"rendered":"Karde\u015flik Sava\u015f\u00e7\u0131lar\u0131 4 &#8211; Socorro K\u00f6leleri"},"content":{"rendered":"<p>Bal\u0131k\u00e7\u0131llar, Araluen ile Skandiya aras\u0131ndaki dostluk anla\u015fmas\u0131 uyar\u0131nca bir sene boyunca Araluen\u2019de g\u00f6rev yapacaklard\u0131r. G\u00f6revleri, Kral Duncan ad\u0131na Dar Ge\u00e7it boyunca devriye gezmek ve b\u00f6lgedeki ka\u00e7ak\u00e7\u0131, korsan ve k\u00f6le tacirlerinin icab\u0131na bakmakt\u0131r. Araluen\u2019e gitmeleriyle bir k\u00f6y\u00fcn bas\u0131lmas\u0131 ve sakinlerinden baz\u0131lar\u0131n\u0131n ka\u00e7\u0131r\u0131lmas\u0131 bir olur. Araluenlileri ka\u00e7\u0131ran, lacivert bir Skandiya gemisidir. <\/p>\n","protected":false},"excerpt":{"rendered":"<p>Bal\u0131k\u00e7\u0131llar, Araluen ile Skandiya aras\u0131ndaki dostluk anla\u015fmas\u0131 uyar\u0131nca bir sene boyunca Araluen\u2019de g\u00f6rev yapacaklard\u0131r. G\u00f6revleri, Kral Duncan ad\u0131na Dar Ge\u00e7it boyunca devriye gezmek ve b\u00f6lgedeki ka\u00e7ak\u00e7\u0131,<span class=\"excerpt-hellip\"> [\u2026]<\/span><\/p>\n","protected":false},"featured_media":0,"template":"","meta":{"_monsterinsights_skip_tracking":false,"_monsterinsights_sitenote_active":false,"_monsterinsights_sitenote_note":"","_monsterinsights_sitenote_category":0},"product_brand":[],"product_cat":[12291,12711],"product_tag":[],"class_list":{"0":"post-706159","1":"product","2":"type-product","3":"status-publish","5":"product_cat-edebiyat","6":"product_cat-roman-oyku","7":"pa_tur-kitap","8":"pa_yayinevi-beyaz-balina-yayinlari","9":"pa_yazar-john-flanagan","11":"first","12":"instock","13":"sale","14":"shipping-taxable","15":"purchasable","16":"product-type-simple"},"_links":{"self":[{"href":"https:\/\/roveyayinevi.com.tr\/index.php\/wp-json\/wp\/v2\/product\/706159","targetHints":{"allow":["GET"]}}],"collection":[{"href":"https:\/\/roveyayinevi.com.tr\/index.php\/wp-json\/wp\/v2\/product"}],"about":[{"href":"https:\/\/roveyayinevi.com.tr\/index.php\/wp-json\/wp\/v2\/types\/product"}],"wp:attachment":[{"href":"https:\/\/roveyayinevi.com.tr\/index.php\/wp-json\/wp\/v2\/media?parent=706159"}],"wp:term":[{"taxonomy":"product_brand","embeddable":true,"href":"https:\/\/roveyayinevi.com.tr\/index.php\/wp-json\/wp\/v2\/product_brand?post=706159"},{"taxonomy":"product_cat","embeddable":true,"href":"https:\/\/roveyayinevi.com.tr\/index.php\/wp-json\/wp\/v2\/product_cat?post=706159"},{"taxonomy":"product_tag","embeddable":true,"href":"https:\/\/roveyayinevi.com.tr\/index.php\/wp-json\/wp\/v2\/product_tag?post=706159"}],"curies":[{"name":"wp","href":"https:\/\/api.w.org\/{rel}","templated":true}]}}