{"id":706158,"date":"2025-08-27T15:53:06","date_gmt":"2025-08-27T12:53:06","guid":{"rendered":"https:\/\/roveyayinevi.com.tr\/index.php\/urun\/kadinlar-2\/"},"modified":"2026-04-16T02:14:53","modified_gmt":"2026-04-15T23:14:53","slug":"kadinlar-2","status":"publish","type":"product","link":"https:\/\/roveyayinevi.com.tr\/index.php\/urun\/kadinlar-2\/","title":{"rendered":"Kad\u0131nlar"},"content":{"rendered":"<p>Farkl\u0131 co\u011frafyalardan, ahir zamanlardan, yak\u0131n ge\u00e7mi\u015ften, her ya\u015ftan, her s\u0131n\u0131ftan kad\u0131nlar\u2026 Kimi b\u00fcy\u00fck kimi k\u00fc\u00e7\u00fck eylemlerle, kimi konu\u015farak kimi yaln\u0131zca susarak, yaparak ya da yapmayarak  tarihin  ak\u0131\u015f\u0131n\u0131  de\u011fi\u015ftirmi\u015f  kad\u0131nlar\u2026  Engizisyona,  senatoya,  kiliseye, s\u00f6m\u00fcrgecilere, fa\u015fizme direnen kad\u0131nlar\u2026 Dans eden, seven, sevi\u015fen, a\u011flayan ve g\u00fclen kad\u0131nlar\u2026 Eduardo Galeano yine d\u00fcnyan\u0131n b\u00fct\u00fcn k\u00f6\u015felerini dola\u015farak, kad\u0131nlar \u015fahs\u0131nda bir insanl\u0131k tarihine davet ediyor okuru. Yaln\u0131zca tekerr\u00fcrden ibaret olmayan, \u00e7omak da sokulabilen bir insanl\u0131k tarihine\u2026 Her sat\u0131r\u0131yla etkileyen, \u00f6fkelendiren ve umut veren bir derleme. Galeano \u00f6l\u00fcm\u00fcnden sonra da \u201cd\u00fcnyan\u0131n vicdan\u0131\u201d olmaya devam ediyor. <\/p>\n","protected":false},"excerpt":{"rendered":"<p>Farkl\u0131 co\u011frafyalardan, ahir zamanlardan, yak\u0131n ge\u00e7mi\u015ften, her ya\u015ftan, her s\u0131n\u0131ftan kad\u0131nlar\u2026 Kimi b\u00fcy\u00fck kimi k\u00fc\u00e7\u00fck eylemlerle, kimi konu\u015farak kimi yaln\u0131zca susarak, yaparak ya da yapmayarak tarihin<span class=\"excerpt-hellip\"> [\u2026]<\/span><\/p>\n","protected":false},"featured_media":0,"template":"","meta":{"_monsterinsights_skip_tracking":false,"_monsterinsights_sitenote_active":false,"_monsterinsights_sitenote_note":"","_monsterinsights_sitenote_category":0},"product_brand":[],"product_cat":[12777,12291],"product_tag":[],"class_list":{"0":"post-706158","1":"product","2":"type-product","3":"status-publish","5":"product_cat-deneme","6":"product_cat-edebiyat","7":"pa_cilt-ciltsiz","8":"pa_tur-kitap","9":"pa_yayinevi-sel-yayincilik","10":"pa_yazar-eduardo-galeano","12":"first","13":"instock","14":"sale","15":"shipping-taxable","16":"purchasable","17":"product-type-simple"},"_links":{"self":[{"href":"https:\/\/roveyayinevi.com.tr\/index.php\/wp-json\/wp\/v2\/product\/706158","targetHints":{"allow":["GET"]}}],"collection":[{"href":"https:\/\/roveyayinevi.com.tr\/index.php\/wp-json\/wp\/v2\/product"}],"about":[{"href":"https:\/\/roveyayinevi.com.tr\/index.php\/wp-json\/wp\/v2\/types\/product"}],"wp:attachment":[{"href":"https:\/\/roveyayinevi.com.tr\/index.php\/wp-json\/wp\/v2\/media?parent=706158"}],"wp:term":[{"taxonomy":"product_brand","embeddable":true,"href":"https:\/\/roveyayinevi.com.tr\/index.php\/wp-json\/wp\/v2\/product_brand?post=706158"},{"taxonomy":"product_cat","embeddable":true,"href":"https:\/\/roveyayinevi.com.tr\/index.php\/wp-json\/wp\/v2\/product_cat?post=706158"},{"taxonomy":"product_tag","embeddable":true,"href":"https:\/\/roveyayinevi.com.tr\/index.php\/wp-json\/wp\/v2\/product_tag?post=706158"}],"curies":[{"name":"wp","href":"https:\/\/api.w.org\/{rel}","templated":true}]}}