{"id":706157,"date":"2025-08-27T15:53:06","date_gmt":"2025-08-27T12:53:06","guid":{"rendered":"https:\/\/roveyayinevi.com.tr\/index.php\/urun\/degerli-masallar-kucuk-deniz-kizi\/"},"modified":"2026-04-16T02:14:53","modified_gmt":"2026-04-15T23:14:53","slug":"degerli-masallar-kucuk-deniz-kizi","status":"publish","type":"product","link":"https:\/\/roveyayinevi.com.tr\/index.php\/urun\/degerli-masallar-kucuk-deniz-kizi\/","title":{"rendered":"De\u011ferli Masallar &#8211; K\u00fc\u00e7\u00fck Deniz K\u0131z\u0131"},"content":{"rendered":"<p>De\u011ferli Masallar Serisi, en sevilen masallar\u0131n b\u00fcy\u00fcs\u00fcn\u00fc, yeni ve \u00f6zg\u00fcn \u00e7izimlerle en k\u00fc\u00e7\u00fcklere aktar\u0131yor. <\/p>\n","protected":false},"excerpt":{"rendered":"<p>De\u011ferli Masallar Serisi, en sevilen masallar\u0131n b\u00fcy\u00fcs\u00fcn\u00fc, yeni ve \u00f6zg\u00fcn \u00e7izimlerle en k\u00fc\u00e7\u00fcklere aktar\u0131yor.<\/p>\n","protected":false},"featured_media":0,"template":"","meta":{"_monsterinsights_skip_tracking":false,"_monsterinsights_sitenote_active":false,"_monsterinsights_sitenote_note":"","_monsterinsights_sitenote_category":0},"product_brand":[],"product_cat":[12274,12523],"product_tag":[],"class_list":{"0":"post-706157","1":"product","2":"type-product","3":"status-publish","5":"product_cat-cocuk-ve-genclik-kitaplari","6":"product_cat-masallar","7":"pa_tur-kitap","8":"pa_yayinevi-1001-cicek-kitaplar","9":"pa_yazar-valentina-deiana","11":"first","12":"instock","13":"sale","14":"shipping-taxable","15":"purchasable","16":"product-type-simple"},"_links":{"self":[{"href":"https:\/\/roveyayinevi.com.tr\/index.php\/wp-json\/wp\/v2\/product\/706157","targetHints":{"allow":["GET"]}}],"collection":[{"href":"https:\/\/roveyayinevi.com.tr\/index.php\/wp-json\/wp\/v2\/product"}],"about":[{"href":"https:\/\/roveyayinevi.com.tr\/index.php\/wp-json\/wp\/v2\/types\/product"}],"wp:attachment":[{"href":"https:\/\/roveyayinevi.com.tr\/index.php\/wp-json\/wp\/v2\/media?parent=706157"}],"wp:term":[{"taxonomy":"product_brand","embeddable":true,"href":"https:\/\/roveyayinevi.com.tr\/index.php\/wp-json\/wp\/v2\/product_brand?post=706157"},{"taxonomy":"product_cat","embeddable":true,"href":"https:\/\/roveyayinevi.com.tr\/index.php\/wp-json\/wp\/v2\/product_cat?post=706157"},{"taxonomy":"product_tag","embeddable":true,"href":"https:\/\/roveyayinevi.com.tr\/index.php\/wp-json\/wp\/v2\/product_tag?post=706157"}],"curies":[{"name":"wp","href":"https:\/\/api.w.org\/{rel}","templated":true}]}}