{"id":706156,"date":"2025-08-27T15:53:06","date_gmt":"2025-08-27T12:53:06","guid":{"rendered":"https:\/\/roveyayinevi.com.tr\/index.php\/urun\/bil-bul-ol\/"},"modified":"2026-04-16T02:14:53","modified_gmt":"2026-04-15T23:14:53","slug":"bil-bul-ol","status":"publish","type":"product","link":"https:\/\/roveyayinevi.com.tr\/index.php\/urun\/bil-bul-ol\/","title":{"rendered":"Bil! Bul! Ol!"},"content":{"rendered":"<p>\u0130nsan i\u00e7in derler ki, \u201cgizli hazne\u201dyi bilmek, Rabb\u2019ini bulmak, h\u00e2s\u0131l\u0131 murad edildi\u011fi gibi kamil olmak maceras\u0131 i\u00e7in bu zemine indi. K\u0131ble\u2019sini Sevgili\u2019ye d\u00f6nd\u00fcrmek, vechinden gayr\u0131s\u0131n\u0131n yok olaca\u011f\u0131 Hak Teala\u2019ya kul olmak i\u00e7in&#8230; Zira r\u0131zas\u0131ndan ba\u015fka matlub, Kendisinden gayr\u0131 maksud yoktur.  Bilmeye talip olmak gerek, bulmay\u0131 dilemek, olmaya didinmek&#8230; \u0130nsan\u0131n pay\u0131na d\u00fc\u015fen bu. Bir \u015feyhin elinden tutup ummana dalmaya, vira bismillah&#8230; Ba\u015f\u0131 hay\u0131r olan\u0131n sonu da hay\u0131rd\u0131r. \u201cAllah Teala\u2019ya hamd u sena ve Resul-i Zi-\u015fan\u2019a salat u selamdan sonra bu kitab\u0131 elinde tutan ey dost, bilmi\u015f ol ki her M\u00fcsl\u00fcman\u2019\u0131n ve her Adem evlad\u0131n\u0131n bilmesi icap eden \u015feyleri ihtiva eden bu kelimeleri biz yazmad\u0131k. Ho\u015f, bu s\u00f6zler bu fakir, hakir, p\u00fcr-g\u00fcnah dudaklardan \u00e7\u0131kt\u0131 amma asl\u0131 Allahu Azimu\u2019\u015f-\u015fan\u2019\u0131n ayetlerinden, Resul-i Zi-\u015fan\u2019\u0131n hadis-i \u015feriflerinden, iman ve irfan k\u0131lavuzu evliyaullah ve me\u015fayih-i kiramdan topland\u0131; kendi inki\u015faf\u0131m\u0131z ve ihvan evlatlar\u0131m\u0131n ir\u015fad\u0131 niyetiyle&#8230; K\u0131rk k\u00fcsur sene evvel rahmetli \u015feyhim Muzaffer Ozak Efendi, bu fakire ir\u015fad m\u00fcsaadesi verdi\u011fi zaman \u015fu ihtarda bulunmu\u015ftu: \u2018Sak\u0131n kendinden laf s\u00f6yleme, sana ilham olunsa da, hakikatinden ve dinleyenlerin m\u00fcstefid olacaklar\u0131ndan emin olsan bile s\u00f6yleme. Kur\u2019an-\u0131 Kerim\u2019den, hadis-i \u015feriflerden, veliyaullah\u0131n s\u00f6zlerinden ve me\u015fayih-i kiramdan ve benden \u00f6\u011frendi\u011fin \u015feyleri tekrar et ki alemi do\u011fru yola iletece\u011fin yerde \u015fa\u015f\u0131rtma&#8230;\u2019 Biz cesaret edip bilenlerden anlad\u0131klar\u0131m\u0131z\u0131, do\u011frulu\u011funu tasdik edip hayat\u0131m\u0131zda tatbik etmeye \u00e7al\u0131\u015ft\u0131\u011f\u0131m\u0131z s\u00f6zleri nakletmeye gayret ettik. Tevfik ve inayet Allahu z\u00fc\u2019l-Celal ve\u2019l-Kemal Hazretleri\u2019nden ola!\u201d \u015eeyh Tosun Bayraktaro\u011flu el-Cerrahi el-Halveti <\/p>\n","protected":false},"excerpt":{"rendered":"<p>\u0130nsan i\u00e7in derler ki, \u201cgizli hazne\u201dyi bilmek, Rabb\u2019ini bulmak, h\u00e2s\u0131l\u0131 murad edildi\u011fi gibi kamil olmak maceras\u0131 i\u00e7in bu zemine indi. K\u0131ble\u2019sini Sevgili\u2019ye d\u00f6nd\u00fcrmek, vechinden gayr\u0131s\u0131n\u0131n yok<span class=\"excerpt-hellip\"> [\u2026]<\/span><\/p>\n","protected":false},"featured_media":0,"template":"","meta":{"_monsterinsights_skip_tracking":false,"_monsterinsights_sitenote_active":false,"_monsterinsights_sitenote_note":"","_monsterinsights_sitenote_category":0},"product_brand":[],"product_cat":[12718,12719,12720],"product_tag":[],"class_list":{"0":"post-706156","1":"product","2":"type-product","3":"status-publish","5":"product_cat-din","6":"product_cat-islam","7":"product_cat-tasavvuf-mezhepler-tarikatlar","8":"pa_cilt-ciltsiz","9":"pa_tur-kitap","10":"pa_yayinevi-sufi-kitap","11":"pa_yazar-tosun-bekir-bayraktaroglu","13":"first","14":"instock","15":"sale","16":"shipping-taxable","17":"purchasable","18":"product-type-simple"},"_links":{"self":[{"href":"https:\/\/roveyayinevi.com.tr\/index.php\/wp-json\/wp\/v2\/product\/706156","targetHints":{"allow":["GET"]}}],"collection":[{"href":"https:\/\/roveyayinevi.com.tr\/index.php\/wp-json\/wp\/v2\/product"}],"about":[{"href":"https:\/\/roveyayinevi.com.tr\/index.php\/wp-json\/wp\/v2\/types\/product"}],"wp:attachment":[{"href":"https:\/\/roveyayinevi.com.tr\/index.php\/wp-json\/wp\/v2\/media?parent=706156"}],"wp:term":[{"taxonomy":"product_brand","embeddable":true,"href":"https:\/\/roveyayinevi.com.tr\/index.php\/wp-json\/wp\/v2\/product_brand?post=706156"},{"taxonomy":"product_cat","embeddable":true,"href":"https:\/\/roveyayinevi.com.tr\/index.php\/wp-json\/wp\/v2\/product_cat?post=706156"},{"taxonomy":"product_tag","embeddable":true,"href":"https:\/\/roveyayinevi.com.tr\/index.php\/wp-json\/wp\/v2\/product_tag?post=706156"}],"curies":[{"name":"wp","href":"https:\/\/api.w.org\/{rel}","templated":true}]}}