{"id":706153,"date":"2025-08-27T15:53:04","date_gmt":"2025-08-27T12:53:04","guid":{"rendered":"https:\/\/roveyayinevi.com.tr\/index.php\/urun\/degerli-seyler-blackstone-serisi-4\/"},"modified":"2026-04-08T02:19:52","modified_gmt":"2026-04-07T23:19:52","slug":"degerli-seyler-blackstone-serisi-4","status":"publish","type":"product","link":"https:\/\/roveyayinevi.com.tr\/index.php\/urun\/degerli-seyler-blackstone-serisi-4\/","title":{"rendered":"De\u011ferli \u015eeyler: Blackstone serisi 4"},"content":{"rendered":"<p>Birbirini tamamlayan bir \u00e7ift. Sahip olduklar\u0131 sevginin ne kadar de\u011ferli oldu\u011funu anlayan bir kar\u0131-koca. Huzura varmak i\u00e7in en karanl\u0131k korkularla y\u00fczle\u015fmeye haz\u0131r iki a\u015f\u0131k.\u201cSana havaya ihtiya\u00e7 duyar gibi ihtiya\u00e7 duyuyorum. Sen benim havams\u0131n, Brynne.\u201dNew York Times Bestseller Blackstone serisinin d\u00f6rd\u00fcnc\u00fc kitab\u0131nda Ethan ve Brynne, zor elde ettikleri a\u015fklar\u0131 i\u00e7in sava\u015fmak ve mutluluklar\u0131n\u0131 korumak \u00fczere geri d\u00f6n\u00fcyor\u2026\u0130talyan sahilindeki r\u00fcya gibi balay\u0131lar\u0131ndan d\u00f6nen Blackstone ailesi, de\u011ferli bebeklerinin do\u011fumu ve yeni bir ev kurmak i\u00e7in haz\u0131rl\u0131klara ba\u015flam\u0131\u015ft\u0131. Ancak ge\u00e7mi\u015ften gelen bir hayalet ili\u015fkilerinin temelini sarsacak, b\u00f6ylece her \u015fey birbirine girecekti. Ethan ve Brynne birbirleri i\u00e7in her zamankinden daha fazla sava\u015fmak zorundayd\u0131.\u201cM\u00fckemmel seriye hem tutkulu hem de duygusal olarak olduk\u00e7a g\u00fc\u00e7l\u00fc bir son\u2026\u201d- Vilma\u2019s Book Blog\u201cYaz\u0131m tarz\u0131n\u0131n e\u015fsiz, i\u00e7indeki a\u015fk\u0131n unutulmaz oldu\u011fu Blackstone serisin bu son kitab\u0131n\u0131 \u00e7ok sevdim\u2026\u201d- Booklovers for Life. \ufffcTan\u0131t\u0131m Metni<\/p>\n","protected":false},"excerpt":{"rendered":"<p>Birbirini tamamlayan bir \u00e7ift. Sahip olduklar\u0131 sevginin ne kadar de\u011ferli oldu\u011funu anlayan bir kar\u0131-koca. Huzura varmak i\u00e7in en karanl\u0131k korkularla y\u00fczle\u015fmeye haz\u0131r iki a\u015f\u0131k.\u201cSana havaya ihtiya\u00e7<span class=\"excerpt-hellip\"> [\u2026]<\/span><\/p>\n","protected":false},"featured_media":0,"template":"","meta":{"_monsterinsights_skip_tracking":false,"_monsterinsights_sitenote_active":false,"_monsterinsights_sitenote_note":"","_monsterinsights_sitenote_category":0},"product_brand":[],"product_cat":[12291,12711],"product_tag":[],"class_list":{"0":"post-706153","1":"product","2":"type-product","3":"status-publish","5":"product_cat-edebiyat","6":"product_cat-roman-oyku","7":"pa_cilt-ciltsiz","8":"pa_tur-kitap","9":"pa_yayinevi-yabanci-yayinevi","10":"pa_yazar-raine-miller","12":"first","13":"instock","14":"sale","15":"shipping-taxable","16":"purchasable","17":"product-type-simple"},"_links":{"self":[{"href":"https:\/\/roveyayinevi.com.tr\/index.php\/wp-json\/wp\/v2\/product\/706153","targetHints":{"allow":["GET"]}}],"collection":[{"href":"https:\/\/roveyayinevi.com.tr\/index.php\/wp-json\/wp\/v2\/product"}],"about":[{"href":"https:\/\/roveyayinevi.com.tr\/index.php\/wp-json\/wp\/v2\/types\/product"}],"wp:attachment":[{"href":"https:\/\/roveyayinevi.com.tr\/index.php\/wp-json\/wp\/v2\/media?parent=706153"}],"wp:term":[{"taxonomy":"product_brand","embeddable":true,"href":"https:\/\/roveyayinevi.com.tr\/index.php\/wp-json\/wp\/v2\/product_brand?post=706153"},{"taxonomy":"product_cat","embeddable":true,"href":"https:\/\/roveyayinevi.com.tr\/index.php\/wp-json\/wp\/v2\/product_cat?post=706153"},{"taxonomy":"product_tag","embeddable":true,"href":"https:\/\/roveyayinevi.com.tr\/index.php\/wp-json\/wp\/v2\/product_tag?post=706153"}],"curies":[{"name":"wp","href":"https:\/\/api.w.org\/{rel}","templated":true}]}}